{"id":9913,"date":"2021-04-21T16:28:13","date_gmt":"2021-04-21T14:28:13","guid":{"rendered":"https:\/\/www.brrs-rechtsanwaelte.de\/?page_id=9913"},"modified":"2025-12-15T10:17:56","modified_gmt":"2025-12-15T09:17:56","slug":"das-handelsblatt-qualitaetssiegel","status":"publish","type":"page","link":"https:\/\/www.brrs-rechtsanwaelte.de\/de\/das-handelsblatt-qualitaetssiegel\/","title":{"rendered":"Das Handelsblatt-Qualit\u00e4tssiegel"},"content":{"rendered":"<section class=\"l-section wpb_row height_medium\"><div class=\"l-section-overlay\" style=\"background:#f5f5f5\"><\/div><div class=\"l-section-h i-cf\"><div class=\"g-cols vc_row via_flex valign_top type_default stacking_default\"><div class=\"vc_col-sm-2 wpb_column vc_column_container\"><div class=\"vc_column-inner\"><div class=\"wpb_wrapper\"><\/div><\/div><\/div><div class=\"vc_col-sm-8 wpb_column vc_column_container\"><div class=\"vc_column-inner\"><div class=\"wpb_wrapper\"><div class=\"wpb_text_column\"><div class=\"wpb_wrapper\"><h1>Ausgezeichnete Restrukturierung<\/h1>\n<\/div><\/div><div class=\"wpb_text_column\"><div class=\"wpb_wrapper\"><p><span>BRRS Rechtsanw\u00e4lte wurden im Bereich Restrukturierung und Insolvenz mit dem Handelsblatt Siegel \u201eBeste Kanzleien 2025\u201c ausgezeichnet. Die Nennung basiert auf einer Bewertung durch den Kooperationspartner BEST LAWYERS und wurde am 25.09.2025 im Handelsblatt ver\u00f6ffentlicht.<\/span><\/p>\n<p>Seit 2021 wird <a href=\"https:\/\/www.brrs-rechtsanwaelte.de\/de\/team\/joachim-buettner\/\">Insolvenzverwalter Joachim B\u00fcttner<\/a> dar\u00fcber hinaus j\u00e4hrlich im Rahmen des Rankings mit dem Siegel \u201eDeutschlands beste Anw\u00e4lte\u201c vom Handelsblatt zusammen mit BEST LAWYERS in der Kategorie \u201eRestrukturierung und Insolvenzrecht\u201c ausgezeichnet.<span><\/span><\/p>\n<\/div><\/div><\/div><\/div><\/div><div class=\"vc_col-sm-2 wpb_column vc_column_container\"><div class=\"vc_column-inner\"><div class=\"wpb_wrapper\"><\/div><\/div><\/div><\/div><\/div><\/section><section class=\"l-section wpb_row height_medium\"><div class=\"l-section-overlay\" style=\"background:#f5f5f5\"><\/div><div class=\"l-section-h i-cf\"><div class=\"g-cols vc_row via_flex valign_top type_default stacking_default\"><div class=\"vc_col-sm-4 wpb_column vc_column_container\"><div class=\"vc_column-inner\"><div class=\"wpb_wrapper\"><div class=\"w-image align_none\"><div class=\"w-image-h\"><img decoding=\"async\" width=\"425\" height=\"733\" src=\"https:\/\/www.brrs-rechtsanwaelte.de\/wp-content\/uploads\/2025\/12\/HB_Dtld_Beste_Kanzleien2025_BRRS_Rechtsanwaelte.jpg\" class=\"attachment-large size-large\" alt=\"\" loading=\"lazy\" srcset=\"https:\/\/www.brrs-rechtsanwaelte.de\/wp-content\/uploads\/2025\/12\/HB_Dtld_Beste_Kanzleien2025_BRRS_Rechtsanwaelte.jpg 425w, https:\/\/www.brrs-rechtsanwaelte.de\/wp-content\/uploads\/2025\/12\/HB_Dtld_Beste_Kanzleien2025_BRRS_Rechtsanwaelte-174x300.jpg 174w, https:\/\/www.brrs-rechtsanwaelte.de\/wp-content\/uploads\/2025\/12\/HB_Dtld_Beste_Kanzleien2025_BRRS_Rechtsanwaelte-29x50.jpg 29w, https:\/\/www.brrs-rechtsanwaelte.de\/wp-content\/uploads\/2025\/12\/HB_Dtld_Beste_Kanzleien2025_BRRS_Rechtsanwaelte-58x100.jpg 58w, https:\/\/www.brrs-rechtsanwaelte.de\/wp-content\/uploads\/2025\/12\/HB_Dtld_Beste_Kanzleien2025_BRRS_Rechtsanwaelte-116x200.jpg 116w, https:\/\/www.brrs-rechtsanwaelte.de\/wp-content\/uploads\/2025\/12\/HB_Dtld_Beste_Kanzleien2025_BRRS_Rechtsanwaelte-87x150.jpg 87w, https:\/\/www.brrs-rechtsanwaelte.de\/wp-content\/uploads\/2025\/12\/HB_Dtld_Beste_Kanzleien2025_BRRS_Rechtsanwaelte-232x400.jpg 232w\" sizes=\"auto, (max-width: 425px) 100vw, 425px\" \/><\/div><\/div><\/div><\/div><\/div><div class=\"vc_col-sm-4 wpb_column vc_column_container\"><div class=\"vc_column-inner\"><div class=\"wpb_wrapper\"><div class=\"w-image align_none\"><div class=\"w-image-h\"><img decoding=\"async\" width=\"425\" height=\"742\" src=\"https:\/\/www.brrs-rechtsanwaelte.de\/wp-content\/uploads\/2025\/08\/HB_Dtld_Beste_Anwaelte2025_Joachim_Buettner.jpg\" class=\"attachment-large size-large\" alt=\"\" loading=\"lazy\" srcset=\"https:\/\/www.brrs-rechtsanwaelte.de\/wp-content\/uploads\/2025\/08\/HB_Dtld_Beste_Anwaelte2025_Joachim_Buettner.jpg 425w, https:\/\/www.brrs-rechtsanwaelte.de\/wp-content\/uploads\/2025\/08\/HB_Dtld_Beste_Anwaelte2025_Joachim_Buettner-172x300.jpg 172w, https:\/\/www.brrs-rechtsanwaelte.de\/wp-content\/uploads\/2025\/08\/HB_Dtld_Beste_Anwaelte2025_Joachim_Buettner-29x50.jpg 29w, https:\/\/www.brrs-rechtsanwaelte.de\/wp-content\/uploads\/2025\/08\/HB_Dtld_Beste_Anwaelte2025_Joachim_Buettner-57x100.jpg 57w, https:\/\/www.brrs-rechtsanwaelte.de\/wp-content\/uploads\/2025\/08\/HB_Dtld_Beste_Anwaelte2025_Joachim_Buettner-115x200.jpg 115w, https:\/\/www.brrs-rechtsanwaelte.de\/wp-content\/uploads\/2025\/08\/HB_Dtld_Beste_Anwaelte2025_Joachim_Buettner-86x150.jpg 86w, https:\/\/www.brrs-rechtsanwaelte.de\/wp-content\/uploads\/2025\/08\/HB_Dtld_Beste_Anwaelte2025_Joachim_Buettner-229x400.jpg 229w\" sizes=\"auto, (max-width: 425px) 100vw, 425px\" \/><\/div><\/div><\/div><\/div><\/div><div class=\"vc_col-sm-4 wpb_column vc_column_container\"><div class=\"vc_column-inner\"><div class=\"wpb_wrapper\"><div class=\"w-image align_none\"><div class=\"w-image-h\"><img decoding=\"async\" width=\"425\" height=\"732\" src=\"https:\/\/www.brrs-rechtsanwaelte.de\/wp-content\/uploads\/2025\/03\/HB_Dtld_Beste_Kanzleien2024_BRRS_Rechtsanwaelte.jpg\" class=\"attachment-large size-large\" alt=\"\" loading=\"lazy\" srcset=\"https:\/\/www.brrs-rechtsanwaelte.de\/wp-content\/uploads\/2025\/03\/HB_Dtld_Beste_Kanzleien2024_BRRS_Rechtsanwaelte.jpg 425w, https:\/\/www.brrs-rechtsanwaelte.de\/wp-content\/uploads\/2025\/03\/HB_Dtld_Beste_Kanzleien2024_BRRS_Rechtsanwaelte-174x300.jpg 174w, https:\/\/www.brrs-rechtsanwaelte.de\/wp-content\/uploads\/2025\/03\/HB_Dtld_Beste_Kanzleien2024_BRRS_Rechtsanwaelte-29x50.jpg 29w, https:\/\/www.brrs-rechtsanwaelte.de\/wp-content\/uploads\/2025\/03\/HB_Dtld_Beste_Kanzleien2024_BRRS_Rechtsanwaelte-58x100.jpg 58w, https:\/\/www.brrs-rechtsanwaelte.de\/wp-content\/uploads\/2025\/03\/HB_Dtld_Beste_Kanzleien2024_BRRS_Rechtsanwaelte-116x200.jpg 116w, https:\/\/www.brrs-rechtsanwaelte.de\/wp-content\/uploads\/2025\/03\/HB_Dtld_Beste_Kanzleien2024_BRRS_Rechtsanwaelte-87x150.jpg 87w, https:\/\/www.brrs-rechtsanwaelte.de\/wp-content\/uploads\/2025\/03\/HB_Dtld_Beste_Kanzleien2024_BRRS_Rechtsanwaelte-232x400.jpg 232w\" sizes=\"auto, (max-width: 425px) 100vw, 425px\" \/><\/div><\/div><\/div><\/div><\/div><\/div><\/div><\/section><section class=\"l-section wpb_row height_medium\"><div class=\"l-section-overlay\" style=\"background:#f5f5f5\"><\/div><div class=\"l-section-h i-cf\"><div class=\"g-cols vc_row via_flex valign_top type_default stacking_default\"><div class=\"vc_col-sm-4 wpb_column vc_column_container\"><div class=\"vc_column-inner\"><div class=\"wpb_wrapper\"><div class=\"w-image align_none\"><div class=\"w-image-h\"><img decoding=\"async\" width=\"435\" height=\"752\" src=\"https:\/\/www.brrs-rechtsanwaelte.de\/wp-content\/uploads\/2024\/12\/HB_Dtld_Beste_Anwaelte2024_Joachim_Buettner.png\" class=\"attachment-large size-large\" alt=\"\" loading=\"lazy\" srcset=\"https:\/\/www.brrs-rechtsanwaelte.de\/wp-content\/uploads\/2024\/12\/HB_Dtld_Beste_Anwaelte2024_Joachim_Buettner.png 435w, https:\/\/www.brrs-rechtsanwaelte.de\/wp-content\/uploads\/2024\/12\/HB_Dtld_Beste_Anwaelte2024_Joachim_Buettner-174x300.png 174w, https:\/\/www.brrs-rechtsanwaelte.de\/wp-content\/uploads\/2024\/12\/HB_Dtld_Beste_Anwaelte2024_Joachim_Buettner-29x50.png 29w, https:\/\/www.brrs-rechtsanwaelte.de\/wp-content\/uploads\/2024\/12\/HB_Dtld_Beste_Anwaelte2024_Joachim_Buettner-58x100.png 58w, https:\/\/www.brrs-rechtsanwaelte.de\/wp-content\/uploads\/2024\/12\/HB_Dtld_Beste_Anwaelte2024_Joachim_Buettner-116x200.png 116w, https:\/\/www.brrs-rechtsanwaelte.de\/wp-content\/uploads\/2024\/12\/HB_Dtld_Beste_Anwaelte2024_Joachim_Buettner-87x150.png 87w, https:\/\/www.brrs-rechtsanwaelte.de\/wp-content\/uploads\/2024\/12\/HB_Dtld_Beste_Anwaelte2024_Joachim_Buettner-231x400.png 231w\" sizes=\"auto, (max-width: 435px) 100vw, 435px\" \/><\/div><\/div><\/div><\/div><\/div><div class=\"vc_col-sm-4 wpb_column vc_column_container\"><div class=\"vc_column-inner\"><div class=\"wpb_wrapper\"><div class=\"w-image align_none\"><div class=\"w-image-h\"><img decoding=\"async\" width=\"435\" height=\"782\" src=\"https:\/\/www.brrs-rechtsanwaelte.de\/wp-content\/uploads\/2023\/07\/HB_Dtld_Beste_Anwaelte2023_Joachim_Buettner.png\" class=\"attachment-large size-large\" alt=\"\" loading=\"lazy\" srcset=\"https:\/\/www.brrs-rechtsanwaelte.de\/wp-content\/uploads\/2023\/07\/HB_Dtld_Beste_Anwaelte2023_Joachim_Buettner.png 435w, https:\/\/www.brrs-rechtsanwaelte.de\/wp-content\/uploads\/2023\/07\/HB_Dtld_Beste_Anwaelte2023_Joachim_Buettner-167x300.png 167w, https:\/\/www.brrs-rechtsanwaelte.de\/wp-content\/uploads\/2023\/07\/HB_Dtld_Beste_Anwaelte2023_Joachim_Buettner-28x50.png 28w, https:\/\/www.brrs-rechtsanwaelte.de\/wp-content\/uploads\/2023\/07\/HB_Dtld_Beste_Anwaelte2023_Joachim_Buettner-56x100.png 56w, https:\/\/www.brrs-rechtsanwaelte.de\/wp-content\/uploads\/2023\/07\/HB_Dtld_Beste_Anwaelte2023_Joachim_Buettner-111x200.png 111w, https:\/\/www.brrs-rechtsanwaelte.de\/wp-content\/uploads\/2023\/07\/HB_Dtld_Beste_Anwaelte2023_Joachim_Buettner-83x150.png 83w, https:\/\/www.brrs-rechtsanwaelte.de\/wp-content\/uploads\/2023\/07\/HB_Dtld_Beste_Anwaelte2023_Joachim_Buettner-223x400.png 223w\" sizes=\"auto, (max-width: 435px) 100vw, 435px\" \/><\/div><\/div><\/div><\/div><\/div><div class=\"vc_col-sm-4 wpb_column vc_column_container\"><div class=\"vc_column-inner\"><div class=\"wpb_wrapper\"><div class=\"w-image align_none\"><div class=\"w-image-h\"><img decoding=\"async\" width=\"435\" height=\"782\" src=\"https:\/\/www.brrs-rechtsanwaelte.de\/wp-content\/uploads\/2022\/07\/HB_Dtld_Beste_Anwaelte2022_Joachim_Buettner.png\" class=\"attachment-large size-large\" alt=\"\" loading=\"lazy\" srcset=\"https:\/\/www.brrs-rechtsanwaelte.de\/wp-content\/uploads\/2022\/07\/HB_Dtld_Beste_Anwaelte2022_Joachim_Buettner.png 435w, https:\/\/www.brrs-rechtsanwaelte.de\/wp-content\/uploads\/2022\/07\/HB_Dtld_Beste_Anwaelte2022_Joachim_Buettner-167x300.png 167w, https:\/\/www.brrs-rechtsanwaelte.de\/wp-content\/uploads\/2022\/07\/HB_Dtld_Beste_Anwaelte2022_Joachim_Buettner-28x50.png 28w, https:\/\/www.brrs-rechtsanwaelte.de\/wp-content\/uploads\/2022\/07\/HB_Dtld_Beste_Anwaelte2022_Joachim_Buettner-56x100.png 56w, https:\/\/www.brrs-rechtsanwaelte.de\/wp-content\/uploads\/2022\/07\/HB_Dtld_Beste_Anwaelte2022_Joachim_Buettner-111x200.png 111w, https:\/\/www.brrs-rechtsanwaelte.de\/wp-content\/uploads\/2022\/07\/HB_Dtld_Beste_Anwaelte2022_Joachim_Buettner-83x150.png 83w, https:\/\/www.brrs-rechtsanwaelte.de\/wp-content\/uploads\/2022\/07\/HB_Dtld_Beste_Anwaelte2022_Joachim_Buettner-223x400.png 223w\" sizes=\"auto, (max-width: 435px) 100vw, 435px\" \/><\/div><\/div><\/div><\/div><\/div><\/div><\/div><\/section><section class=\"l-section wpb_row height_medium\"><div class=\"l-section-overlay\" style=\"background:#f5f5f5\"><\/div><div class=\"l-section-h i-cf\"><div class=\"g-cols vc_row via_flex valign_top type_default stacking_default\"><div class=\"vc_col-sm-4 wpb_column vc_column_container\"><div class=\"vc_column-inner\"><div class=\"wpb_wrapper\"><div class=\"w-image align_none\"><div class=\"w-image-h\"><img decoding=\"async\" width=\"425\" height=\"772\" src=\"https:\/\/www.brrs-rechtsanwaelte.de\/wp-content\/uploads\/2021\/07\/HB_Dtld_Beste_Anwaelte2021_Joachim_Buettner_BRRS_Rechtsanwaelte.jpg\" class=\"attachment-large size-large\" alt=\"BRRS Rechtsanw\u00e4lte Auszeichnung &quot;Deutschlands Beste Anw\u00e4lte&quot; Handelsblatt 2021\" loading=\"lazy\" srcset=\"https:\/\/www.brrs-rechtsanwaelte.de\/wp-content\/uploads\/2021\/07\/HB_Dtld_Beste_Anwaelte2021_Joachim_Buettner_BRRS_Rechtsanwaelte.jpg 425w, https:\/\/www.brrs-rechtsanwaelte.de\/wp-content\/uploads\/2021\/07\/HB_Dtld_Beste_Anwaelte2021_Joachim_Buettner_BRRS_Rechtsanwaelte-165x300.jpg 165w, https:\/\/www.brrs-rechtsanwaelte.de\/wp-content\/uploads\/2021\/07\/HB_Dtld_Beste_Anwaelte2021_Joachim_Buettner_BRRS_Rechtsanwaelte-28x50.jpg 28w, https:\/\/www.brrs-rechtsanwaelte.de\/wp-content\/uploads\/2021\/07\/HB_Dtld_Beste_Anwaelte2021_Joachim_Buettner_BRRS_Rechtsanwaelte-55x100.jpg 55w, https:\/\/www.brrs-rechtsanwaelte.de\/wp-content\/uploads\/2021\/07\/HB_Dtld_Beste_Anwaelte2021_Joachim_Buettner_BRRS_Rechtsanwaelte-110x200.jpg 110w, https:\/\/www.brrs-rechtsanwaelte.de\/wp-content\/uploads\/2021\/07\/HB_Dtld_Beste_Anwaelte2021_Joachim_Buettner_BRRS_Rechtsanwaelte-83x150.jpg 83w, https:\/\/www.brrs-rechtsanwaelte.de\/wp-content\/uploads\/2021\/07\/HB_Dtld_Beste_Anwaelte2021_Joachim_Buettner_BRRS_Rechtsanwaelte-220x400.jpg 220w\" sizes=\"auto, (max-width: 425px) 100vw, 425px\" \/><\/div><\/div><\/div><\/div><\/div><div class=\"vc_col-sm-4 wpb_column vc_column_container\"><div class=\"vc_column-inner\"><div class=\"wpb_wrapper\"><div class=\"w-image align_none\"><div class=\"w-image-h\"><img decoding=\"async\" width=\"435\" height=\"782\" src=\"https:\/\/www.brrs-rechtsanwaelte.de\/wp-content\/uploads\/2021\/04\/HB_Dtld_Beste_Anwaelte2020_Joachim_Buettner.png\" class=\"attachment-large size-large\" alt=\"\" loading=\"lazy\" srcset=\"https:\/\/www.brrs-rechtsanwaelte.de\/wp-content\/uploads\/2021\/04\/HB_Dtld_Beste_Anwaelte2020_Joachim_Buettner.png 435w, https:\/\/www.brrs-rechtsanwaelte.de\/wp-content\/uploads\/2021\/04\/HB_Dtld_Beste_Anwaelte2020_Joachim_Buettner-167x300.png 167w, https:\/\/www.brrs-rechtsanwaelte.de\/wp-content\/uploads\/2021\/04\/HB_Dtld_Beste_Anwaelte2020_Joachim_Buettner-28x50.png 28w, https:\/\/www.brrs-rechtsanwaelte.de\/wp-content\/uploads\/2021\/04\/HB_Dtld_Beste_Anwaelte2020_Joachim_Buettner-56x100.png 56w, https:\/\/www.brrs-rechtsanwaelte.de\/wp-content\/uploads\/2021\/04\/HB_Dtld_Beste_Anwaelte2020_Joachim_Buettner-111x200.png 111w, https:\/\/www.brrs-rechtsanwaelte.de\/wp-content\/uploads\/2021\/04\/HB_Dtld_Beste_Anwaelte2020_Joachim_Buettner-83x150.png 83w, https:\/\/www.brrs-rechtsanwaelte.de\/wp-content\/uploads\/2021\/04\/HB_Dtld_Beste_Anwaelte2020_Joachim_Buettner-223x400.png 223w\" sizes=\"auto, (max-width: 435px) 100vw, 435px\" \/><\/div><\/div><\/div><\/div><\/div><div class=\"vc_col-sm-4 wpb_column vc_column_container\"><div class=\"vc_column-inner\"><div class=\"wpb_wrapper\"><div class=\"w-image align_none\"><div class=\"w-image-h\"><img decoding=\"async\" width=\"425\" height=\"772\" src=\"https:\/\/www.brrs-rechtsanwaelte.de\/wp-content\/uploads\/2020\/08\/HB_Dtld_Beste_Anwaelte2020_BRRS-Rechtsanwaelte.jpg\" class=\"attachment-large size-large\" alt=\"\" loading=\"lazy\" srcset=\"https:\/\/www.brrs-rechtsanwaelte.de\/wp-content\/uploads\/2020\/08\/HB_Dtld_Beste_Anwaelte2020_BRRS-Rechtsanwaelte.jpg 425w, https:\/\/www.brrs-rechtsanwaelte.de\/wp-content\/uploads\/2020\/08\/HB_Dtld_Beste_Anwaelte2020_BRRS-Rechtsanwaelte-165x300.jpg 165w, https:\/\/www.brrs-rechtsanwaelte.de\/wp-content\/uploads\/2020\/08\/HB_Dtld_Beste_Anwaelte2020_BRRS-Rechtsanwaelte-28x50.jpg 28w, https:\/\/www.brrs-rechtsanwaelte.de\/wp-content\/uploads\/2020\/08\/HB_Dtld_Beste_Anwaelte2020_BRRS-Rechtsanwaelte-55x100.jpg 55w, https:\/\/www.brrs-rechtsanwaelte.de\/wp-content\/uploads\/2020\/08\/HB_Dtld_Beste_Anwaelte2020_BRRS-Rechtsanwaelte-110x200.jpg 110w, https:\/\/www.brrs-rechtsanwaelte.de\/wp-content\/uploads\/2020\/08\/HB_Dtld_Beste_Anwaelte2020_BRRS-Rechtsanwaelte-83x150.jpg 83w, https:\/\/www.brrs-rechtsanwaelte.de\/wp-content\/uploads\/2020\/08\/HB_Dtld_Beste_Anwaelte2020_BRRS-Rechtsanwaelte-220x400.jpg 220w\" sizes=\"auto, (max-width: 425px) 100vw, 425px\" \/><\/div><\/div><\/div><\/div><\/div><\/div><\/div><\/section>\n","protected":false},"excerpt":{"rendered":"Ausgezeichnete Restrukturierung BRRS Rechtsanw\u00e4lte wurden im Bereich Restrukturierung und Insolvenz mit dem Handelsblatt Siegel \u201eBeste Kanzleien 2025\u201c ausgezeichnet. Die Nennung basiert auf einer Bewertung durch den Kooperationspartner BEST LAWYERS und wurde am 25.09.2025 im Handelsblatt ver\u00f6ffentlicht. Seit 2021 wird Insolvenzverwalter Joachim B\u00fcttner dar\u00fcber hinaus j\u00e4hrlich im Rahmen des Rankings mit dem Siegel \u201eDeutschlands beste Anw\u00e4lte\u201c...","protected":false},"author":2,"featured_media":10840,"parent":0,"menu_order":0,"comment_status":"closed","ping_status":"closed","template":"","meta":{"_acf_changed":false,"footnotes":""},"categories":[],"tags":[],"class_list":["post-9913","page","type-page","status-publish","has-post-thumbnail","hentry"],"acf":[],"yoast_head":"<!-- This site is optimized with the Yoast SEO plugin v27.4 - https:\/\/yoast.com\/product\/yoast-seo-wordpress\/ -->\n<title>BRRS \u2013 Ausgezeichnete Insolvenzverwaltung und Restrukturierung<\/title>\n<meta name=\"description\" content=\"BRRS Rechtsanw\u00e4lte und Insolvenzverwalter Joachim B\u00fcttner wurden 2025 vom Handelsblatt mit dem Siegel &quot;Deutschlands Beste Anw\u00e4lte&quot; ausgezeichnet.\" \/>\n<meta name=\"robots\" content=\"index, follow, max-snippet:-1, max-image-preview:large, max-video-preview:-1\" \/>\n<link rel=\"canonical\" href=\"https:\/\/www.brrs-rechtsanwaelte.de\/de\/das-handelsblatt-qualitaetssiegel\/\" \/>\n<meta property=\"og:locale\" content=\"de_DE\" \/>\n<meta property=\"og:type\" content=\"article\" \/>\n<meta property=\"og:title\" content=\"BRRS \u2013 Ausgezeichnete Insolvenzverwaltung und Restrukturierung\" \/>\n<meta property=\"og:description\" content=\"BRRS Rechtsanw\u00e4lte und Insolvenzverwalter Joachim B\u00fcttner wurden 2025 vom Handelsblatt mit dem Siegel &quot;Deutschlands Beste Anw\u00e4lte&quot; ausgezeichnet.\" \/>\n<meta property=\"og:url\" content=\"https:\/\/www.brrs-rechtsanwaelte.de\/de\/das-handelsblatt-qualitaetssiegel\/\" \/>\n<meta property=\"og:site_name\" content=\"BRRS Rechtsanw\u00e4lte \u2013 Insolvenzverwaltung \/ Restrukturierung\" \/>\n<meta property=\"article:modified_time\" content=\"2025-12-15T09:17:56+00:00\" \/>\n<meta property=\"og:image\" content=\"https:\/\/www.brrs-rechtsanwaelte.de\/wp-content\/uploads\/2021\/05\/Bildschirmfoto-2021-05-25-um-13.02.46.png\" \/>\n\t<meta property=\"og:image:width\" content=\"1514\" \/>\n\t<meta property=\"og:image:height\" content=\"943\" \/>\n\t<meta property=\"og:image:type\" content=\"image\/png\" \/>\n<meta name=\"twitter:card\" content=\"summary_large_image\" \/>\n<meta name=\"twitter:label1\" content=\"Gesch\u00e4tzte Lesezeit\" \/>\n\t<meta name=\"twitter:data1\" content=\"1\u00a0Minute\" \/>\n<!-- \/ Yoast SEO plugin. -->","yoast_head_json":{"title":"BRRS \u2013 Ausgezeichnete Insolvenzverwaltung und Restrukturierung","description":"BRRS Rechtsanw\u00e4lte und Insolvenzverwalter Joachim B\u00fcttner wurden 2025 vom Handelsblatt mit dem Siegel \"Deutschlands Beste Anw\u00e4lte\" ausgezeichnet.","robots":{"index":"index","follow":"follow","max-snippet":"max-snippet:-1","max-image-preview":"max-image-preview:large","max-video-preview":"max-video-preview:-1"},"canonical":"https:\/\/www.brrs-rechtsanwaelte.de\/de\/das-handelsblatt-qualitaetssiegel\/","og_locale":"de_DE","og_type":"article","og_title":"BRRS \u2013 Ausgezeichnete Insolvenzverwaltung und Restrukturierung","og_description":"BRRS Rechtsanw\u00e4lte und Insolvenzverwalter Joachim B\u00fcttner wurden 2025 vom Handelsblatt mit dem Siegel \"Deutschlands Beste Anw\u00e4lte\" ausgezeichnet.","og_url":"https:\/\/www.brrs-rechtsanwaelte.de\/de\/das-handelsblatt-qualitaetssiegel\/","og_site_name":"BRRS Rechtsanw\u00e4lte \u2013 Insolvenzverwaltung \/ Restrukturierung","article_modified_time":"2025-12-15T09:17:56+00:00","og_image":[{"width":1514,"height":943,"url":"https:\/\/www.brrs-rechtsanwaelte.de\/wp-content\/uploads\/2021\/05\/Bildschirmfoto-2021-05-25-um-13.02.46.png","type":"image\/png"}],"twitter_card":"summary_large_image","twitter_misc":{"Gesch\u00e4tzte Lesezeit":"1\u00a0Minute"},"schema":{"@context":"https:\/\/schema.org","@graph":[{"@type":"WebPage","@id":"https:\/\/www.brrs-rechtsanwaelte.de\/de\/das-handelsblatt-qualitaetssiegel\/","url":"https:\/\/www.brrs-rechtsanwaelte.de\/de\/das-handelsblatt-qualitaetssiegel\/","name":"BRRS \u2013 Ausgezeichnete Insolvenzverwaltung und Restrukturierung","isPartOf":{"@id":"https:\/\/www.brrs-rechtsanwaelte.de\/de\/#website"},"primaryImageOfPage":{"@id":"https:\/\/www.brrs-rechtsanwaelte.de\/de\/das-handelsblatt-qualitaetssiegel\/#primaryimage"},"image":{"@id":"https:\/\/www.brrs-rechtsanwaelte.de\/de\/das-handelsblatt-qualitaetssiegel\/#primaryimage"},"thumbnailUrl":"https:\/\/www.brrs-rechtsanwaelte.de\/wp-content\/uploads\/2021\/05\/Bildschirmfoto-2021-05-25-um-13.02.46.png","datePublished":"2021-04-21T14:28:13+00:00","dateModified":"2025-12-15T09:17:56+00:00","description":"BRRS Rechtsanw\u00e4lte und Insolvenzverwalter Joachim B\u00fcttner wurden 2025 vom Handelsblatt mit dem Siegel \"Deutschlands Beste Anw\u00e4lte\" ausgezeichnet.","breadcrumb":{"@id":"https:\/\/www.brrs-rechtsanwaelte.de\/de\/das-handelsblatt-qualitaetssiegel\/#breadcrumb"},"inLanguage":"de","potentialAction":[{"@type":"ReadAction","target":["https:\/\/www.brrs-rechtsanwaelte.de\/de\/das-handelsblatt-qualitaetssiegel\/"]}]},{"@type":"ImageObject","inLanguage":"de","@id":"https:\/\/www.brrs-rechtsanwaelte.de\/de\/das-handelsblatt-qualitaetssiegel\/#primaryimage","url":"https:\/\/www.brrs-rechtsanwaelte.de\/wp-content\/uploads\/2021\/05\/Bildschirmfoto-2021-05-25-um-13.02.46.png","contentUrl":"https:\/\/www.brrs-rechtsanwaelte.de\/wp-content\/uploads\/2021\/05\/Bildschirmfoto-2021-05-25-um-13.02.46.png","width":1514,"height":943,"caption":"Das Handelsblatt Qualit\u00e4tssiegel"},{"@type":"BreadcrumbList","@id":"https:\/\/www.brrs-rechtsanwaelte.de\/de\/das-handelsblatt-qualitaetssiegel\/#breadcrumb","itemListElement":[{"@type":"ListItem","position":1,"name":"Startseite","item":"https:\/\/www.brrs-rechtsanwaelte.de\/de\/"},{"@type":"ListItem","position":2,"name":"Das Handelsblatt-Qualit\u00e4tssiegel"}]},{"@type":"WebSite","@id":"https:\/\/www.brrs-rechtsanwaelte.de\/de\/#website","url":"https:\/\/www.brrs-rechtsanwaelte.de\/de\/","name":"BRRS Rechtsanw\u00e4lte \u2013 Insolvenzverwaltung \/ Restrukturierung","description":"von BRRS Rechtsanw\u00e4lte","publisher":{"@id":"https:\/\/www.brrs-rechtsanwaelte.de\/de\/#organization"},"potentialAction":[{"@type":"SearchAction","target":{"@type":"EntryPoint","urlTemplate":"https:\/\/www.brrs-rechtsanwaelte.de\/de\/?s={search_term_string}"},"query-input":{"@type":"PropertyValueSpecification","valueRequired":true,"valueName":"search_term_string"}}],"inLanguage":"de"},{"@type":"Organization","@id":"https:\/\/www.brrs-rechtsanwaelte.de\/de\/#organization","name":"BRRS Rechtsanw\u00e4lte","url":"https:\/\/www.brrs-rechtsanwaelte.de\/de\/","logo":{"@type":"ImageObject","inLanguage":"de","@id":"https:\/\/www.brrs-rechtsanwaelte.de\/de\/#\/schema\/logo\/image\/","url":"https:\/\/www.brrs-rechtsanwaelte.de\/wp-content\/uploads\/2021\/07\/logo-brrs.png","contentUrl":"https:\/\/www.brrs-rechtsanwaelte.de\/wp-content\/uploads\/2021\/07\/logo-brrs.png","width":474,"height":174,"caption":"BRRS Rechtsanw\u00e4lte"},"image":{"@id":"https:\/\/www.brrs-rechtsanwaelte.de\/de\/#\/schema\/logo\/image\/"}}]}},"_links":{"self":[{"href":"https:\/\/www.brrs-rechtsanwaelte.de\/de\/wp-json\/wp\/v2\/pages\/9913","targetHints":{"allow":["GET"]}}],"collection":[{"href":"https:\/\/www.brrs-rechtsanwaelte.de\/de\/wp-json\/wp\/v2\/pages"}],"about":[{"href":"https:\/\/www.brrs-rechtsanwaelte.de\/de\/wp-json\/wp\/v2\/types\/page"}],"author":[{"embeddable":true,"href":"https:\/\/www.brrs-rechtsanwaelte.de\/de\/wp-json\/wp\/v2\/users\/2"}],"replies":[{"embeddable":true,"href":"https:\/\/www.brrs-rechtsanwaelte.de\/de\/wp-json\/wp\/v2\/comments?post=9913"}],"version-history":[{"count":31,"href":"https:\/\/www.brrs-rechtsanwaelte.de\/de\/wp-json\/wp\/v2\/pages\/9913\/revisions"}],"predecessor-version":[{"id":15435,"href":"https:\/\/www.brrs-rechtsanwaelte.de\/de\/wp-json\/wp\/v2\/pages\/9913\/revisions\/15435"}],"wp:featuredmedia":[{"embeddable":true,"href":"https:\/\/www.brrs-rechtsanwaelte.de\/de\/wp-json\/wp\/v2\/media\/10840"}],"wp:attachment":[{"href":"https:\/\/www.brrs-rechtsanwaelte.de\/de\/wp-json\/wp\/v2\/media?parent=9913"}],"wp:term":[{"taxonomy":"category","embeddable":true,"href":"https:\/\/www.brrs-rechtsanwaelte.de\/de\/wp-json\/wp\/v2\/categories?post=9913"},{"taxonomy":"post_tag","embeddable":true,"href":"https:\/\/www.brrs-rechtsanwaelte.de\/de\/wp-json\/wp\/v2\/tags?post=9913"}],"curies":[{"name":"wp","href":"https:\/\/api.w.org\/{rel}","templated":true}]}}