{"id":9761,"date":"2020-12-22T17:24:01","date_gmt":"2020-12-22T16:24:01","guid":{"rendered":"https:\/\/www.brrs-rechtsanwaelte.de\/?page_id=9761"},"modified":"2023-05-08T13:40:24","modified_gmt":"2023-05-08T11:40:24","slug":"rechtsberatung","status":"publish","type":"page","link":"https:\/\/www.brrs-rechtsanwaelte.de\/de\/leistungen\/rechtsberatung\/","title":{"rendered":"Rechtsberatung"},"content":{"rendered":"<section class=\"l-section wpb_row us_custom_6df83199 height_medium color_primary with_img\"><div class=\"l-section-img\" role=\"img\" aria-label=\"Bild\" data-img-width=\"2560\" data-img-height=\"1356\" style=\"background-image: url(https:\/\/www.brrs-rechtsanwaelte.de\/wp-content\/uploads\/2020\/12\/header-rechtsberatung.jpg);background-repeat: no-repeat;\"><\/div><div class=\"l-section-overlay\" style=\"background:rgba(16,117,137,0.55)\"><\/div><div class=\"l-section-h i-cf\"><div class=\"g-cols vc_row via_flex valign_bottom type_default stacking_default\"><div class=\"vc_col-sm-12 wpb_column vc_column_container us_animate_fade\"><div class=\"vc_column-inner\"><div class=\"wpb_wrapper\"><div class=\"w-separator size_huge\"><\/div><h1 class=\"w-post-elm post_custom_field us_custom_d85ca867 type_text rechtsgebiete-titel color_link_inherit\"><span class=\"w-post-elm-value\">Rechtsberatung<\/span><\/h1><h2 class=\"w-post-elm post_custom_field us_custom_d39e4253 type_text rechtsgebiete-subline color_link_inherit\"><span class=\"w-post-elm-value\">Durch Erfahrung stark.<\/span><\/h2><\/div><\/div><\/div><\/div><\/div><\/section>\n<section class=\"l-section wpb_row height_large color_alternate\" id=\"intro\"><div class=\"l-section-overlay\" style=\"background:#ffffff\"><\/div><div class=\"l-section-h i-cf\"><div class=\"g-cols vc_row via_flex valign_top type_default stacking_default\"><div class=\"vc_col-sm-12 vc_col-lg-offset-2 vc_col-lg-8 wpb_column vc_column_container\"><div class=\"vc_column-inner\"><div class=\"wpb_wrapper\"><div class=\"wpb_text_column\"><div class=\"wpb_wrapper\"><p>Wir begleiten und beraten Unternehmen sowie deren Organe in allen Bereichen ihrer wirtschaftlichen T\u00e4tigkeit.<\/p>\n<p>Dies gilt gleicherma\u00dfen f\u00fcr die Durchsetzung von Anspr\u00fcchen wie deren Abwehr im Rahmen von Insolvenzverfahren sowie m\u00f6glichen Haftungsprozessen.<\/p>\n<p>Hierbei setzten wir unseren Fokus auf rechtlich und wirtschaftlich vertretbare L\u00f6sungen. Unser Ziel erreichen wir durch unsere jahrzehntelange T\u00e4tigkeit und Erfahrung als Berufstr\u00e4ger in verschiedensten Unternehmen und Branchen.<\/p>\n<\/div><\/div><\/div><\/div><\/div><\/div><\/div><\/section>\n","protected":false},"excerpt":{"rendered":"RechtsberatungDurch Erfahrung stark. Wir begleiten und beraten Unternehmen sowie deren Organe in allen Bereichen ihrer wirtschaftlichen T\u00e4tigkeit. Dies gilt gleicherma\u00dfen f\u00fcr die Durchsetzung von Anspr\u00fcchen wie deren Abwehr im Rahmen von Insolvenzverfahren sowie m\u00f6glichen Haftungsprozessen. Hierbei setzten wir unseren Fokus auf rechtlich und wirtschaftlich vertretbare L\u00f6sungen. Unser Ziel erreichen wir durch unsere jahrzehntelange T\u00e4tigkeit und...","protected":false},"author":2,"featured_media":9763,"parent":6373,"menu_order":0,"comment_status":"closed","ping_status":"closed","template":"","meta":{"_acf_changed":false,"footnotes":""},"categories":[],"tags":[],"class_list":["post-9761","page","type-page","status-publish","has-post-thumbnail","hentry"],"acf":[],"yoast_head":"<!-- This site is optimized with the Yoast SEO plugin v27.4 - https:\/\/yoast.com\/product\/yoast-seo-wordpress\/ -->\n<title>Rechtsberatung - Leistungen von BRRS Rechtsanw\u00e4lte<\/title>\n<meta name=\"description\" content=\"BRRS Rechtsanw\u00e4lte bieten umfassende Rechtsberatung in verschiedenen Fachgebieten. Arbeitsrecht, Gesellschaftsrecht, Vertragsrecht, und mehr. Expertise und individuelle L\u00f6sungen f\u00fcr Mandanten.\" \/>\n<meta name=\"robots\" content=\"index, follow, max-snippet:-1, max-image-preview:large, max-video-preview:-1\" \/>\n<link rel=\"canonical\" href=\"https:\/\/www.brrs-rechtsanwaelte.de\/de\/leistungen\/rechtsberatung\/\" \/>\n<meta property=\"og:locale\" content=\"de_DE\" \/>\n<meta property=\"og:type\" content=\"article\" \/>\n<meta property=\"og:title\" content=\"Rechtsberatung - Leistungen von BRRS Rechtsanw\u00e4lte\" \/>\n<meta property=\"og:description\" content=\"BRRS Rechtsanw\u00e4lte bieten umfassende Rechtsberatung in verschiedenen Fachgebieten. Arbeitsrecht, Gesellschaftsrecht, Vertragsrecht, und mehr. Expertise und individuelle L\u00f6sungen f\u00fcr Mandanten.\" \/>\n<meta property=\"og:url\" content=\"https:\/\/www.brrs-rechtsanwaelte.de\/de\/leistungen\/rechtsberatung\/\" \/>\n<meta property=\"og:site_name\" content=\"BRRS Rechtsanw\u00e4lte \u2013 Insolvenzverwaltung \/ Restrukturierung\" \/>\n<meta property=\"article:modified_time\" content=\"2023-05-08T11:40:24+00:00\" \/>\n<meta property=\"og:image\" content=\"https:\/\/www.brrs-rechtsanwaelte.de\/wp-content\/uploads\/2020\/12\/header-rechtsberatung.jpg\" \/>\n\t<meta property=\"og:image:width\" content=\"2560\" \/>\n\t<meta property=\"og:image:height\" content=\"1356\" \/>\n\t<meta property=\"og:image:type\" content=\"image\/jpeg\" \/>\n<meta name=\"twitter:card\" content=\"summary_large_image\" \/>\n<meta name=\"twitter:label1\" content=\"Gesch\u00e4tzte Lesezeit\" \/>\n\t<meta name=\"twitter:data1\" content=\"1\u00a0Minute\" \/>\n<!-- \/ Yoast SEO plugin. -->","yoast_head_json":{"title":"Rechtsberatung - Leistungen von BRRS Rechtsanw\u00e4lte","description":"BRRS Rechtsanw\u00e4lte bieten umfassende Rechtsberatung in verschiedenen Fachgebieten. Arbeitsrecht, Gesellschaftsrecht, Vertragsrecht, und mehr. Expertise und individuelle L\u00f6sungen f\u00fcr Mandanten.","robots":{"index":"index","follow":"follow","max-snippet":"max-snippet:-1","max-image-preview":"max-image-preview:large","max-video-preview":"max-video-preview:-1"},"canonical":"https:\/\/www.brrs-rechtsanwaelte.de\/de\/leistungen\/rechtsberatung\/","og_locale":"de_DE","og_type":"article","og_title":"Rechtsberatung - Leistungen von BRRS Rechtsanw\u00e4lte","og_description":"BRRS Rechtsanw\u00e4lte bieten umfassende Rechtsberatung in verschiedenen Fachgebieten. Arbeitsrecht, Gesellschaftsrecht, Vertragsrecht, und mehr. Expertise und individuelle L\u00f6sungen f\u00fcr Mandanten.","og_url":"https:\/\/www.brrs-rechtsanwaelte.de\/de\/leistungen\/rechtsberatung\/","og_site_name":"BRRS Rechtsanw\u00e4lte \u2013 Insolvenzverwaltung \/ Restrukturierung","article_modified_time":"2023-05-08T11:40:24+00:00","og_image":[{"width":2560,"height":1356,"url":"https:\/\/www.brrs-rechtsanwaelte.de\/wp-content\/uploads\/2020\/12\/header-rechtsberatung.jpg","type":"image\/jpeg"}],"twitter_card":"summary_large_image","twitter_misc":{"Gesch\u00e4tzte Lesezeit":"1\u00a0Minute"},"schema":{"@context":"https:\/\/schema.org","@graph":[{"@type":"WebPage","@id":"https:\/\/www.brrs-rechtsanwaelte.de\/de\/leistungen\/rechtsberatung\/","url":"https:\/\/www.brrs-rechtsanwaelte.de\/de\/leistungen\/rechtsberatung\/","name":"Rechtsberatung - Leistungen von BRRS Rechtsanw\u00e4lte","isPartOf":{"@id":"https:\/\/www.brrs-rechtsanwaelte.de\/de\/#website"},"primaryImageOfPage":{"@id":"https:\/\/www.brrs-rechtsanwaelte.de\/de\/leistungen\/rechtsberatung\/#primaryimage"},"image":{"@id":"https:\/\/www.brrs-rechtsanwaelte.de\/de\/leistungen\/rechtsberatung\/#primaryimage"},"thumbnailUrl":"https:\/\/www.brrs-rechtsanwaelte.de\/wp-content\/uploads\/2020\/12\/header-rechtsberatung.jpg","datePublished":"2020-12-22T16:24:01+00:00","dateModified":"2023-05-08T11:40:24+00:00","description":"BRRS Rechtsanw\u00e4lte bieten umfassende Rechtsberatung in verschiedenen Fachgebieten. Arbeitsrecht, Gesellschaftsrecht, Vertragsrecht, und mehr. Expertise und individuelle L\u00f6sungen f\u00fcr Mandanten.","breadcrumb":{"@id":"https:\/\/www.brrs-rechtsanwaelte.de\/de\/leistungen\/rechtsberatung\/#breadcrumb"},"inLanguage":"de","potentialAction":[{"@type":"ReadAction","target":["https:\/\/www.brrs-rechtsanwaelte.de\/de\/leistungen\/rechtsberatung\/"]}]},{"@type":"ImageObject","inLanguage":"de","@id":"https:\/\/www.brrs-rechtsanwaelte.de\/de\/leistungen\/rechtsberatung\/#primaryimage","url":"https:\/\/www.brrs-rechtsanwaelte.de\/wp-content\/uploads\/2020\/12\/header-rechtsberatung.jpg","contentUrl":"https:\/\/www.brrs-rechtsanwaelte.de\/wp-content\/uploads\/2020\/12\/header-rechtsberatung.jpg","width":2560,"height":1356},{"@type":"BreadcrumbList","@id":"https:\/\/www.brrs-rechtsanwaelte.de\/de\/leistungen\/rechtsberatung\/#breadcrumb","itemListElement":[{"@type":"ListItem","position":1,"name":"Startseite","item":"https:\/\/www.brrs-rechtsanwaelte.de\/de\/"},{"@type":"ListItem","position":2,"name":"Leistungen","item":"https:\/\/www.brrs-rechtsanwaelte.de\/de\/leistungen\/"},{"@type":"ListItem","position":3,"name":"Rechtsberatung"}]},{"@type":"WebSite","@id":"https:\/\/www.brrs-rechtsanwaelte.de\/de\/#website","url":"https:\/\/www.brrs-rechtsanwaelte.de\/de\/","name":"BRRS Rechtsanw\u00e4lte \u2013 Insolvenzverwaltung \/ Restrukturierung","description":"von BRRS Rechtsanw\u00e4lte","publisher":{"@id":"https:\/\/www.brrs-rechtsanwaelte.de\/de\/#organization"},"potentialAction":[{"@type":"SearchAction","target":{"@type":"EntryPoint","urlTemplate":"https:\/\/www.brrs-rechtsanwaelte.de\/de\/?s={search_term_string}"},"query-input":{"@type":"PropertyValueSpecification","valueRequired":true,"valueName":"search_term_string"}}],"inLanguage":"de"},{"@type":"Organization","@id":"https:\/\/www.brrs-rechtsanwaelte.de\/de\/#organization","name":"BRRS Rechtsanw\u00e4lte","url":"https:\/\/www.brrs-rechtsanwaelte.de\/de\/","logo":{"@type":"ImageObject","inLanguage":"de","@id":"https:\/\/www.brrs-rechtsanwaelte.de\/de\/#\/schema\/logo\/image\/","url":"https:\/\/www.brrs-rechtsanwaelte.de\/wp-content\/uploads\/2021\/07\/logo-brrs.png","contentUrl":"https:\/\/www.brrs-rechtsanwaelte.de\/wp-content\/uploads\/2021\/07\/logo-brrs.png","width":474,"height":174,"caption":"BRRS Rechtsanw\u00e4lte"},"image":{"@id":"https:\/\/www.brrs-rechtsanwaelte.de\/de\/#\/schema\/logo\/image\/"}}]}},"_links":{"self":[{"href":"https:\/\/www.brrs-rechtsanwaelte.de\/de\/wp-json\/wp\/v2\/pages\/9761","targetHints":{"allow":["GET"]}}],"collection":[{"href":"https:\/\/www.brrs-rechtsanwaelte.de\/de\/wp-json\/wp\/v2\/pages"}],"about":[{"href":"https:\/\/www.brrs-rechtsanwaelte.de\/de\/wp-json\/wp\/v2\/types\/page"}],"author":[{"embeddable":true,"href":"https:\/\/www.brrs-rechtsanwaelte.de\/de\/wp-json\/wp\/v2\/users\/2"}],"replies":[{"embeddable":true,"href":"https:\/\/www.brrs-rechtsanwaelte.de\/de\/wp-json\/wp\/v2\/comments?post=9761"}],"version-history":[{"count":8,"href":"https:\/\/www.brrs-rechtsanwaelte.de\/de\/wp-json\/wp\/v2\/pages\/9761\/revisions"}],"predecessor-version":[{"id":11096,"href":"https:\/\/www.brrs-rechtsanwaelte.de\/de\/wp-json\/wp\/v2\/pages\/9761\/revisions\/11096"}],"up":[{"embeddable":true,"href":"https:\/\/www.brrs-rechtsanwaelte.de\/de\/wp-json\/wp\/v2\/pages\/6373"}],"wp:featuredmedia":[{"embeddable":true,"href":"https:\/\/www.brrs-rechtsanwaelte.de\/de\/wp-json\/wp\/v2\/media\/9763"}],"wp:attachment":[{"href":"https:\/\/www.brrs-rechtsanwaelte.de\/de\/wp-json\/wp\/v2\/media?parent=9761"}],"wp:term":[{"taxonomy":"category","embeddable":true,"href":"https:\/\/www.brrs-rechtsanwaelte.de\/de\/wp-json\/wp\/v2\/categories?post=9761"},{"taxonomy":"post_tag","embeddable":true,"href":"https:\/\/www.brrs-rechtsanwaelte.de\/de\/wp-json\/wp\/v2\/tags?post=9761"}],"curies":[{"name":"wp","href":"https:\/\/api.w.org\/{rel}","templated":true}]}}