{"id":9658,"date":"2020-12-17T06:30:07","date_gmt":"2020-12-17T05:30:07","guid":{"rendered":"https:\/\/www.brrs-rechtsanwaelte.de\/?page_id=9658"},"modified":"2021-03-25T12:43:11","modified_gmt":"2021-03-25T11:43:11","slug":"zertifizierung","status":"publish","type":"page","link":"https:\/\/www.brrs-rechtsanwaelte.de\/de\/zertifizierung\/","title":{"rendered":"Zertifizierung"},"content":{"rendered":"<section class=\"l-section wpb_row height_medium\"><div class=\"l-section-overlay\" style=\"background:#f5f5f5\"><\/div><div class=\"l-section-h i-cf\"><div class=\"g-cols vc_row via_flex valign_top type_default stacking_default\"><div class=\"vc_col-sm-2 wpb_column vc_column_container\"><div class=\"vc_column-inner\"><div class=\"wpb_wrapper\"><\/div><\/div><\/div><div class=\"vc_col-sm-8 wpb_column vc_column_container\"><div class=\"vc_column-inner\"><div class=\"wpb_wrapper\"><div class=\"wpb_text_column\"><div class=\"wpb_wrapper\"><h1>BRRS Zertifizierung nach DIN ISO<\/h1>\n<\/div><\/div><div class=\"wpb_text_column\"><div class=\"wpb_wrapper\"><p>Unsere Zertifizierung bringt ein durchg\u00e4ngiges Qualit\u00e4tsmanagement mit sich, standardisierte Prozesse, transparente Abl\u00e4ufe, geleistet von den Insolvenzverwalter*innen, Anw\u00e4lt*innen und hoch qualifizierten Sachbearbeiterinnen mit kontinuierlicher Weiterbildung.<\/p>\n<p><a href=\"https:\/\/www.vid.de\/der-verband\/qualitaetsstandards\/vid-cert\/\">https:\/\/www.vid.de\/der-verband\/qualitaetsstandards\/vid-cert\/<\/a><\/p>\n<\/div><\/div><\/div><\/div><\/div><div class=\"vc_col-sm-2 wpb_column vc_column_container\"><div class=\"vc_column-inner\"><div class=\"wpb_wrapper\"><\/div><\/div><\/div><\/div><\/div><\/section><section class=\"l-section wpb_row height_medium\"><div class=\"l-section-overlay\" style=\"background:#f5f5f5\"><\/div><div class=\"l-section-h i-cf\"><div class=\"g-cols vc_row via_flex valign_top type_default stacking_default\"><div class=\"vc_col-sm-6 wpb_column vc_column_container\"><div class=\"vc_column-inner\"><div class=\"wpb_wrapper\"><div class=\"w-image align_none\"><div class=\"w-image-h\"><img decoding=\"async\" width=\"724\" height=\"1024\" src=\"https:\/\/www.brrs-rechtsanwaelte.de\/wp-content\/uploads\/2020\/12\/Zertifikat-Buettner_VID-CERT-724x1024.jpg\" class=\"attachment-large size-large\" alt=\"\" loading=\"lazy\" srcset=\"https:\/\/www.brrs-rechtsanwaelte.de\/wp-content\/uploads\/2020\/12\/Zertifikat-Buettner_VID-CERT-724x1024.jpg 724w, https:\/\/www.brrs-rechtsanwaelte.de\/wp-content\/uploads\/2020\/12\/Zertifikat-Buettner_VID-CERT-212x300.jpg 212w, https:\/\/www.brrs-rechtsanwaelte.de\/wp-content\/uploads\/2020\/12\/Zertifikat-Buettner_VID-CERT-35x50.jpg 35w, https:\/\/www.brrs-rechtsanwaelte.de\/wp-content\/uploads\/2020\/12\/Zertifikat-Buettner_VID-CERT-71x100.jpg 71w, https:\/\/www.brrs-rechtsanwaelte.de\/wp-content\/uploads\/2020\/12\/Zertifikat-Buettner_VID-CERT-141x200.jpg 141w, https:\/\/www.brrs-rechtsanwaelte.de\/wp-content\/uploads\/2020\/12\/Zertifikat-Buettner_VID-CERT-106x150.jpg 106w, https:\/\/www.brrs-rechtsanwaelte.de\/wp-content\/uploads\/2020\/12\/Zertifikat-Buettner_VID-CERT-283x400.jpg 283w, https:\/\/www.brrs-rechtsanwaelte.de\/wp-content\/uploads\/2020\/12\/Zertifikat-Buettner_VID-CERT.jpg 1280w\" sizes=\"auto, (max-width: 724px) 100vw, 724px\" \/><\/div><\/div><div class=\"w-separator size_small\"><\/div><div class=\"w-image align_none\"><div class=\"w-image-h\"><img decoding=\"async\" width=\"724\" height=\"1024\" src=\"https:\/\/www.brrs-rechtsanwaelte.de\/wp-content\/uploads\/2020\/12\/Zertifikat-Rosenkranz_VID-CERT-724x1024.jpg\" class=\"attachment-large size-large\" alt=\"\" loading=\"lazy\" srcset=\"https:\/\/www.brrs-rechtsanwaelte.de\/wp-content\/uploads\/2020\/12\/Zertifikat-Rosenkranz_VID-CERT-724x1024.jpg 724w, https:\/\/www.brrs-rechtsanwaelte.de\/wp-content\/uploads\/2020\/12\/Zertifikat-Rosenkranz_VID-CERT-212x300.jpg 212w, https:\/\/www.brrs-rechtsanwaelte.de\/wp-content\/uploads\/2020\/12\/Zertifikat-Rosenkranz_VID-CERT-35x50.jpg 35w, https:\/\/www.brrs-rechtsanwaelte.de\/wp-content\/uploads\/2020\/12\/Zertifikat-Rosenkranz_VID-CERT-71x100.jpg 71w, https:\/\/www.brrs-rechtsanwaelte.de\/wp-content\/uploads\/2020\/12\/Zertifikat-Rosenkranz_VID-CERT-141x200.jpg 141w, https:\/\/www.brrs-rechtsanwaelte.de\/wp-content\/uploads\/2020\/12\/Zertifikat-Rosenkranz_VID-CERT-106x150.jpg 106w, https:\/\/www.brrs-rechtsanwaelte.de\/wp-content\/uploads\/2020\/12\/Zertifikat-Rosenkranz_VID-CERT-283x400.jpg 283w, https:\/\/www.brrs-rechtsanwaelte.de\/wp-content\/uploads\/2020\/12\/Zertifikat-Rosenkranz_VID-CERT.jpg 1280w\" sizes=\"auto, (max-width: 724px) 100vw, 724px\" \/><\/div><\/div><div class=\"w-separator size_small\"><\/div><div class=\"w-image align_none\"><div class=\"w-image-h\"><img decoding=\"async\" width=\"724\" height=\"1024\" src=\"https:\/\/www.brrs-rechtsanwaelte.de\/wp-content\/uploads\/2021\/02\/Zertifikat-Schlegel-724x1024.jpg\" class=\"attachment-large size-large\" alt=\"\" loading=\"lazy\" srcset=\"https:\/\/www.brrs-rechtsanwaelte.de\/wp-content\/uploads\/2021\/02\/Zertifikat-Schlegel-724x1024.jpg 724w, https:\/\/www.brrs-rechtsanwaelte.de\/wp-content\/uploads\/2021\/02\/Zertifikat-Schlegel-212x300.jpg 212w, https:\/\/www.brrs-rechtsanwaelte.de\/wp-content\/uploads\/2021\/02\/Zertifikat-Schlegel-35x50.jpg 35w, https:\/\/www.brrs-rechtsanwaelte.de\/wp-content\/uploads\/2021\/02\/Zertifikat-Schlegel-71x100.jpg 71w, https:\/\/www.brrs-rechtsanwaelte.de\/wp-content\/uploads\/2021\/02\/Zertifikat-Schlegel-141x200.jpg 141w, https:\/\/www.brrs-rechtsanwaelte.de\/wp-content\/uploads\/2021\/02\/Zertifikat-Schlegel-106x150.jpg 106w, https:\/\/www.brrs-rechtsanwaelte.de\/wp-content\/uploads\/2021\/02\/Zertifikat-Schlegel-283x400.jpg 283w, https:\/\/www.brrs-rechtsanwaelte.de\/wp-content\/uploads\/2021\/02\/Zertifikat-Schlegel.jpg 1280w\" sizes=\"auto, (max-width: 724px) 100vw, 724px\" \/><\/div><\/div><\/div><\/div><\/div><div class=\"vc_col-sm-6 wpb_column vc_column_container\"><div class=\"vc_column-inner\"><div class=\"wpb_wrapper\"><div class=\"w-image align_none\"><div class=\"w-image-h\"><img decoding=\"async\" width=\"724\" height=\"1024\" src=\"https:\/\/www.brrs-rechtsanwaelte.de\/wp-content\/uploads\/2021\/02\/Zertifikat-Eggers-724x1024.jpg\" class=\"attachment-large size-large\" alt=\"\" loading=\"lazy\" srcset=\"https:\/\/www.brrs-rechtsanwaelte.de\/wp-content\/uploads\/2021\/02\/Zertifikat-Eggers-724x1024.jpg 724w, https:\/\/www.brrs-rechtsanwaelte.de\/wp-content\/uploads\/2021\/02\/Zertifikat-Eggers-212x300.jpg 212w, https:\/\/www.brrs-rechtsanwaelte.de\/wp-content\/uploads\/2021\/02\/Zertifikat-Eggers-35x50.jpg 35w, https:\/\/www.brrs-rechtsanwaelte.de\/wp-content\/uploads\/2021\/02\/Zertifikat-Eggers-71x100.jpg 71w, https:\/\/www.brrs-rechtsanwaelte.de\/wp-content\/uploads\/2021\/02\/Zertifikat-Eggers-141x200.jpg 141w, https:\/\/www.brrs-rechtsanwaelte.de\/wp-content\/uploads\/2021\/02\/Zertifikat-Eggers-106x150.jpg 106w, https:\/\/www.brrs-rechtsanwaelte.de\/wp-content\/uploads\/2021\/02\/Zertifikat-Eggers-283x400.jpg 283w, https:\/\/www.brrs-rechtsanwaelte.de\/wp-content\/uploads\/2021\/02\/Zertifikat-Eggers.jpg 905w\" sizes=\"auto, (max-width: 724px) 100vw, 724px\" \/><\/div><\/div><div class=\"w-separator size_small\"><\/div><div class=\"w-image align_none\"><div class=\"w-image-h\"><img decoding=\"async\" width=\"747\" height=\"1024\" src=\"https:\/\/www.brrs-rechtsanwaelte.de\/wp-content\/uploads\/2021\/03\/Zertifikat-Ruedlin_VID-CERT-747x1024.jpg\" class=\"attachment-large size-large\" alt=\"\" loading=\"lazy\" srcset=\"https:\/\/www.brrs-rechtsanwaelte.de\/wp-content\/uploads\/2021\/03\/Zertifikat-Ruedlin_VID-CERT-747x1024.jpg 747w, https:\/\/www.brrs-rechtsanwaelte.de\/wp-content\/uploads\/2021\/03\/Zertifikat-Ruedlin_VID-CERT-219x300.jpg 219w, https:\/\/www.brrs-rechtsanwaelte.de\/wp-content\/uploads\/2021\/03\/Zertifikat-Ruedlin_VID-CERT-36x50.jpg 36w, https:\/\/www.brrs-rechtsanwaelte.de\/wp-content\/uploads\/2021\/03\/Zertifikat-Ruedlin_VID-CERT-73x100.jpg 73w, https:\/\/www.brrs-rechtsanwaelte.de\/wp-content\/uploads\/2021\/03\/Zertifikat-Ruedlin_VID-CERT-146x200.jpg 146w, https:\/\/www.brrs-rechtsanwaelte.de\/wp-content\/uploads\/2021\/03\/Zertifikat-Ruedlin_VID-CERT-109x150.jpg 109w, https:\/\/www.brrs-rechtsanwaelte.de\/wp-content\/uploads\/2021\/03\/Zertifikat-Ruedlin_VID-CERT-292x400.jpg 292w, https:\/\/www.brrs-rechtsanwaelte.de\/wp-content\/uploads\/2021\/03\/Zertifikat-Ruedlin_VID-CERT.jpg 1280w\" sizes=\"auto, (max-width: 747px) 100vw, 747px\" \/><\/div><\/div><\/div><\/div><\/div><\/div><\/div><\/section>\n","protected":false},"excerpt":{"rendered":"BRRS Zertifizierung nach DIN ISO Unsere Zertifizierung bringt ein durchg\u00e4ngiges Qualit\u00e4tsmanagement mit sich, standardisierte Prozesse, transparente Abl\u00e4ufe, geleistet von den Insolvenzverwalter*innen, Anw\u00e4lt*innen und hoch qualifizierten Sachbearbeiterinnen mit kontinuierlicher Weiterbildung. https:\/\/www.vid.de\/der-verband\/qualitaetsstandards\/vid-cert\/","protected":false},"author":2,"featured_media":0,"parent":0,"menu_order":0,"comment_status":"closed","ping_status":"closed","template":"","meta":{"_acf_changed":false,"footnotes":""},"categories":[],"tags":[],"class_list":["post-9658","page","type-page","status-publish","hentry"],"acf":[],"yoast_head":"<!-- This site is optimized with the Yoast SEO plugin v27.4 - https:\/\/yoast.com\/product\/yoast-seo-wordpress\/ -->\n<title>Zertifizierung - BRRS Rechtsanw\u00e4lte \u2013 Insolvenzverwaltung \/ Restrukturierung<\/title>\n<meta name=\"robots\" content=\"index, follow, max-snippet:-1, max-image-preview:large, max-video-preview:-1\" \/>\n<link rel=\"canonical\" href=\"https:\/\/www.brrs-rechtsanwaelte.de\/de\/zertifizierung\/\" \/>\n<meta property=\"og:locale\" content=\"de_DE\" \/>\n<meta property=\"og:type\" content=\"article\" \/>\n<meta property=\"og:title\" content=\"Zertifizierung - BRRS Rechtsanw\u00e4lte \u2013 Insolvenzverwaltung \/ Restrukturierung\" \/>\n<meta property=\"og:url\" content=\"https:\/\/www.brrs-rechtsanwaelte.de\/de\/zertifizierung\/\" \/>\n<meta property=\"og:site_name\" content=\"BRRS Rechtsanw\u00e4lte \u2013 Insolvenzverwaltung \/ Restrukturierung\" \/>\n<meta property=\"article:modified_time\" content=\"2021-03-25T11:43:11+00:00\" \/>\n<meta name=\"twitter:card\" content=\"summary_large_image\" \/>\n<meta name=\"twitter:label1\" content=\"Gesch\u00e4tzte Lesezeit\" \/>\n\t<meta name=\"twitter:data1\" content=\"1\u00a0Minute\" \/>\n<!-- \/ Yoast SEO plugin. -->","yoast_head_json":{"title":"Zertifizierung - BRRS Rechtsanw\u00e4lte \u2013 Insolvenzverwaltung \/ Restrukturierung","robots":{"index":"index","follow":"follow","max-snippet":"max-snippet:-1","max-image-preview":"max-image-preview:large","max-video-preview":"max-video-preview:-1"},"canonical":"https:\/\/www.brrs-rechtsanwaelte.de\/de\/zertifizierung\/","og_locale":"de_DE","og_type":"article","og_title":"Zertifizierung - BRRS Rechtsanw\u00e4lte \u2013 Insolvenzverwaltung \/ Restrukturierung","og_url":"https:\/\/www.brrs-rechtsanwaelte.de\/de\/zertifizierung\/","og_site_name":"BRRS Rechtsanw\u00e4lte \u2013 Insolvenzverwaltung \/ Restrukturierung","article_modified_time":"2021-03-25T11:43:11+00:00","twitter_card":"summary_large_image","twitter_misc":{"Gesch\u00e4tzte Lesezeit":"1\u00a0Minute"},"schema":{"@context":"https:\/\/schema.org","@graph":[{"@type":"WebPage","@id":"https:\/\/www.brrs-rechtsanwaelte.de\/de\/zertifizierung\/","url":"https:\/\/www.brrs-rechtsanwaelte.de\/de\/zertifizierung\/","name":"Zertifizierung - BRRS Rechtsanw\u00e4lte \u2013 Insolvenzverwaltung \/ Restrukturierung","isPartOf":{"@id":"https:\/\/www.brrs-rechtsanwaelte.de\/de\/#website"},"datePublished":"2020-12-17T05:30:07+00:00","dateModified":"2021-03-25T11:43:11+00:00","breadcrumb":{"@id":"https:\/\/www.brrs-rechtsanwaelte.de\/de\/zertifizierung\/#breadcrumb"},"inLanguage":"de","potentialAction":[{"@type":"ReadAction","target":["https:\/\/www.brrs-rechtsanwaelte.de\/de\/zertifizierung\/"]}]},{"@type":"BreadcrumbList","@id":"https:\/\/www.brrs-rechtsanwaelte.de\/de\/zertifizierung\/#breadcrumb","itemListElement":[{"@type":"ListItem","position":1,"name":"Startseite","item":"https:\/\/www.brrs-rechtsanwaelte.de\/de\/"},{"@type":"ListItem","position":2,"name":"Zertifizierung"}]},{"@type":"WebSite","@id":"https:\/\/www.brrs-rechtsanwaelte.de\/de\/#website","url":"https:\/\/www.brrs-rechtsanwaelte.de\/de\/","name":"BRRS Rechtsanw\u00e4lte \u2013 Insolvenzverwaltung \/ Restrukturierung","description":"von BRRS Rechtsanw\u00e4lte","publisher":{"@id":"https:\/\/www.brrs-rechtsanwaelte.de\/de\/#organization"},"potentialAction":[{"@type":"SearchAction","target":{"@type":"EntryPoint","urlTemplate":"https:\/\/www.brrs-rechtsanwaelte.de\/de\/?s={search_term_string}"},"query-input":{"@type":"PropertyValueSpecification","valueRequired":true,"valueName":"search_term_string"}}],"inLanguage":"de"},{"@type":"Organization","@id":"https:\/\/www.brrs-rechtsanwaelte.de\/de\/#organization","name":"BRRS Rechtsanw\u00e4lte","url":"https:\/\/www.brrs-rechtsanwaelte.de\/de\/","logo":{"@type":"ImageObject","inLanguage":"de","@id":"https:\/\/www.brrs-rechtsanwaelte.de\/de\/#\/schema\/logo\/image\/","url":"https:\/\/www.brrs-rechtsanwaelte.de\/wp-content\/uploads\/2021\/07\/logo-brrs.png","contentUrl":"https:\/\/www.brrs-rechtsanwaelte.de\/wp-content\/uploads\/2021\/07\/logo-brrs.png","width":474,"height":174,"caption":"BRRS Rechtsanw\u00e4lte"},"image":{"@id":"https:\/\/www.brrs-rechtsanwaelte.de\/de\/#\/schema\/logo\/image\/"}}]}},"_links":{"self":[{"href":"https:\/\/www.brrs-rechtsanwaelte.de\/de\/wp-json\/wp\/v2\/pages\/9658","targetHints":{"allow":["GET"]}}],"collection":[{"href":"https:\/\/www.brrs-rechtsanwaelte.de\/de\/wp-json\/wp\/v2\/pages"}],"about":[{"href":"https:\/\/www.brrs-rechtsanwaelte.de\/de\/wp-json\/wp\/v2\/types\/page"}],"author":[{"embeddable":true,"href":"https:\/\/www.brrs-rechtsanwaelte.de\/de\/wp-json\/wp\/v2\/users\/2"}],"replies":[{"embeddable":true,"href":"https:\/\/www.brrs-rechtsanwaelte.de\/de\/wp-json\/wp\/v2\/comments?post=9658"}],"version-history":[{"count":18,"href":"https:\/\/www.brrs-rechtsanwaelte.de\/de\/wp-json\/wp\/v2\/pages\/9658\/revisions"}],"predecessor-version":[{"id":10408,"href":"https:\/\/www.brrs-rechtsanwaelte.de\/de\/wp-json\/wp\/v2\/pages\/9658\/revisions\/10408"}],"wp:attachment":[{"href":"https:\/\/www.brrs-rechtsanwaelte.de\/de\/wp-json\/wp\/v2\/media?parent=9658"}],"wp:term":[{"taxonomy":"category","embeddable":true,"href":"https:\/\/www.brrs-rechtsanwaelte.de\/de\/wp-json\/wp\/v2\/categories?post=9658"},{"taxonomy":"post_tag","embeddable":true,"href":"https:\/\/www.brrs-rechtsanwaelte.de\/de\/wp-json\/wp\/v2\/tags?post=9658"}],"curies":[{"name":"wp","href":"https:\/\/api.w.org\/{rel}","templated":true}]}}