{"id":9605,"date":"2020-12-10T19:47:28","date_gmt":"2020-12-10T18:47:28","guid":{"rendered":"https:\/\/www.brrs-rechtsanwaelte.de\/?page_id=9605"},"modified":"2023-05-08T13:35:55","modified_gmt":"2023-05-08T11:35:55","slug":"schutzschirmverfahren","status":"publish","type":"page","link":"https:\/\/www.brrs-rechtsanwaelte.de\/de\/leistungen\/schutzschirmverfahren\/","title":{"rendered":"Schutzschirm\u00adverfahren und Eigen\u00adverwaltung (ESUG)"},"content":{"rendered":"<section class=\"l-section wpb_row us_custom_6df83199 height_medium color_primary with_img\"><div class=\"l-section-img\" role=\"img\" aria-label=\"Bild\" data-img-width=\"2560\" data-img-height=\"1356\" style=\"background-image: url(https:\/\/www.brrs-rechtsanwaelte.de\/wp-content\/uploads\/2020\/12\/header-schutzschirmverfahren.jpg);background-repeat: no-repeat;\"><\/div><div class=\"l-section-overlay\" style=\"background:rgba(16,117,137,0.55)\"><\/div><div class=\"l-section-h i-cf\"><div class=\"g-cols vc_row via_flex valign_bottom type_default stacking_default\"><div class=\"vc_col-sm-12 wpb_column vc_column_container us_animate_fade\"><div class=\"vc_column-inner\"><div class=\"wpb_wrapper\"><div class=\"w-separator size_huge\"><\/div><h1 class=\"w-post-elm post_custom_field us_custom_d85ca867 type_text rechtsgebiete-titel color_link_inherit\"><span class=\"w-post-elm-value\">Schutzschirm\u00adverfahren (ESUG) und Eigen\u00adverwaltung<\/span><\/h1><h2 class=\"w-post-elm post_custom_field us_custom_d39e4253 type_text rechtsgebiete-subline color_link_inherit\"><span class=\"w-post-elm-value\">Wir verstehen uns als Ihre unabh\u00e4ngigen Begleiter und Unterst\u00fctzer.<\/span><\/h2><\/div><\/div><\/div><\/div><\/div><\/section>\n<section class=\"l-section wpb_row height_large color_alternate\" id=\"intro\"><div class=\"l-section-overlay\" style=\"background:#ffffff\"><\/div><div class=\"l-section-h i-cf\"><div class=\"g-cols vc_row via_flex valign_top type_default stacking_default\"><div class=\"vc_col-sm-12 vc_col-lg-offset-2 vc_col-lg-8 wpb_column vc_column_container\"><div class=\"vc_column-inner\"><div class=\"wpb_wrapper\"><div class=\"wpb_text_column\"><div class=\"wpb_wrapper\"><p>Neben dem Regelinsolvenzverfahren h\u00e4lt die Insolvenzordnung in \u00a7\u00a7 270 ff. InsO mit dem Eigenverwaltungsverfahren und dem Schutzschirmverfahren weitere Sanierungsinstrumente bereit. Anders als beim Regelinsolvenzverfahren, in dem die Verf\u00fcgungsbefugnis mit Er\u00f6ffnung des Verfahrens auf den Insolvenzverwalter \u00fcbergeht, bleibt die unternehmerische Verantwortung im Eigenverwaltungsverfahren in den H\u00e4nden der Gesch\u00e4ftsf\u00fchrung. Mit der Anordnung wird der eigenverwaltende Schuldner quasi zum Insolvenzverwalter in eigener Sache, wozu oftmals insolvenzrechtliche Expertise erforderlich ist.<\/p>\n<p>Die Wahrscheinlichkeit eines erfolgreichen Verlaufs des Eigenverwaltungsverfahrens h\u00e4ngt von einer guten Vorbereitung ab. Diese reicht idealerweise von der Erstellung einer verfahrensspezifischen Liquidit\u00e4ts- und Ergebnisplanung \u00fcber die Vorbereitung der Vorfinanzierung des Insolvenzgeldes bis hin zur fr\u00fchzeitigen Abstimmung mit den wesentlichen Verfahrensbeteiligten einschlie\u00dflich des Insolvenzgerichts, den Mitarbeitern und den wesentlichen Gl\u00e4ubigern.<\/p>\n<p>Geeignet ist das Eigenverwaltungsverfahren insbesondere f\u00fcr Unternehmen mit funktionst\u00fcchtigen Organisationseinheiten, wie z.B. Einkauf, Produktion und Vertrieb, und intaktem Rechnungswesen, die ihren Gesch\u00e4ftsbetrieb unter dem Insolvenzregime fortf\u00fchren und restrukturieren m\u00f6chten.<\/p>\n<p>Das Gericht bestellt eine geeignete, von den Gl\u00e4ubigern und dem Schuldner unabh\u00e4ngige Person zum Sachwalter, die darauf achtet, dass die in der Insolvenz geltenden Regelungen eingehalten werden.<\/p>\n<p>Die Partner von BRRS stehen bei einer Eigenverwaltung als (vorl\u00e4ufige) Sachwalter zur Verf\u00fcgung. Hier verstehen wir uns als unabh\u00e4ngige Begleiter und Unterst\u00fctzer, die ihre Kontroll- und \u00dcberwachungsaufgaben im Interesse der Gesamtgl\u00e4ubigerschaft und des zu sanierenden Unternehmens zuverl\u00e4ssig wahrnehmen. Dies gilt sowohl in der wichtigen Phase der Betriebsfortf\u00fchrung als auch bei der Erstellung des Insolvenzplans sowie im Investorenprozess. Indem wir die wirtschaftliche Lage des Unternehmens umfassend \u00fcberpr\u00fcfen und gew\u00e4hrleisten, dass keinem Gl\u00e4ubiger ein Nachteil entsteht, fungieren wir als Bindeglied zwischen allen Verfahrensbeteiligten.<\/p>\n<\/div><\/div><\/div><\/div><\/div><\/div><\/div><\/section><section class=\"l-section wpb_row us_custom_3c1222cc height_auto color_alternate\" id=\"Referenzverfahren\"><div class=\"l-section-overlay\" style=\"background:rgba(16,117,137,0.60)\"><\/div><div class=\"l-section-h i-cf\"><div class=\"g-cols vc_row via_flex valign_top type_default stacking_default\"><div class=\"vc_col-sm-12 wpb_column vc_column_container\"><div class=\"vc_column-inner\"><div class=\"wpb_wrapper\"><div class=\"w-separator size_small\"><\/div><div class=\"wpb_text_column us_custom_6df4bc3a has_text_color\"><div class=\"wpb_wrapper\"><h2>Referenzverfahren<\/h2>\n<\/div><\/div><div class=\"w-separator size_small\"><\/div><div class=\"w-grid us_grid type_grid layout_8367 cols_3 preload_style_spinner ratio_1x1\" id=\"us_grid_1\" style=\"--columns:3;--gap:1rem;--item-ratio:1;\" data-filterable=\"true\"><style>@media (max-width:1024px){#us_grid_1{--columns:2!important}}@media (max-width:600px){#us_grid_1{--columns:1!important}}.layout_8367 .w-grid-item-h{}.layout_8367 .usg_post_image_1{transition-duration:0.3s;transform-origin:50% 50%;transform:scale(1) translate(0%,0%)}.layout_8367 .w-grid-item-h:focus-within .usg_post_image_1,.layout_8367 .w-grid-item-h:hover .usg_post_image_1{transform:scale(1.20) translate(0%,0%);opacity:1}.layout_8367 .usg_post_image_1{height:100%!important;position:absolute!important}.layout_8367 .usg_vwrapper_1{background:linear-gradient(transparent,rgba(30,30,30,0.8))!important;position:absolute!important;right:0!important;bottom:0!important;left:0!important;padding:5rem 8% 1.5rem 8%!important}.layout_8367 .usg_post_title_2{color:#ffffff!important;font-size:26px!important;line-height:30px!important;font-weight:700!important;margin-bottom:0.3rem!important}.layout_8367 .usg_post_custom_field_1{color:#f5f5f5!important;font-size:22px!important;line-height:22px!important;margin-top:-3px!important;margin-bottom:6px!important;padding-top:-3px!important;padding-bottom:6px!important}.layout_8367 .usg_post_custom_field_2{color:#ffffff!important;font-size:22px!important;line-height:22px!important;margin-top:-3px!important;margin-bottom:6px!important;padding-top:-3px!important;padding-bottom:6px!important}.layout_8367 .usg_post_custom_field_3{color:#f5f5f5!important;font-size:22px!important;line-height:22px!important;margin-top:-3px!important;margin-bottom:6px!important;padding-top:-3px!important;padding-bottom:6px!important}@media (min-width:1025px) and (max-width:1280px){.layout_8367 .usg_post_title_2{color:#ffffff!important;font-size:26px!important;line-height:30px!important;font-weight:700!important}}@media (min-width:601px) and (max-width:1024px){.layout_8367 .usg_post_title_2{color:#ffffff!important;font-size:26px!important;line-height:30px!important;font-weight:700!important}.layout_8367 .usg_post_custom_field_1{color:#f5f5f5!important;font-size:20px!important;line-height:20px!important}.layout_8367 .usg_post_custom_field_2{color:#f5f5f5!important;font-size:20px!important;line-height:20px!important}.layout_8367 .usg_post_custom_field_3{color:#f5f5f5!important;font-size:20px!important;line-height:20px!important}}@media (max-width:600px){.layout_8367 .usg_post_title_2{color:#ffffff!important;font-size:1rem!important;font-family:Akkurat Bold!important}.layout_8367 .usg_post_custom_field_1{color:#f5f5f5!important;font-size:18px!important;line-height:18px!important}.layout_8367 .usg_post_custom_field_2{color:#f5f5f5!important;font-size:18px!important;line-height:18px!important}.layout_8367 .usg_post_custom_field_3{color:#f5f5f5!important;font-size:18px!important;line-height:18px!important}}<\/style><div class=\"w-grid-list\">\t<article class=\"w-grid-item size_1x1 post-14287 us_portfolio type-us_portfolio status-publish has-post-thumbnail hentry us_portfolio_category-markus-ritterrath us_portfolio_tag-medien\" data-id=\"14287\">\r\n\t\t<div class=\"w-grid-item-h\">\r\n\t\t\t\t\t\t\t<a href=\"https:\/\/www.brrs-rechtsanwaelte.de\/de\/referenzen\/ella-solutions-gmbh-ella-lab-germany-gmbh\/\" class=\"w-grid-item-anchor\" aria-label=\"Ella Solutions GmbH &#038; Ella Lab Germany GmbH\"><\/a>\r\n\t\t\t\t\t\t<div class=\"w-post-elm post_image usg_post_image_1 has_height has_ratio\"><img loading=\"lazy\" decoding=\"async\" width=\"1024\" height=\"773\" src=\"https:\/\/www.brrs-rechtsanwaelte.de\/wp-content\/uploads\/2014\/06\/referenz-kabel-1024x773.jpg\" class=\"attachment-large size-large wp-post-image\" alt=\"\" \/><div style=\"padding-bottom:100%\"><\/div><\/div><div class=\"w-vwrapper usg_vwrapper_1 align_left valign_bottom\"><h2 class=\"w-post-elm post_title usg_post_title_2 has_text_color entry-title color_link_inherit\">Ella Solutions GmbH &#038; Ella Lab Germany GmbH<\/h2><p class=\"w-post-elm post_custom_field usg_post_custom_field_1 has_text_color type_text status color_link_inherit\"><span class=\"w-post-elm-before\">Verfahren: <\/span><span class=\"w-post-elm-value\">Regelinsolvenzverfahren<\/span><\/p><p class=\"w-post-elm post_custom_field usg_post_custom_field_3 has_text_color type_text branche color_link_inherit\"><span class=\"w-post-elm-before\">Branche: <\/span><span class=\"w-post-elm-value\">Information und Kommunikation<\/span><\/p><p class=\"w-post-elm post_custom_field usg_post_custom_field_2 has_text_color type_text verwalter color_link_inherit\"><span class=\"w-post-elm-before\">Verwalter: <\/span><span class=\"w-post-elm-value\">Markus Ritterrath<\/span><\/p><\/div>\t\t<\/div>\r\n\t\t\t<\/article>\r\n\t<article class=\"w-grid-item size_1x1 post-14132 us_portfolio type-us_portfolio status-publish has-post-thumbnail hentry us_portfolio_category-markus-ritterrath\" data-id=\"14132\">\r\n\t\t<div class=\"w-grid-item-h\">\r\n\t\t\t\t\t\t\t<a href=\"https:\/\/www.brrs-rechtsanwaelte.de\/de\/referenzen\/higher-mobility-gmbh\/\" class=\"w-grid-item-anchor\" aria-label=\"Higher Mobility GmbH\"><\/a>\r\n\t\t\t\t\t\t<div class=\"w-post-elm post_image usg_post_image_1 has_height has_ratio\"><img loading=\"lazy\" decoding=\"async\" width=\"1024\" height=\"773\" src=\"https:\/\/www.brrs-rechtsanwaelte.de\/wp-content\/uploads\/2024\/03\/header-referenzen-1024x773.jpg\" class=\"attachment-large size-large wp-post-image\" alt=\"\" \/><div style=\"padding-bottom:100%\"><\/div><\/div><div class=\"w-vwrapper usg_vwrapper_1 align_left valign_bottom\"><h2 class=\"w-post-elm post_title usg_post_title_2 has_text_color entry-title color_link_inherit\">Higher Mobility GmbH<\/h2><p class=\"w-post-elm post_custom_field usg_post_custom_field_1 has_text_color type_text status color_link_inherit\"><span class=\"w-post-elm-before\">Verfahren: <\/span><span class=\"w-post-elm-value\">Regelinsolvenzverfahren<\/span><\/p><p class=\"w-post-elm post_custom_field usg_post_custom_field_3 has_text_color type_text branche color_link_inherit\"><span class=\"w-post-elm-before\">Branche: <\/span><span class=\"w-post-elm-value\">Autovermietung<\/span><\/p><p class=\"w-post-elm post_custom_field usg_post_custom_field_2 has_text_color type_text verwalter color_link_inherit\"><span class=\"w-post-elm-before\">Verwalter: <\/span><span class=\"w-post-elm-value\">Markus Ritterrath<\/span><\/p><\/div>\t\t<\/div>\r\n\t\t\t<\/article>\r\n\t<article class=\"w-grid-item size_1x1 post-13975 us_portfolio type-us_portfolio status-publish has-post-thumbnail hentry us_portfolio_category-ulrich-rosenkranz\" data-id=\"13975\">\r\n\t\t<div class=\"w-grid-item-h\">\r\n\t\t\t\t\t\t\t<a href=\"https:\/\/www.brrs-rechtsanwaelte.de\/de\/referenzen\/simat-leins-beteiligungsgesellschaft-mbh\/\" class=\"w-grid-item-anchor\" aria-label=\"Simat-Leins Beteiligungsgesellschaft mbH\"><\/a>\r\n\t\t\t\t\t\t<div class=\"w-post-elm post_image usg_post_image_1 has_height has_ratio\"><img loading=\"lazy\" decoding=\"async\" width=\"1024\" height=\"773\" src=\"https:\/\/www.brrs-rechtsanwaelte.de\/wp-content\/uploads\/2020\/11\/referenz-tourismus-1024x773.jpg\" class=\"attachment-large size-large wp-post-image\" alt=\"\" \/><div style=\"padding-bottom:100%\"><\/div><\/div><div class=\"w-vwrapper usg_vwrapper_1 align_left valign_bottom\"><h2 class=\"w-post-elm post_title usg_post_title_2 has_text_color entry-title color_link_inherit\">Simat-Leins Beteiligungsgesellschaft mbH<\/h2><p class=\"w-post-elm post_custom_field usg_post_custom_field_1 has_text_color type_text status color_link_inherit\"><span class=\"w-post-elm-before\">Verfahren: <\/span><span class=\"w-post-elm-value\">Standard insolvency proceedings<\/span><\/p><p class=\"w-post-elm post_custom_field usg_post_custom_field_3 has_text_color type_text branche color_link_inherit\"><span class=\"w-post-elm-before\">Branche: <\/span><span class=\"w-post-elm-value\">Luggage\/trade<\/span><\/p><p class=\"w-post-elm post_custom_field usg_post_custom_field_2 has_text_color type_text verwalter color_link_inherit\"><span class=\"w-post-elm-before\">Verwalter: <\/span><span class=\"w-post-elm-value\">Ulrich Rosenkranz<\/span><\/p><\/div>\t\t<\/div>\r\n\t\t\t<\/article>\r\n<\/div>\t<div class=\"w-grid-preloader\">\r\n\t\t<div class=\"g-preloader type_1\">\r\n\t\t\t<div><\/div>\r\n\t\t<\/div>\r\n\t<\/div>\r\n\t\t<div class=\"w-grid-json hidden\" onclick='return {&quot;action&quot;:&quot;us_ajax_grid&quot;,&quot;infinite_scroll&quot;:0,&quot;max_num_pages&quot;:6,&quot;pagination&quot;:&quot;none&quot;,&quot;template_vars&quot;:{&quot;columns&quot;:&quot;3&quot;,&quot;exclude_items&quot;:&quot;none&quot;,&quot;img_size&quot;:&quot;default&quot;,&quot;ignore_items_size&quot;:0,&quot;items_layout&quot;:&quot;8367&quot;,&quot;items_offset&quot;:&quot;1&quot;,&quot;load_animation&quot;:&quot;none&quot;,&quot;overriding_link&quot;:&quot;%7B%22type%22%3A%22post%22%7D&quot;,&quot;post_id&quot;:0,&quot;query_args&quot;:{&quot;post_type&quot;:[&quot;us_portfolio&quot;],&quot;post_status&quot;:[&quot;publish&quot;,&quot;acf-disabled&quot;],&quot;posts_per_page&quot;:&quot;3&quot;},&quot;orderby_query_args&quot;:{&quot;orderby&quot;:&quot;custom_field&quot;,&quot;meta_key&quot;:&quot;&quot;,&quot;order&quot;:&quot;DESC&quot;},&quot;type&quot;:&quot;grid&quot;,&quot;us_grid_post_type&quot;:&quot;us_portfolio&quot;,&quot;us_grid_ajax_index&quot;:1,&quot;us_grid_filter_query_string&quot;:null,&quot;us_grid_index&quot;:1,&quot;page_args&quot;:[]}}'><\/div>\r\n\t<\/div><div class=\"w-separator size_medium\"><\/div><\/div><\/div><\/div><\/div><\/div><\/section>\n","protected":false},"excerpt":{"rendered":"Initial Situation The debtor had initially specialised in the sale and repair of suitcases, in particular under the \u2018Klockmann\u2019 brand. This business model collapsed completely with the start of the coronavirus pandemic in March 2020. As a result, the debtor also lost its most important supplier, RIMOWA GmbH, in March 2022, which cancelled all dealer...","protected":false},"author":2,"featured_media":9602,"parent":6373,"menu_order":0,"comment_status":"closed","ping_status":"closed","template":"","meta":{"_acf_changed":false,"footnotes":""},"categories":[],"tags":[],"class_list":["post-9605","page","type-page","status-publish","has-post-thumbnail","hentry"],"acf":[],"yoast_head":"<!-- This site is optimized with the Yoast SEO plugin v27.4 - https:\/\/yoast.com\/product\/yoast-seo-wordpress\/ -->\n<title>Schutzschirmverfahren - Leistungen von BRRS Rechtsanw\u00e4lte<\/title>\n<meta name=\"description\" content=\"BRRS Rechtsanw\u00e4lte bieten umfassende Leistungen im Schutzschirmverfahren an. Beantragung, Eigenverwaltung und Restrukturierung zur Sanierung von Unternehmen unter Gl\u00e4ubigerschutz.\" \/>\n<meta name=\"robots\" content=\"index, follow, max-snippet:-1, max-image-preview:large, max-video-preview:-1\" \/>\n<link rel=\"canonical\" href=\"https:\/\/www.brrs-rechtsanwaelte.de\/de\/leistungen\/schutzschirmverfahren\/\" \/>\n<meta property=\"og:locale\" content=\"de_DE\" \/>\n<meta property=\"og:type\" content=\"article\" \/>\n<meta property=\"og:title\" content=\"Schutzschirmverfahren - Leistungen von BRRS Rechtsanw\u00e4lte\" \/>\n<meta property=\"og:description\" content=\"BRRS Rechtsanw\u00e4lte bieten umfassende Leistungen im Schutzschirmverfahren an. Beantragung, Eigenverwaltung und Restrukturierung zur Sanierung von Unternehmen unter Gl\u00e4ubigerschutz.\" \/>\n<meta property=\"og:url\" content=\"https:\/\/www.brrs-rechtsanwaelte.de\/de\/leistungen\/schutzschirmverfahren\/\" \/>\n<meta property=\"og:site_name\" content=\"BRRS Rechtsanw\u00e4lte \u2013 Insolvenzverwaltung \/ Restrukturierung\" \/>\n<meta property=\"article:modified_time\" content=\"2023-05-08T11:35:55+00:00\" \/>\n<meta property=\"og:image\" content=\"https:\/\/www.brrs-rechtsanwaelte.de\/wp-content\/uploads\/2020\/12\/header-schutzschirmverfahren.jpg\" \/>\n\t<meta property=\"og:image:width\" content=\"2560\" \/>\n\t<meta property=\"og:image:height\" content=\"1356\" \/>\n\t<meta property=\"og:image:type\" content=\"image\/jpeg\" \/>\n<meta name=\"twitter:card\" content=\"summary_large_image\" \/>\n<meta name=\"twitter:label1\" content=\"Gesch\u00e4tzte Lesezeit\" \/>\n\t<meta name=\"twitter:data1\" content=\"2\u00a0Minuten\" \/>\n<!-- \/ Yoast SEO plugin. -->","yoast_head_json":{"title":"Schutzschirmverfahren - Leistungen von BRRS Rechtsanw\u00e4lte","description":"BRRS Rechtsanw\u00e4lte bieten umfassende Leistungen im Schutzschirmverfahren an. Beantragung, Eigenverwaltung und Restrukturierung zur Sanierung von Unternehmen unter Gl\u00e4ubigerschutz.","robots":{"index":"index","follow":"follow","max-snippet":"max-snippet:-1","max-image-preview":"max-image-preview:large","max-video-preview":"max-video-preview:-1"},"canonical":"https:\/\/www.brrs-rechtsanwaelte.de\/de\/leistungen\/schutzschirmverfahren\/","og_locale":"de_DE","og_type":"article","og_title":"Schutzschirmverfahren - Leistungen von BRRS Rechtsanw\u00e4lte","og_description":"BRRS Rechtsanw\u00e4lte bieten umfassende Leistungen im Schutzschirmverfahren an. Beantragung, Eigenverwaltung und Restrukturierung zur Sanierung von Unternehmen unter Gl\u00e4ubigerschutz.","og_url":"https:\/\/www.brrs-rechtsanwaelte.de\/de\/leistungen\/schutzschirmverfahren\/","og_site_name":"BRRS Rechtsanw\u00e4lte \u2013 Insolvenzverwaltung \/ Restrukturierung","article_modified_time":"2023-05-08T11:35:55+00:00","og_image":[{"width":2560,"height":1356,"url":"https:\/\/www.brrs-rechtsanwaelte.de\/wp-content\/uploads\/2020\/12\/header-schutzschirmverfahren.jpg","type":"image\/jpeg"}],"twitter_card":"summary_large_image","twitter_misc":{"Gesch\u00e4tzte Lesezeit":"2\u00a0Minuten"},"schema":{"@context":"https:\/\/schema.org","@graph":[{"@type":"WebPage","@id":"https:\/\/www.brrs-rechtsanwaelte.de\/de\/leistungen\/schutzschirmverfahren\/","url":"https:\/\/www.brrs-rechtsanwaelte.de\/de\/leistungen\/schutzschirmverfahren\/","name":"Schutzschirmverfahren - Leistungen von BRRS Rechtsanw\u00e4lte","isPartOf":{"@id":"https:\/\/www.brrs-rechtsanwaelte.de\/de\/#website"},"primaryImageOfPage":{"@id":"https:\/\/www.brrs-rechtsanwaelte.de\/de\/leistungen\/schutzschirmverfahren\/#primaryimage"},"image":{"@id":"https:\/\/www.brrs-rechtsanwaelte.de\/de\/leistungen\/schutzschirmverfahren\/#primaryimage"},"thumbnailUrl":"https:\/\/www.brrs-rechtsanwaelte.de\/wp-content\/uploads\/2020\/12\/header-schutzschirmverfahren.jpg","datePublished":"2020-12-10T18:47:28+00:00","dateModified":"2023-05-08T11:35:55+00:00","description":"BRRS Rechtsanw\u00e4lte bieten umfassende Leistungen im Schutzschirmverfahren an. Beantragung, Eigenverwaltung und Restrukturierung zur Sanierung von Unternehmen unter Gl\u00e4ubigerschutz.","breadcrumb":{"@id":"https:\/\/www.brrs-rechtsanwaelte.de\/de\/leistungen\/schutzschirmverfahren\/#breadcrumb"},"inLanguage":"de","potentialAction":[{"@type":"ReadAction","target":["https:\/\/www.brrs-rechtsanwaelte.de\/de\/leistungen\/schutzschirmverfahren\/"]}]},{"@type":"ImageObject","inLanguage":"de","@id":"https:\/\/www.brrs-rechtsanwaelte.de\/de\/leistungen\/schutzschirmverfahren\/#primaryimage","url":"https:\/\/www.brrs-rechtsanwaelte.de\/wp-content\/uploads\/2020\/12\/header-schutzschirmverfahren.jpg","contentUrl":"https:\/\/www.brrs-rechtsanwaelte.de\/wp-content\/uploads\/2020\/12\/header-schutzschirmverfahren.jpg","width":2560,"height":1356},{"@type":"BreadcrumbList","@id":"https:\/\/www.brrs-rechtsanwaelte.de\/de\/leistungen\/schutzschirmverfahren\/#breadcrumb","itemListElement":[{"@type":"ListItem","position":1,"name":"Startseite","item":"https:\/\/www.brrs-rechtsanwaelte.de\/de\/"},{"@type":"ListItem","position":2,"name":"Leistungen","item":"https:\/\/www.brrs-rechtsanwaelte.de\/de\/leistungen\/"},{"@type":"ListItem","position":3,"name":"Schutzschirm\u00adverfahren und Eigen\u00adverwaltung (ESUG)"}]},{"@type":"WebSite","@id":"https:\/\/www.brrs-rechtsanwaelte.de\/de\/#website","url":"https:\/\/www.brrs-rechtsanwaelte.de\/de\/","name":"BRRS Rechtsanw\u00e4lte \u2013 Insolvenzverwaltung \/ Restrukturierung","description":"von BRRS Rechtsanw\u00e4lte","publisher":{"@id":"https:\/\/www.brrs-rechtsanwaelte.de\/de\/#organization"},"potentialAction":[{"@type":"SearchAction","target":{"@type":"EntryPoint","urlTemplate":"https:\/\/www.brrs-rechtsanwaelte.de\/de\/?s={search_term_string}"},"query-input":{"@type":"PropertyValueSpecification","valueRequired":true,"valueName":"search_term_string"}}],"inLanguage":"de"},{"@type":"Organization","@id":"https:\/\/www.brrs-rechtsanwaelte.de\/de\/#organization","name":"BRRS Rechtsanw\u00e4lte","url":"https:\/\/www.brrs-rechtsanwaelte.de\/de\/","logo":{"@type":"ImageObject","inLanguage":"de","@id":"https:\/\/www.brrs-rechtsanwaelte.de\/de\/#\/schema\/logo\/image\/","url":"https:\/\/www.brrs-rechtsanwaelte.de\/wp-content\/uploads\/2021\/07\/logo-brrs.png","contentUrl":"https:\/\/www.brrs-rechtsanwaelte.de\/wp-content\/uploads\/2021\/07\/logo-brrs.png","width":474,"height":174,"caption":"BRRS Rechtsanw\u00e4lte"},"image":{"@id":"https:\/\/www.brrs-rechtsanwaelte.de\/de\/#\/schema\/logo\/image\/"}}]}},"_links":{"self":[{"href":"https:\/\/www.brrs-rechtsanwaelte.de\/de\/wp-json\/wp\/v2\/pages\/9605","targetHints":{"allow":["GET"]}}],"collection":[{"href":"https:\/\/www.brrs-rechtsanwaelte.de\/de\/wp-json\/wp\/v2\/pages"}],"about":[{"href":"https:\/\/www.brrs-rechtsanwaelte.de\/de\/wp-json\/wp\/v2\/types\/page"}],"author":[{"embeddable":true,"href":"https:\/\/www.brrs-rechtsanwaelte.de\/de\/wp-json\/wp\/v2\/users\/2"}],"replies":[{"embeddable":true,"href":"https:\/\/www.brrs-rechtsanwaelte.de\/de\/wp-json\/wp\/v2\/comments?post=9605"}],"version-history":[{"count":17,"href":"https:\/\/www.brrs-rechtsanwaelte.de\/de\/wp-json\/wp\/v2\/pages\/9605\/revisions"}],"predecessor-version":[{"id":11833,"href":"https:\/\/www.brrs-rechtsanwaelte.de\/de\/wp-json\/wp\/v2\/pages\/9605\/revisions\/11833"}],"up":[{"embeddable":true,"href":"https:\/\/www.brrs-rechtsanwaelte.de\/de\/wp-json\/wp\/v2\/pages\/6373"}],"wp:featuredmedia":[{"embeddable":true,"href":"https:\/\/www.brrs-rechtsanwaelte.de\/de\/wp-json\/wp\/v2\/media\/9602"}],"wp:attachment":[{"href":"https:\/\/www.brrs-rechtsanwaelte.de\/de\/wp-json\/wp\/v2\/media?parent=9605"}],"wp:term":[{"taxonomy":"category","embeddable":true,"href":"https:\/\/www.brrs-rechtsanwaelte.de\/de\/wp-json\/wp\/v2\/categories?post=9605"},{"taxonomy":"post_tag","embeddable":true,"href":"https:\/\/www.brrs-rechtsanwaelte.de\/de\/wp-json\/wp\/v2\/tags?post=9605"}],"curies":[{"name":"wp","href":"https:\/\/api.w.org\/{rel}","templated":true}]}}