{"id":9593,"date":"2020-12-10T19:39:39","date_gmt":"2020-12-10T18:39:39","guid":{"rendered":"https:\/\/www.brrs-rechtsanwaelte.de\/?page_id=9593"},"modified":"2023-05-08T16:05:07","modified_gmt":"2023-05-08T14:05:07","slug":"insolvenzverwaltung","status":"publish","type":"page","link":"https:\/\/www.brrs-rechtsanwaelte.de\/de\/leistungen\/insolvenzverwaltung\/","title":{"rendered":"Insolvenzverwaltung"},"content":{"rendered":"<section class=\"l-section wpb_row us_custom_6df83199 height_medium color_primary with_img\"><div class=\"l-section-img\" role=\"img\" aria-label=\"Bild\" data-img-width=\"2560\" data-img-height=\"1356\" style=\"background-image: url(https:\/\/www.brrs-rechtsanwaelte.de\/wp-content\/uploads\/2020\/12\/header-insolvenzverwaltung.jpg);background-repeat: no-repeat;\"><\/div><div class=\"l-section-overlay\" style=\"background:rgba(16,117,137,0.55)\"><\/div><div class=\"l-section-h i-cf\"><div class=\"g-cols vc_row via_flex valign_bottom type_default stacking_default\"><div class=\"vc_col-sm-12 wpb_column vc_column_container us_animate_fade\"><div class=\"vc_column-inner\"><div class=\"wpb_wrapper\"><div class=\"w-separator size_huge\"><\/div><h1 class=\"w-post-elm post_custom_field us_custom_d85ca867 type_text rechtsgebiete-titel color_link_inherit\"><span class=\"w-post-elm-value\">Insolvenz\u00adverwaltung<\/span><\/h1><h2 class=\"w-post-elm post_custom_field us_custom_d39e4253 type_text rechtsgebiete-subline color_link_inherit\"><span class=\"w-post-elm-value\">Modern und sanierungsorientiert<\/span><\/h2><\/div><\/div><\/div><\/div><\/div><\/section>\n<section class=\"l-section wpb_row height_large color_alternate\" id=\"intro\"><div class=\"l-section-overlay\" style=\"background:#ffffff\"><\/div><div class=\"l-section-h i-cf\"><div class=\"g-cols vc_row via_flex valign_top type_default stacking_default\"><div class=\"vc_col-sm-12 vc_col-lg-offset-2 vc_col-lg-8 wpb_column vc_column_container\"><div class=\"vc_column-inner\"><div class=\"wpb_wrapper\"><div class=\"wpb_text_column\"><div class=\"wpb_wrapper\"><p>Insolvenzverwaltung ist unsere Kernkompetenz &#8211; hierf\u00fcr schl\u00e4gt unser Herz. Die Partner der Soziet\u00e4t werden regelm\u00e4\u00dfig als Sachverst\u00e4ndige, Insolvenzverwalter:innen, Sachwalter:innen und Treuh\u00e4nder:innen von verschiedenen Gerichten in Hamburg, Hessen, Mecklenburg-Vorpommern und Schleswig-Holstein bestellt.<\/p>\n<p>Wir verstehen Insolvenzverwaltung als Aufgabe mit dem Ziel der Sanierung von Unternehmen, des Erhalts von Arbeitspl\u00e4tzen und der bestm\u00f6glichen Befriedigung der Gl\u00e4ubiger. Die Insolvenzordnung gibt uns daf\u00fcr eine Vielzahl von Werkzeugen an die Hand, die wir in voller Bandbreite kenntnisreich nutzen.<\/p>\n<p>Unsere gelebte Unabh\u00e4ngigkeit erm\u00f6glicht es uns dabei, Anspr\u00fcche selbstbewusst und konsequent gegen\u00fcber allen potentiellen Anspruchsgegnern geltend zu machen und durchzusetzen. Dies entspricht unserem Verst\u00e4ndnis von der Stellung des Insolvenzverwalters, der sich stets aller M\u00f6glichkeiten, die ihm durch die Insolvenzordnung gegeben werden, bewusst sein muss und diese im richtigen Ma\u00df zu nutzen hat.<\/p>\n<p>Das Gesetz setzt uns den Rahmen &#8211; das reicht aber nicht aus, um unsere Ziele wirklich zu erreichen. Erfolg haben wir nur, wenn wir schier Unm\u00f6gliches zusammenbringen: Dialog und Hartn\u00e4ckigkeit, Offenheit und Konsequenz, Kommunikation und Diskretion, Vielschichtigkeit und Klarheit. Nicht selten helfen auch eine Prise Humor und Menschlichkeit.<\/p>\n<\/div><\/div><\/div><\/div><\/div><\/div><\/div><\/section><section class=\"l-section wpb_row us_custom_964e581b has_text_color height_auto color_alternate\" id=\"Referenzverfahren\"><div class=\"l-section-overlay\" style=\"background:rgba(16,117,137,0.60)\"><\/div><div class=\"l-section-h i-cf\"><div class=\"g-cols vc_row via_flex valign_top type_default stacking_default\"><div class=\"vc_col-sm-12 wpb_column vc_column_container has_text_color us_animate_fade\"><div class=\"vc_column-inner us_custom_6df4bc3a\"><div class=\"wpb_wrapper\"><div class=\"w-separator size_medium\"><\/div><div class=\"wpb_text_column us_custom_6df4bc3a has_text_color\"><div class=\"wpb_wrapper\"><h2>Referenzverfahren<\/h2>\n<\/div><\/div><div class=\"w-separator size_small\"><\/div><div class=\"w-grid us_grid type_grid layout_8367 cols_3 preload_style_spinner ratio_1x1\" id=\"us_grid_1\" style=\"--columns:3;--gap:1rem;--item-ratio:1;\"><style>@media (max-width:1024px){#us_grid_1{--columns:2!important}}@media (max-width:600px){#us_grid_1{--columns:1!important}}.layout_8367 .w-grid-item-h{}.layout_8367 .usg_post_image_1{transition-duration:0.3s;transform-origin:50% 50%;transform:scale(1) translate(0%,0%)}.layout_8367 .w-grid-item-h:focus-within .usg_post_image_1,.layout_8367 .w-grid-item-h:hover .usg_post_image_1{transform:scale(1.20) translate(0%,0%);opacity:1}.layout_8367 .usg_post_image_1{height:100%!important;position:absolute!important}.layout_8367 .usg_vwrapper_1{background:linear-gradient(transparent,rgba(30,30,30,0.8))!important;position:absolute!important;right:0!important;bottom:0!important;left:0!important;padding:5rem 8% 1.5rem 8%!important}.layout_8367 .usg_post_title_2{color:#ffffff!important;font-size:26px!important;line-height:30px!important;font-weight:700!important;margin-bottom:0.3rem!important}.layout_8367 .usg_post_custom_field_1{color:#f5f5f5!important;font-size:22px!important;line-height:22px!important;margin-top:-3px!important;margin-bottom:6px!important;padding-top:-3px!important;padding-bottom:6px!important}.layout_8367 .usg_post_custom_field_2{color:#ffffff!important;font-size:22px!important;line-height:22px!important;margin-top:-3px!important;margin-bottom:6px!important;padding-top:-3px!important;padding-bottom:6px!important}.layout_8367 .usg_post_custom_field_3{color:#f5f5f5!important;font-size:22px!important;line-height:22px!important;margin-top:-3px!important;margin-bottom:6px!important;padding-top:-3px!important;padding-bottom:6px!important}@media (min-width:1025px) and (max-width:1280px){.layout_8367 .usg_post_title_2{color:#ffffff!important;font-size:26px!important;line-height:30px!important;font-weight:700!important}}@media (min-width:601px) and (max-width:1024px){.layout_8367 .usg_post_title_2{color:#ffffff!important;font-size:26px!important;line-height:30px!important;font-weight:700!important}.layout_8367 .usg_post_custom_field_1{color:#f5f5f5!important;font-size:20px!important;line-height:20px!important}.layout_8367 .usg_post_custom_field_2{color:#f5f5f5!important;font-size:20px!important;line-height:20px!important}.layout_8367 .usg_post_custom_field_3{color:#f5f5f5!important;font-size:20px!important;line-height:20px!important}}@media (max-width:600px){.layout_8367 .usg_post_title_2{color:#ffffff!important;font-size:1rem!important;font-family:Akkurat Bold!important}.layout_8367 .usg_post_custom_field_1{color:#f5f5f5!important;font-size:18px!important;line-height:18px!important}.layout_8367 .usg_post_custom_field_2{color:#f5f5f5!important;font-size:18px!important;line-height:18px!important}.layout_8367 .usg_post_custom_field_3{color:#f5f5f5!important;font-size:18px!important;line-height:18px!important}}<\/style><div class=\"w-grid-list\">\t<article class=\"w-grid-item size_1x1 post-8484 us_portfolio type-us_portfolio status-publish has-post-thumbnail hentry us_portfolio_category-ulrich-rosenkranz us_portfolio_tag-landwirtschaft\" data-id=\"8484\">\r\n\t\t<div class=\"w-grid-item-h\">\r\n\t\t\t\t\t\t\t<a href=\"https:\/\/www.brrs-rechtsanwaelte.de\/de\/referenzen\/gut-poetenitz-agrargesellschaft-mbh\/\" class=\"w-grid-item-anchor\" aria-label=\"Gut P\u00f6tenitz Agrargesellschaft mbH\"><\/a>\r\n\t\t\t\t\t\t<div class=\"w-post-elm post_image usg_post_image_1 has_height has_ratio\"><img loading=\"lazy\" decoding=\"async\" width=\"1024\" height=\"773\" src=\"https:\/\/www.brrs-rechtsanwaelte.de\/wp-content\/uploads\/2020\/09\/referenz-landwirtschaft-1024x773.jpg\" class=\"attachment-large size-large wp-post-image\" alt=\"\" \/><div style=\"padding-bottom:100%\"><\/div><\/div><div class=\"w-vwrapper usg_vwrapper_1 align_left valign_bottom\"><h2 class=\"w-post-elm post_title usg_post_title_2 has_text_color entry-title color_link_inherit\">Gut P\u00f6tenitz Agrargesellschaft mbH<\/h2><p class=\"w-post-elm post_custom_field usg_post_custom_field_1 has_text_color type_text status color_link_inherit\"><span class=\"w-post-elm-before\">Verfahren: <\/span><span class=\"w-post-elm-value\">Regelinsolvenzverfahren<\/span><\/p><p class=\"w-post-elm post_custom_field usg_post_custom_field_3 has_text_color type_text branche color_link_inherit\"><span class=\"w-post-elm-before\">Branche: <\/span><span class=\"w-post-elm-value\">Landwirtschaft<\/span><\/p><p class=\"w-post-elm post_custom_field usg_post_custom_field_2 has_text_color type_text verwalter color_link_inherit\"><span class=\"w-post-elm-before\">Verwalter: <\/span><span class=\"w-post-elm-value\">Ulrich Rosenkranz<\/span><\/p><\/div>\t\t<\/div>\r\n\t\t\t<\/article>\r\n\t<article class=\"w-grid-item size_1x1 post-8474 us_portfolio type-us_portfolio status-publish has-post-thumbnail hentry us_portfolio_category-stephan-schlegel us_portfolio_tag-dienstleistungen\" data-id=\"8474\">\r\n\t\t<div class=\"w-grid-item-h\">\r\n\t\t\t\t\t\t\t<a href=\"https:\/\/www.brrs-rechtsanwaelte.de\/de\/referenzen\/weitzel-gebaeudedienste-gmbh\/\" class=\"w-grid-item-anchor\" aria-label=\"Weitzel Geb\u00e4udedienste GmbH\"><\/a>\r\n\t\t\t\t\t\t<div class=\"w-post-elm post_image usg_post_image_1 has_height has_ratio\"><img loading=\"lazy\" decoding=\"async\" width=\"1024\" height=\"773\" src=\"https:\/\/www.brrs-rechtsanwaelte.de\/wp-content\/uploads\/2020\/09\/referenz-immobilien-1024x773.jpg\" class=\"attachment-large size-large wp-post-image\" alt=\"\" \/><div style=\"padding-bottom:100%\"><\/div><\/div><div class=\"w-vwrapper usg_vwrapper_1 align_left valign_bottom\"><h2 class=\"w-post-elm post_title usg_post_title_2 has_text_color entry-title color_link_inherit\">Weitzel Geb\u00e4udedienste GmbH<\/h2><p class=\"w-post-elm post_custom_field usg_post_custom_field_1 has_text_color type_text status color_link_inherit\"><span class=\"w-post-elm-before\">Verfahren: <\/span><span class=\"w-post-elm-value\">Regelinsolvenzverfahren<\/span><\/p><p class=\"w-post-elm post_custom_field usg_post_custom_field_3 has_text_color type_text branche color_link_inherit\"><span class=\"w-post-elm-before\">Branche: <\/span><span class=\"w-post-elm-value\">Geb\u00e4udereinigung<\/span><\/p><p class=\"w-post-elm post_custom_field usg_post_custom_field_2 has_text_color type_text verwalter color_link_inherit\"><span class=\"w-post-elm-before\">Verwalter: <\/span><span class=\"w-post-elm-value\">Dr. Stephan Schlegel<\/span><\/p><\/div>\t\t<\/div>\r\n\t\t\t<\/article>\r\n<\/div>\t<div class=\"w-grid-preloader\">\r\n\t\t<div class=\"g-preloader type_1\">\r\n\t\t\t<div><\/div>\r\n\t\t<\/div>\r\n\t<\/div>\r\n\t\t<div class=\"w-grid-json hidden\" onclick='return {&quot;action&quot;:&quot;us_ajax_grid&quot;,&quot;infinite_scroll&quot;:0,&quot;max_num_pages&quot;:1,&quot;pagination&quot;:&quot;none&quot;,&quot;template_vars&quot;:{&quot;columns&quot;:&quot;3&quot;,&quot;exclude_items&quot;:&quot;none&quot;,&quot;img_size&quot;:&quot;default&quot;,&quot;ignore_items_size&quot;:0,&quot;items_layout&quot;:&quot;8367&quot;,&quot;items_offset&quot;:&quot;1&quot;,&quot;load_animation&quot;:&quot;none&quot;,&quot;overriding_link&quot;:&quot;%7B%22type%22%3A%22post%22%7D&quot;,&quot;post_id&quot;:0,&quot;query_args&quot;:{&quot;ignore_sticky_posts&quot;:1,&quot;post_type&quot;:&quot;any&quot;,&quot;post__in&quot;:[&quot;8008&quot;,&quot;8474&quot;,&quot;8484&quot;],&quot;posts_per_page&quot;:&quot;3&quot;},&quot;orderby_query_args&quot;:{&quot;orderby&quot;:&quot;custom_field&quot;,&quot;meta_key&quot;:&quot;&quot;,&quot;order&quot;:&quot;DESC&quot;},&quot;type&quot;:&quot;grid&quot;,&quot;us_grid_post_type&quot;:&quot;ids&quot;,&quot;us_grid_ajax_index&quot;:1,&quot;us_grid_filter_query_string&quot;:null,&quot;us_grid_index&quot;:1,&quot;page_args&quot;:[]}}'><\/div>\r\n\t<\/div><div class=\"w-separator size_medium\"><\/div><\/div><\/div><\/div><\/div><\/div><\/section>\n","protected":false},"excerpt":{"rendered":"Ausgangssituation Die Schuldnerin betrieb mit einer Schwesterfirma einen Geb\u00e4udereinigungsbetrieb. Infolge der engen Verflechtung beider Betriebe und wechselseitiger Leistungserbringungen ging der \u00dcberblick verloren, was zu erheblichen Leistungseinbu\u00dfen f\u00fchrte. Das Insolvenzverfahren Binnen 2,5 Arbeitstagen wurde das Insolvenzgeld der 350 Mitarbeiter vorfinanziert. Insolvenzverwalter Dr. Stephan Schlegel hielt gemeinsam mit der Gesch\u00e4ftsf\u00fchrung die Kunden bei der Stange und begleitete...","protected":false},"author":2,"featured_media":9594,"parent":6373,"menu_order":0,"comment_status":"closed","ping_status":"closed","template":"","meta":{"_acf_changed":false,"footnotes":""},"categories":[],"tags":[],"class_list":["post-9593","page","type-page","status-publish","has-post-thumbnail","hentry"],"acf":[],"yoast_head":"<!-- This site is optimized with the Yoast SEO plugin v27.4 - https:\/\/yoast.com\/product\/yoast-seo-wordpress\/ -->\n<title>Insolvenzverwaltung - Leistungen von BRRS Rechtsanw\u00e4lte<\/title>\n<meta name=\"description\" content=\"BRRS Rechtsanw\u00e4lte bieten umfassende Dienstleistungen zur Insolvenzverwaltung an. Vertretung von Gl\u00e4ubigern und Schuldnern, Insolvenzpl\u00e4ne, Verm\u00f6gensverwertung und mehr.\" \/>\n<meta name=\"robots\" content=\"index, follow, max-snippet:-1, max-image-preview:large, max-video-preview:-1\" \/>\n<link rel=\"canonical\" href=\"https:\/\/www.brrs-rechtsanwaelte.de\/de\/leistungen\/insolvenzverwaltung\/\" \/>\n<meta property=\"og:locale\" content=\"de_DE\" \/>\n<meta property=\"og:type\" content=\"article\" \/>\n<meta property=\"og:title\" content=\"Insolvenzverwaltung - Leistungen von BRRS Rechtsanw\u00e4lte\" \/>\n<meta property=\"og:description\" content=\"BRRS Rechtsanw\u00e4lte bieten umfassende Dienstleistungen zur Insolvenzverwaltung an. Vertretung von Gl\u00e4ubigern und Schuldnern, Insolvenzpl\u00e4ne, Verm\u00f6gensverwertung und mehr.\" \/>\n<meta property=\"og:url\" content=\"https:\/\/www.brrs-rechtsanwaelte.de\/de\/leistungen\/insolvenzverwaltung\/\" \/>\n<meta property=\"og:site_name\" content=\"BRRS Rechtsanw\u00e4lte \u2013 Insolvenzverwaltung \/ Restrukturierung\" \/>\n<meta property=\"article:modified_time\" content=\"2023-05-08T14:05:07+00:00\" \/>\n<meta property=\"og:image\" content=\"https:\/\/www.brrs-rechtsanwaelte.de\/wp-content\/uploads\/2020\/12\/header-insolvenzverwaltung.jpg\" \/>\n\t<meta property=\"og:image:width\" content=\"2560\" \/>\n\t<meta property=\"og:image:height\" content=\"1356\" \/>\n\t<meta property=\"og:image:type\" content=\"image\/jpeg\" \/>\n<meta name=\"twitter:card\" content=\"summary_large_image\" \/>\n<meta name=\"twitter:label1\" content=\"Gesch\u00e4tzte Lesezeit\" \/>\n\t<meta name=\"twitter:data1\" content=\"2\u00a0Minuten\" \/>\n<!-- \/ Yoast SEO plugin. -->","yoast_head_json":{"title":"Insolvenzverwaltung - Leistungen von BRRS Rechtsanw\u00e4lte","description":"BRRS Rechtsanw\u00e4lte bieten umfassende Dienstleistungen zur Insolvenzverwaltung an. Vertretung von Gl\u00e4ubigern und Schuldnern, Insolvenzpl\u00e4ne, Verm\u00f6gensverwertung und mehr.","robots":{"index":"index","follow":"follow","max-snippet":"max-snippet:-1","max-image-preview":"max-image-preview:large","max-video-preview":"max-video-preview:-1"},"canonical":"https:\/\/www.brrs-rechtsanwaelte.de\/de\/leistungen\/insolvenzverwaltung\/","og_locale":"de_DE","og_type":"article","og_title":"Insolvenzverwaltung - Leistungen von BRRS Rechtsanw\u00e4lte","og_description":"BRRS Rechtsanw\u00e4lte bieten umfassende Dienstleistungen zur Insolvenzverwaltung an. Vertretung von Gl\u00e4ubigern und Schuldnern, Insolvenzpl\u00e4ne, Verm\u00f6gensverwertung und mehr.","og_url":"https:\/\/www.brrs-rechtsanwaelte.de\/de\/leistungen\/insolvenzverwaltung\/","og_site_name":"BRRS Rechtsanw\u00e4lte \u2013 Insolvenzverwaltung \/ Restrukturierung","article_modified_time":"2023-05-08T14:05:07+00:00","og_image":[{"width":2560,"height":1356,"url":"https:\/\/www.brrs-rechtsanwaelte.de\/wp-content\/uploads\/2020\/12\/header-insolvenzverwaltung.jpg","type":"image\/jpeg"}],"twitter_card":"summary_large_image","twitter_misc":{"Gesch\u00e4tzte Lesezeit":"2\u00a0Minuten"},"schema":{"@context":"https:\/\/schema.org","@graph":[{"@type":"WebPage","@id":"https:\/\/www.brrs-rechtsanwaelte.de\/de\/leistungen\/insolvenzverwaltung\/","url":"https:\/\/www.brrs-rechtsanwaelte.de\/de\/leistungen\/insolvenzverwaltung\/","name":"Insolvenzverwaltung - Leistungen von BRRS Rechtsanw\u00e4lte","isPartOf":{"@id":"https:\/\/www.brrs-rechtsanwaelte.de\/de\/#website"},"primaryImageOfPage":{"@id":"https:\/\/www.brrs-rechtsanwaelte.de\/de\/leistungen\/insolvenzverwaltung\/#primaryimage"},"image":{"@id":"https:\/\/www.brrs-rechtsanwaelte.de\/de\/leistungen\/insolvenzverwaltung\/#primaryimage"},"thumbnailUrl":"https:\/\/www.brrs-rechtsanwaelte.de\/wp-content\/uploads\/2020\/12\/header-insolvenzverwaltung.jpg","datePublished":"2020-12-10T18:39:39+00:00","dateModified":"2023-05-08T14:05:07+00:00","description":"BRRS Rechtsanw\u00e4lte bieten umfassende Dienstleistungen zur Insolvenzverwaltung an. Vertretung von Gl\u00e4ubigern und Schuldnern, Insolvenzpl\u00e4ne, Verm\u00f6gensverwertung und mehr.","breadcrumb":{"@id":"https:\/\/www.brrs-rechtsanwaelte.de\/de\/leistungen\/insolvenzverwaltung\/#breadcrumb"},"inLanguage":"de","potentialAction":[{"@type":"ReadAction","target":["https:\/\/www.brrs-rechtsanwaelte.de\/de\/leistungen\/insolvenzverwaltung\/"]}]},{"@type":"ImageObject","inLanguage":"de","@id":"https:\/\/www.brrs-rechtsanwaelte.de\/de\/leistungen\/insolvenzverwaltung\/#primaryimage","url":"https:\/\/www.brrs-rechtsanwaelte.de\/wp-content\/uploads\/2020\/12\/header-insolvenzverwaltung.jpg","contentUrl":"https:\/\/www.brrs-rechtsanwaelte.de\/wp-content\/uploads\/2020\/12\/header-insolvenzverwaltung.jpg","width":2560,"height":1356},{"@type":"BreadcrumbList","@id":"https:\/\/www.brrs-rechtsanwaelte.de\/de\/leistungen\/insolvenzverwaltung\/#breadcrumb","itemListElement":[{"@type":"ListItem","position":1,"name":"Startseite","item":"https:\/\/www.brrs-rechtsanwaelte.de\/de\/"},{"@type":"ListItem","position":2,"name":"Leistungen","item":"https:\/\/www.brrs-rechtsanwaelte.de\/de\/leistungen\/"},{"@type":"ListItem","position":3,"name":"Insolvenzverwaltung"}]},{"@type":"WebSite","@id":"https:\/\/www.brrs-rechtsanwaelte.de\/de\/#website","url":"https:\/\/www.brrs-rechtsanwaelte.de\/de\/","name":"BRRS Rechtsanw\u00e4lte \u2013 Insolvenzverwaltung \/ Restrukturierung","description":"von BRRS Rechtsanw\u00e4lte","publisher":{"@id":"https:\/\/www.brrs-rechtsanwaelte.de\/de\/#organization"},"potentialAction":[{"@type":"SearchAction","target":{"@type":"EntryPoint","urlTemplate":"https:\/\/www.brrs-rechtsanwaelte.de\/de\/?s={search_term_string}"},"query-input":{"@type":"PropertyValueSpecification","valueRequired":true,"valueName":"search_term_string"}}],"inLanguage":"de"},{"@type":"Organization","@id":"https:\/\/www.brrs-rechtsanwaelte.de\/de\/#organization","name":"BRRS Rechtsanw\u00e4lte","url":"https:\/\/www.brrs-rechtsanwaelte.de\/de\/","logo":{"@type":"ImageObject","inLanguage":"de","@id":"https:\/\/www.brrs-rechtsanwaelte.de\/de\/#\/schema\/logo\/image\/","url":"https:\/\/www.brrs-rechtsanwaelte.de\/wp-content\/uploads\/2021\/07\/logo-brrs.png","contentUrl":"https:\/\/www.brrs-rechtsanwaelte.de\/wp-content\/uploads\/2021\/07\/logo-brrs.png","width":474,"height":174,"caption":"BRRS Rechtsanw\u00e4lte"},"image":{"@id":"https:\/\/www.brrs-rechtsanwaelte.de\/de\/#\/schema\/logo\/image\/"}}]}},"_links":{"self":[{"href":"https:\/\/www.brrs-rechtsanwaelte.de\/de\/wp-json\/wp\/v2\/pages\/9593","targetHints":{"allow":["GET"]}}],"collection":[{"href":"https:\/\/www.brrs-rechtsanwaelte.de\/de\/wp-json\/wp\/v2\/pages"}],"about":[{"href":"https:\/\/www.brrs-rechtsanwaelte.de\/de\/wp-json\/wp\/v2\/types\/page"}],"author":[{"embeddable":true,"href":"https:\/\/www.brrs-rechtsanwaelte.de\/de\/wp-json\/wp\/v2\/users\/2"}],"replies":[{"embeddable":true,"href":"https:\/\/www.brrs-rechtsanwaelte.de\/de\/wp-json\/wp\/v2\/comments?post=9593"}],"version-history":[{"count":34,"href":"https:\/\/www.brrs-rechtsanwaelte.de\/de\/wp-json\/wp\/v2\/pages\/9593\/revisions"}],"predecessor-version":[{"id":11093,"href":"https:\/\/www.brrs-rechtsanwaelte.de\/de\/wp-json\/wp\/v2\/pages\/9593\/revisions\/11093"}],"up":[{"embeddable":true,"href":"https:\/\/www.brrs-rechtsanwaelte.de\/de\/wp-json\/wp\/v2\/pages\/6373"}],"wp:featuredmedia":[{"embeddable":true,"href":"https:\/\/www.brrs-rechtsanwaelte.de\/de\/wp-json\/wp\/v2\/media\/9594"}],"wp:attachment":[{"href":"https:\/\/www.brrs-rechtsanwaelte.de\/de\/wp-json\/wp\/v2\/media?parent=9593"}],"wp:term":[{"taxonomy":"category","embeddable":true,"href":"https:\/\/www.brrs-rechtsanwaelte.de\/de\/wp-json\/wp\/v2\/categories?post=9593"},{"taxonomy":"post_tag","embeddable":true,"href":"https:\/\/www.brrs-rechtsanwaelte.de\/de\/wp-json\/wp\/v2\/tags?post=9593"}],"curies":[{"name":"wp","href":"https:\/\/api.w.org\/{rel}","templated":true}]}}