{"id":6564,"date":"2018-02-19T13:32:35","date_gmt":"2018-02-19T12:32:35","guid":{"rendered":"https:\/\/www.brrs-rechtsanwaelte.de\/?page_id=6564"},"modified":"2025-09-30T16:06:16","modified_gmt":"2025-09-30T14:06:16","slug":"kontakt","status":"publish","type":"page","link":"https:\/\/www.brrs-rechtsanwaelte.de\/de\/kontakt\/","title":{"rendered":"Kontakt"},"content":{"rendered":"<section class=\"l-section wpb_row height_medium\"><div class=\"l-section-overlay\" style=\"background:#f5f5f5\"><\/div><div class=\"l-section-h i-cf\"><div class=\"g-cols vc_row via_flex valign_top type_default stacking_default\"><div class=\"vc_col-sm-2 wpb_column vc_column_container\"><div class=\"vc_column-inner\"><div class=\"wpb_wrapper\"><\/div><\/div><\/div><div class=\"vc_col-sm-8 wpb_column vc_column_container\"><div class=\"vc_column-inner\"><div class=\"wpb_wrapper\"><div class=\"wpb_text_column\"><div class=\"wpb_wrapper\"><h1>So erreichen Sie uns<\/h1>\n<\/div><\/div><div class=\"w-separator size_large\"><\/div><\/div><\/div><\/div><div class=\"vc_col-sm-2 wpb_column vc_column_container\"><div class=\"vc_column-inner\"><div class=\"wpb_wrapper\"><\/div><\/div><\/div><div class=\"vc_col-sm-12 wpb_column vc_column_container\"><div class=\"vc_column-inner\"><div class=\"wpb_wrapper\"><div class=\"g-cols wpb_row via_flex valign_top type_default stacking_default\"><div class=\"vc_col-sm-4 wpb_column vc_column_container\"><div class=\"vc_column-inner\"><div class=\"wpb_wrapper\"><div class=\"wpb_text_column\"><div class=\"wpb_wrapper\"><h3>BRRS Rechtsanw\u00e4lte<br \/>\nStandort Bonn<\/h3>\n<p>In der Su\u0308rst 3<br \/>\n53111 Bonn<\/p>\n<p><a href=\"tel:+4922828685120\">Telefon: +49 (0) 228 28 68 51-20<\/a><br \/>\nTelefax: +49 (0) 228 28 68 51-21<\/p>\n<\/div><\/div><div class=\"w-btn-wrapper align_none\"><a class=\"w-btn us-btn-style_1\" href=\"https:\/\/www.brrs-rechtsanwaelte.de\/standort-bonn\/#Kontakt\"><span class=\"w-btn-label\">Kontaktieren Sie uns<\/span><\/a><\/div><\/div><\/div><\/div><div class=\"vc_col-sm-4 wpb_column vc_column_container\"><div class=\"vc_column-inner\"><div class=\"wpb_wrapper\"><div class=\"wpb_text_column\"><div class=\"wpb_wrapper\"><h3>BRRS Rechtsanw\u00e4lte<br \/>\nStandort Dortmund<\/h3>\n<p>M\u00f6nchenwordt 5<br \/>\n44137 Dortmund<\/p>\n<p><a href=\"tel:+492319877420\">Telefon: +49 (0) 231 98 77 42 0<\/a><br \/>\nTelefax: +49 (0) 231 98 77 42 29<\/p>\n<\/div><\/div><div class=\"w-btn-wrapper align_none\"><a class=\"w-btn us-btn-style_1\" href=\"https:\/\/www.brrs-rechtsanwaelte.de\/standort-dortmund\/#Kontakt\"><span class=\"w-btn-label\">Kontaktieren Sie uns<\/span><\/a><\/div><\/div><\/div><\/div><div class=\"vc_col-sm-4 wpb_column vc_column_container\"><div class=\"vc_column-inner\"><div class=\"wpb_wrapper\"><div class=\"wpb_text_column\"><div class=\"wpb_wrapper\"><h3>BRRS Rechtsanw\u00e4lte<br \/>\nStandort Eschborn<\/h3>\n<p>Hauptstra\u00dfe 83<br \/>\n65760 Eschborn<\/p>\n<p><a href=\"tel:+496196779060\">Telefon: +49 (0) 6196 77 906 &#8211; 0<\/a><br \/>\nTelefax: +49 (0) 6196 77 906 &#8211; 20<\/p>\n<\/div><\/div><div class=\"w-btn-wrapper align_none\"><a class=\"w-btn us-btn-style_1\" href=\"https:\/\/www.brrs-rechtsanwaelte.de\/standort-eschborn\/#Kontakt\"><span class=\"w-btn-label\">Kontaktieren Sie uns<\/span><\/a><\/div><\/div><\/div><\/div><\/div><div class=\"w-separator size_medium\"><\/div><div class=\"g-cols wpb_row via_flex valign_top type_default stacking_default\"><div class=\"vc_col-sm-4 wpb_column vc_column_container\"><div class=\"vc_column-inner\"><div class=\"wpb_wrapper\"><div class=\"wpb_text_column\"><div class=\"wpb_wrapper\"><h3>BRRS Rechtsanw\u00e4lte<br \/>\nStandort Hamburg<\/h3>\n<p>Friesenweg 22<br \/>\n22763 Hamburg<\/p>\n<p><a href=\"tel:+49406558800\">Telefon: +49 (0) 40 655 880 &#8211; 0<\/a><br \/>\nTelefax: +49 (0) 40 655 880 &#8211; 20<\/p>\n<\/div><\/div><div class=\"w-btn-wrapper align_none\"><a class=\"w-btn us-btn-style_1\" href=\"https:\/\/www.brrs-rechtsanwaelte.de\/standort-hamburg\/#Kontakt\"><span class=\"w-btn-label\">Kontaktieren Sie uns<\/span><\/a><\/div><\/div><\/div><\/div><div class=\"vc_col-sm-4 wpb_column vc_column_container\"><div class=\"vc_column-inner\"><div class=\"wpb_wrapper\"><div class=\"wpb_text_column\"><div class=\"wpb_wrapper\"><h3>BRRS Rechtsanw\u00e4lte<br \/>\nStandort Ribnitz-Damgarten<\/h3>\n<p>Lange Stra\u00dfe 50<br \/>\n18311 Ribnitz-Damgarten<\/p>\n<p><a href=\"tel:+49382189080\">Telefon: +49 (0) 3821 89 08 &#8211; 0<\/a><br \/>\nTelefax: +49 (0) 3821 89 08 &#8211; 20<\/p>\n<\/div><\/div><div class=\"w-btn-wrapper align_none\"><a class=\"w-btn us-btn-style_1\" href=\"https:\/\/www.brrs-rechtsanwaelte.de\/standort-ribnitz-damgarten\/#Kontakt\"><span class=\"w-btn-label\">Kontaktieren Sie uns<\/span><\/a><\/div><\/div><\/div><\/div><div class=\"vc_col-sm-4 wpb_column vc_column_container\"><div class=\"vc_column-inner\"><div class=\"wpb_wrapper\"><\/div><\/div><\/div><\/div><div class=\"w-separator size_medium\"><\/div><\/div><\/div><\/div><\/div><\/div><\/section>\n","protected":false},"excerpt":{"rendered":"So erreichen Sie uns BRRS Rechtsanw\u00e4lte Standort Bonn In der Su\u0308rst 3 53111 Bonn Telefon: +49 (0) 228 28 68 51-20 Telefax: +49 (0) 228 28 68 51-21 Kontaktieren Sie uns BRRS Rechtsanw\u00e4lte Standort Dortmund M\u00f6nchenwordt 5 44137 Dortmund Telefon: +49 (0) 231 98 77 42 0 Telefax: +49 (0) 231 98 77 42 29...","protected":false},"author":2,"featured_media":0,"parent":0,"menu_order":0,"comment_status":"closed","ping_status":"closed","template":"","meta":{"_acf_changed":false,"footnotes":""},"categories":[],"tags":[],"class_list":["post-6564","page","type-page","status-publish","hentry"],"acf":[],"yoast_head":"<!-- This site is optimized with the Yoast SEO plugin v27.4 - https:\/\/yoast.com\/product\/yoast-seo-wordpress\/ -->\n<title>BRRS Rechtsanw\u00e4lte - So erreichen Sie uns<\/title>\n<meta name=\"description\" content=\"BRRS ist mit 5 Standorten an 18 Gerichtsstandorten f\u00fcr Sie t\u00e4tig. Hier geht&#039;s zum Kontakt.\" \/>\n<meta name=\"robots\" content=\"index, follow, max-snippet:-1, max-image-preview:large, max-video-preview:-1\" \/>\n<link rel=\"canonical\" href=\"https:\/\/www.brrs-rechtsanwaelte.de\/de\/kontakt\/\" \/>\n<meta property=\"og:locale\" content=\"de_DE\" \/>\n<meta property=\"og:type\" content=\"article\" \/>\n<meta property=\"og:title\" content=\"BRRS Rechtsanw\u00e4lte - So erreichen Sie uns\" \/>\n<meta property=\"og:description\" content=\"BRRS ist mit 5 Standorten an 18 Gerichtsstandorten f\u00fcr Sie t\u00e4tig. Hier geht&#039;s zum Kontakt.\" \/>\n<meta property=\"og:url\" content=\"https:\/\/www.brrs-rechtsanwaelte.de\/de\/kontakt\/\" \/>\n<meta property=\"og:site_name\" content=\"BRRS Rechtsanw\u00e4lte \u2013 Insolvenzverwaltung \/ Restrukturierung\" \/>\n<meta property=\"article:modified_time\" content=\"2025-09-30T14:06:16+00:00\" \/>\n<meta name=\"twitter:card\" content=\"summary_large_image\" \/>\n<meta name=\"twitter:label1\" content=\"Gesch\u00e4tzte Lesezeit\" \/>\n\t<meta name=\"twitter:data1\" content=\"1\u00a0Minute\" \/>\n<!-- \/ Yoast SEO plugin. -->","yoast_head_json":{"title":"BRRS Rechtsanw\u00e4lte - So erreichen Sie uns","description":"BRRS ist mit 5 Standorten an 18 Gerichtsstandorten f\u00fcr Sie t\u00e4tig. Hier geht's zum Kontakt.","robots":{"index":"index","follow":"follow","max-snippet":"max-snippet:-1","max-image-preview":"max-image-preview:large","max-video-preview":"max-video-preview:-1"},"canonical":"https:\/\/www.brrs-rechtsanwaelte.de\/de\/kontakt\/","og_locale":"de_DE","og_type":"article","og_title":"BRRS Rechtsanw\u00e4lte - So erreichen Sie uns","og_description":"BRRS ist mit 5 Standorten an 18 Gerichtsstandorten f\u00fcr Sie t\u00e4tig. Hier geht's zum Kontakt.","og_url":"https:\/\/www.brrs-rechtsanwaelte.de\/de\/kontakt\/","og_site_name":"BRRS Rechtsanw\u00e4lte \u2013 Insolvenzverwaltung \/ Restrukturierung","article_modified_time":"2025-09-30T14:06:16+00:00","twitter_card":"summary_large_image","twitter_misc":{"Gesch\u00e4tzte Lesezeit":"1\u00a0Minute"},"schema":{"@context":"https:\/\/schema.org","@graph":[{"@type":"WebPage","@id":"https:\/\/www.brrs-rechtsanwaelte.de\/de\/kontakt\/","url":"https:\/\/www.brrs-rechtsanwaelte.de\/de\/kontakt\/","name":"BRRS Rechtsanw\u00e4lte - So erreichen Sie uns","isPartOf":{"@id":"https:\/\/www.brrs-rechtsanwaelte.de\/de\/#website"},"datePublished":"2018-02-19T12:32:35+00:00","dateModified":"2025-09-30T14:06:16+00:00","description":"BRRS ist mit 5 Standorten an 18 Gerichtsstandorten f\u00fcr Sie t\u00e4tig. Hier geht's zum Kontakt.","breadcrumb":{"@id":"https:\/\/www.brrs-rechtsanwaelte.de\/de\/kontakt\/#breadcrumb"},"inLanguage":"de","potentialAction":[{"@type":"ReadAction","target":["https:\/\/www.brrs-rechtsanwaelte.de\/de\/kontakt\/"]}]},{"@type":"BreadcrumbList","@id":"https:\/\/www.brrs-rechtsanwaelte.de\/de\/kontakt\/#breadcrumb","itemListElement":[{"@type":"ListItem","position":1,"name":"Startseite","item":"https:\/\/www.brrs-rechtsanwaelte.de\/de\/"},{"@type":"ListItem","position":2,"name":"Kontakt"}]},{"@type":"WebSite","@id":"https:\/\/www.brrs-rechtsanwaelte.de\/de\/#website","url":"https:\/\/www.brrs-rechtsanwaelte.de\/de\/","name":"BRRS Rechtsanw\u00e4lte \u2013 Insolvenzverwaltung \/ Restrukturierung","description":"von BRRS Rechtsanw\u00e4lte","publisher":{"@id":"https:\/\/www.brrs-rechtsanwaelte.de\/de\/#organization"},"potentialAction":[{"@type":"SearchAction","target":{"@type":"EntryPoint","urlTemplate":"https:\/\/www.brrs-rechtsanwaelte.de\/de\/?s={search_term_string}"},"query-input":{"@type":"PropertyValueSpecification","valueRequired":true,"valueName":"search_term_string"}}],"inLanguage":"de"},{"@type":"Organization","@id":"https:\/\/www.brrs-rechtsanwaelte.de\/de\/#organization","name":"BRRS Rechtsanw\u00e4lte","url":"https:\/\/www.brrs-rechtsanwaelte.de\/de\/","logo":{"@type":"ImageObject","inLanguage":"de","@id":"https:\/\/www.brrs-rechtsanwaelte.de\/de\/#\/schema\/logo\/image\/","url":"https:\/\/www.brrs-rechtsanwaelte.de\/wp-content\/uploads\/2021\/07\/logo-brrs.png","contentUrl":"https:\/\/www.brrs-rechtsanwaelte.de\/wp-content\/uploads\/2021\/07\/logo-brrs.png","width":474,"height":174,"caption":"BRRS Rechtsanw\u00e4lte"},"image":{"@id":"https:\/\/www.brrs-rechtsanwaelte.de\/de\/#\/schema\/logo\/image\/"}}]}},"_links":{"self":[{"href":"https:\/\/www.brrs-rechtsanwaelte.de\/de\/wp-json\/wp\/v2\/pages\/6564","targetHints":{"allow":["GET"]}}],"collection":[{"href":"https:\/\/www.brrs-rechtsanwaelte.de\/de\/wp-json\/wp\/v2\/pages"}],"about":[{"href":"https:\/\/www.brrs-rechtsanwaelte.de\/de\/wp-json\/wp\/v2\/types\/page"}],"author":[{"embeddable":true,"href":"https:\/\/www.brrs-rechtsanwaelte.de\/de\/wp-json\/wp\/v2\/users\/2"}],"replies":[{"embeddable":true,"href":"https:\/\/www.brrs-rechtsanwaelte.de\/de\/wp-json\/wp\/v2\/comments?post=6564"}],"version-history":[{"count":124,"href":"https:\/\/www.brrs-rechtsanwaelte.de\/de\/wp-json\/wp\/v2\/pages\/6564\/revisions"}],"predecessor-version":[{"id":15348,"href":"https:\/\/www.brrs-rechtsanwaelte.de\/de\/wp-json\/wp\/v2\/pages\/6564\/revisions\/15348"}],"wp:attachment":[{"href":"https:\/\/www.brrs-rechtsanwaelte.de\/de\/wp-json\/wp\/v2\/media?parent=6564"}],"wp:term":[{"taxonomy":"category","embeddable":true,"href":"https:\/\/www.brrs-rechtsanwaelte.de\/de\/wp-json\/wp\/v2\/categories?post=6564"},{"taxonomy":"post_tag","embeddable":true,"href":"https:\/\/www.brrs-rechtsanwaelte.de\/de\/wp-json\/wp\/v2\/tags?post=6564"}],"curies":[{"name":"wp","href":"https:\/\/api.w.org\/{rel}","templated":true}]}}