{"id":6373,"date":"2018-02-13T17:34:43","date_gmt":"2018-02-13T16:34:43","guid":{"rendered":"https:\/\/www.brrs-rechtsanwaelte.de\/?page_id=6373"},"modified":"2023-05-08T13:58:16","modified_gmt":"2023-05-08T11:58:16","slug":"leistungen","status":"publish","type":"page","link":"https:\/\/www.brrs-rechtsanwaelte.de\/de\/leistungen\/","title":{"rendered":"Leistungen"},"content":{"rendered":"<section class=\"l-section wpb_row height_medium\"><div class=\"l-section-overlay\" style=\"background:#f5f5f5\"><\/div><div class=\"l-section-h i-cf\"><div class=\"g-cols vc_row via_flex valign_top type_default stacking_default\"><div class=\"vc_col-sm-2 wpb_column vc_column_container\"><div class=\"vc_column-inner\"><div class=\"wpb_wrapper\"><\/div><\/div><\/div><div class=\"vc_col-sm-8 wpb_column vc_column_container\"><div class=\"vc_column-inner\"><div class=\"wpb_wrapper\"><div class=\"wpb_text_column\"><div class=\"wpb_wrapper\"><h1>BRRS Schwerpunkte<\/h1>\n<\/div><\/div><div class=\"wpb_text_column\"><div class=\"wpb_wrapper\"><p>Unser Team ist breit aufgestellt, wenn es um unternehmerische und pers\u00f6nliche wirtschaftliche Krisen geht. Insolvenzverwalter:innen, Anw\u00e4lt:innen und Sachbearbeiterinnen haben besondere Spezialisierungen erworben und sind vor allem t\u00e4tig in den untenstehenden Schwerpunkten. In jedem Verfahren und bei jeder Beratung handeln wir unabh\u00e4ngig, neutral, offen f\u00fcr Neues und zuverl\u00e4ssig.<\/p>\n<\/div><\/div><\/div><\/div><\/div><div class=\"vc_col-sm-2 wpb_column vc_column_container\"><div class=\"vc_column-inner\"><div class=\"wpb_wrapper\"><\/div><\/div><\/div><\/div><\/div><\/section><section class=\"l-section wpb_row us_custom_4edece6e height_medium color_alternate\"><div class=\"l-section-overlay\" style=\"background:#f5f5f5\"><\/div><div class=\"l-section-h i-cf\"><div class=\"g-cols vc_row via_flex valign_top type_default stacking_default\"><div class=\"vc_col-sm-12 wpb_column vc_column_container\"><div class=\"vc_column-inner\"><div class=\"wpb_wrapper\"><div class=\"w-grid us_grid type_grid layout_9615 cols_2 overflow_hidden preload_style_spinner\" id=\"us_grid_1\" style=\"--columns:2;--gap:15px;\"><style>@media (max-width:600px){#us_grid_1{--columns:1!important}}.layout_9615 .w-grid-item-h{background:rgba(16,117,137,0.55)}.layout_9615 .usg_post_image_1{transition-duration:0.3s;transform-origin:50% 50%;transform:scale(1) translate(0%,0%)}.layout_9615 .w-grid-item-h:focus-within .usg_post_image_1,.layout_9615 .w-grid-item-h:hover .usg_post_image_1{transform:scale(1.20) translate(0%,0%);opacity:1}.layout_9615 .usg_vwrapper_1{position:absolute!important;left:0!important;bottom:0!important;right:0!important;background:linear-gradient(360deg,rgba(51,51,51,0.65),rgba(0,0,0,0.00))!important;padding:5rem 8% 1.5rem 8%!important}.layout_9615 .usg_post_title_2{color:#ffffff!important;font-size:26px!important;margin-bottom:0.3rem!important}.layout_9615 .usg_post_custom_field_1{color:#f5f5f5!important}@media (min-width:601px) and (max-width:1024px){.layout_9615 .usg_post_title_2{color:#ffffff!important;font-size:1.1rem!important;font-weight:700!important}}@media (max-width:600px){.layout_9615 .usg_post_title_2{color:#ffffff!important;font-size:1rem!important;font-family:Akkurat Bold!important;font-weight:400!important}}<\/style><div class=\"w-grid-list\">\t<article class=\"w-grid-item size_1x1 post-9593 page type-page status-publish has-post-thumbnail hentry\" data-id=\"9593\">\r\n\t\t<div class=\"w-grid-item-h\">\r\n\t\t\t\t\t\t<div class=\"w-post-elm post_image usg_post_image_1 stretched\"><a href=\"https:\/\/www.brrs-rechtsanwaelte.de\/de\/leistungen\/insolvenzverwaltung\/\" aria-label=\"Insolvenzverwaltung\"><img loading=\"lazy\" decoding=\"async\" width=\"600\" height=\"318\" src=\"https:\/\/www.brrs-rechtsanwaelte.de\/wp-content\/uploads\/2020\/12\/header-insolvenzverwaltung-600x318.jpg\" class=\"attachment-us_600_400 size-us_600_400 wp-post-image\" alt=\"\" srcset=\"https:\/\/www.brrs-rechtsanwaelte.de\/wp-content\/uploads\/2020\/12\/header-insolvenzverwaltung-600x318.jpg 600w, https:\/\/www.brrs-rechtsanwaelte.de\/wp-content\/uploads\/2020\/12\/header-insolvenzverwaltung-300x159.jpg 300w, https:\/\/www.brrs-rechtsanwaelte.de\/wp-content\/uploads\/2020\/12\/header-insolvenzverwaltung-1024x542.jpg 1024w, https:\/\/www.brrs-rechtsanwaelte.de\/wp-content\/uploads\/2020\/12\/header-insolvenzverwaltung-50x26.jpg 50w, https:\/\/www.brrs-rechtsanwaelte.de\/wp-content\/uploads\/2020\/12\/header-insolvenzverwaltung-100x53.jpg 100w, https:\/\/www.brrs-rechtsanwaelte.de\/wp-content\/uploads\/2020\/12\/header-insolvenzverwaltung-200x106.jpg 200w, https:\/\/www.brrs-rechtsanwaelte.de\/wp-content\/uploads\/2020\/12\/header-insolvenzverwaltung-150x79.jpg 150w\" sizes=\"auto, (max-width: 600px) 100vw, 600px\" \/><\/a><\/div><div class=\"w-vwrapper usg_vwrapper_1 align_left valign_bottom\"><h2 class=\"w-post-elm post_title usg_post_title_2 has_text_color entry-title color_link_inherit\"><a href=\"https:\/\/www.brrs-rechtsanwaelte.de\/de\/leistungen\/insolvenzverwaltung\/\">Insolvenzverwaltung<\/a><\/h2><p class=\"w-post-elm post_custom_field usg_post_custom_field_1 has_text_color type_text anleser color_link_inherit\"><span class=\"w-post-elm-value\"><\/span><\/p><\/div>\t\t<\/div>\r\n\t\t\t<\/article>\r\n\t<article class=\"w-grid-item size_1x1 post-9599 page type-page status-publish has-post-thumbnail hentry\" data-id=\"9599\">\r\n\t\t<div class=\"w-grid-item-h\">\r\n\t\t\t\t\t\t<div class=\"w-post-elm post_image usg_post_image_1 stretched\"><a href=\"https:\/\/www.brrs-rechtsanwaelte.de\/de\/leistungen\/insolvenzplanverfahren\/\" aria-label=\"Insolvenzplanverfahren\"><img loading=\"lazy\" decoding=\"async\" width=\"600\" height=\"318\" src=\"https:\/\/www.brrs-rechtsanwaelte.de\/wp-content\/uploads\/2020\/12\/header-insolvenzplaverfahreng-600x318.jpg\" class=\"attachment-us_600_400 size-us_600_400 wp-post-image\" alt=\"\" srcset=\"https:\/\/www.brrs-rechtsanwaelte.de\/wp-content\/uploads\/2020\/12\/header-insolvenzplaverfahreng-600x318.jpg 600w, https:\/\/www.brrs-rechtsanwaelte.de\/wp-content\/uploads\/2020\/12\/header-insolvenzplaverfahreng-300x159.jpg 300w, https:\/\/www.brrs-rechtsanwaelte.de\/wp-content\/uploads\/2020\/12\/header-insolvenzplaverfahreng-1024x542.jpg 1024w, https:\/\/www.brrs-rechtsanwaelte.de\/wp-content\/uploads\/2020\/12\/header-insolvenzplaverfahreng-50x26.jpg 50w, https:\/\/www.brrs-rechtsanwaelte.de\/wp-content\/uploads\/2020\/12\/header-insolvenzplaverfahreng-100x53.jpg 100w, https:\/\/www.brrs-rechtsanwaelte.de\/wp-content\/uploads\/2020\/12\/header-insolvenzplaverfahreng-200x106.jpg 200w, https:\/\/www.brrs-rechtsanwaelte.de\/wp-content\/uploads\/2020\/12\/header-insolvenzplaverfahreng-150x79.jpg 150w\" sizes=\"auto, (max-width: 600px) 100vw, 600px\" \/><\/a><\/div><div class=\"w-vwrapper usg_vwrapper_1 align_left valign_bottom\"><h2 class=\"w-post-elm post_title usg_post_title_2 has_text_color entry-title color_link_inherit\"><a href=\"https:\/\/www.brrs-rechtsanwaelte.de\/de\/leistungen\/insolvenzplanverfahren\/\">Insolvenzplanverfahren<\/a><\/h2><p class=\"w-post-elm post_custom_field usg_post_custom_field_1 has_text_color type_text anleser color_link_inherit\"><span class=\"w-post-elm-value\"><\/span><\/p><\/div>\t\t<\/div>\r\n\t\t\t<\/article>\r\n\t<article class=\"w-grid-item size_1x1 post-9605 page type-page status-publish has-post-thumbnail hentry\" data-id=\"9605\">\r\n\t\t<div class=\"w-grid-item-h\">\r\n\t\t\t\t\t\t<div class=\"w-post-elm post_image usg_post_image_1 stretched\"><a href=\"https:\/\/www.brrs-rechtsanwaelte.de\/de\/leistungen\/schutzschirmverfahren\/\" aria-label=\"Schutzschirm\u00adverfahren und Eigen\u00adverwaltung (ESUG)\"><img loading=\"lazy\" decoding=\"async\" width=\"600\" height=\"318\" src=\"https:\/\/www.brrs-rechtsanwaelte.de\/wp-content\/uploads\/2020\/12\/header-schutzschirmverfahren-600x318.jpg\" class=\"attachment-us_600_400 size-us_600_400 wp-post-image\" alt=\"\" srcset=\"https:\/\/www.brrs-rechtsanwaelte.de\/wp-content\/uploads\/2020\/12\/header-schutzschirmverfahren-600x318.jpg 600w, https:\/\/www.brrs-rechtsanwaelte.de\/wp-content\/uploads\/2020\/12\/header-schutzschirmverfahren-300x159.jpg 300w, https:\/\/www.brrs-rechtsanwaelte.de\/wp-content\/uploads\/2020\/12\/header-schutzschirmverfahren-1024x542.jpg 1024w, https:\/\/www.brrs-rechtsanwaelte.de\/wp-content\/uploads\/2020\/12\/header-schutzschirmverfahren-50x26.jpg 50w, https:\/\/www.brrs-rechtsanwaelte.de\/wp-content\/uploads\/2020\/12\/header-schutzschirmverfahren-100x53.jpg 100w, https:\/\/www.brrs-rechtsanwaelte.de\/wp-content\/uploads\/2020\/12\/header-schutzschirmverfahren-200x106.jpg 200w, https:\/\/www.brrs-rechtsanwaelte.de\/wp-content\/uploads\/2020\/12\/header-schutzschirmverfahren-150x79.jpg 150w\" sizes=\"auto, (max-width: 600px) 100vw, 600px\" \/><\/a><\/div><div class=\"w-vwrapper usg_vwrapper_1 align_left valign_bottom\"><h2 class=\"w-post-elm post_title usg_post_title_2 has_text_color entry-title color_link_inherit\"><a href=\"https:\/\/www.brrs-rechtsanwaelte.de\/de\/leistungen\/schutzschirmverfahren\/\">Schutzschirm\u00adverfahren und Eigen\u00adverwaltung (ESUG)<\/a><\/h2><p class=\"w-post-elm post_custom_field usg_post_custom_field_1 has_text_color type_text anleser color_link_inherit\"><span class=\"w-post-elm-value\"><\/span><\/p><\/div>\t\t<\/div>\r\n\t\t\t<\/article>\r\n\t<article class=\"w-grid-item size_1x1 post-9761 page type-page status-publish has-post-thumbnail hentry\" data-id=\"9761\">\r\n\t\t<div class=\"w-grid-item-h\">\r\n\t\t\t\t\t\t<div class=\"w-post-elm post_image usg_post_image_1 stretched\"><a href=\"https:\/\/www.brrs-rechtsanwaelte.de\/de\/leistungen\/rechtsberatung\/\" aria-label=\"Rechtsberatung\"><img loading=\"lazy\" decoding=\"async\" width=\"600\" height=\"318\" src=\"https:\/\/www.brrs-rechtsanwaelte.de\/wp-content\/uploads\/2020\/12\/header-rechtsberatung-600x318.jpg\" class=\"attachment-us_600_400 size-us_600_400 wp-post-image\" alt=\"\" srcset=\"https:\/\/www.brrs-rechtsanwaelte.de\/wp-content\/uploads\/2020\/12\/header-rechtsberatung-600x318.jpg 600w, https:\/\/www.brrs-rechtsanwaelte.de\/wp-content\/uploads\/2020\/12\/header-rechtsberatung-300x159.jpg 300w, https:\/\/www.brrs-rechtsanwaelte.de\/wp-content\/uploads\/2020\/12\/header-rechtsberatung-1024x542.jpg 1024w, https:\/\/www.brrs-rechtsanwaelte.de\/wp-content\/uploads\/2020\/12\/header-rechtsberatung-50x26.jpg 50w, https:\/\/www.brrs-rechtsanwaelte.de\/wp-content\/uploads\/2020\/12\/header-rechtsberatung-100x53.jpg 100w, https:\/\/www.brrs-rechtsanwaelte.de\/wp-content\/uploads\/2020\/12\/header-rechtsberatung-200x106.jpg 200w, https:\/\/www.brrs-rechtsanwaelte.de\/wp-content\/uploads\/2020\/12\/header-rechtsberatung-150x79.jpg 150w\" sizes=\"auto, (max-width: 600px) 100vw, 600px\" \/><\/a><\/div><div class=\"w-vwrapper usg_vwrapper_1 align_left valign_bottom\"><h2 class=\"w-post-elm post_title usg_post_title_2 has_text_color entry-title color_link_inherit\"><a href=\"https:\/\/www.brrs-rechtsanwaelte.de\/de\/leistungen\/rechtsberatung\/\">Rechtsberatung<\/a><\/h2><p class=\"w-post-elm post_custom_field usg_post_custom_field_1 has_text_color type_text anleser color_link_inherit\"><span class=\"w-post-elm-value\"><\/span><\/p><\/div>\t\t<\/div>\r\n\t\t\t<\/article>\r\n\t<article class=\"w-grid-item size_1x1 post-10628 page type-page status-publish has-post-thumbnail hentry\" data-id=\"10628\">\r\n\t\t<div class=\"w-grid-item-h\">\r\n\t\t\t\t\t\t<div class=\"w-post-elm post_image usg_post_image_1 stretched\"><a href=\"https:\/\/www.brrs-rechtsanwaelte.de\/de\/leistungen\/geschaeftsfuehrer-und-steuerberaterhaftung\/\" aria-label=\"Gesch\u00e4ftsf\u00fchrer- und Steuerberaterhaftung\"><img loading=\"lazy\" decoding=\"async\" width=\"600\" height=\"400\" src=\"https:\/\/www.brrs-rechtsanwaelte.de\/wp-content\/uploads\/2021\/05\/BRRS_24Aug2020_0011_prv-600x400.jpg\" class=\"attachment-us_600_400 size-us_600_400 wp-post-image\" alt=\"\" srcset=\"https:\/\/www.brrs-rechtsanwaelte.de\/wp-content\/uploads\/2021\/05\/BRRS_24Aug2020_0011_prv-600x400.jpg 600w, https:\/\/www.brrs-rechtsanwaelte.de\/wp-content\/uploads\/2021\/05\/BRRS_24Aug2020_0011_prv-300x200.jpg 300w, https:\/\/www.brrs-rechtsanwaelte.de\/wp-content\/uploads\/2021\/05\/BRRS_24Aug2020_0011_prv-1024x683.jpg 1024w, https:\/\/www.brrs-rechtsanwaelte.de\/wp-content\/uploads\/2021\/05\/BRRS_24Aug2020_0011_prv-50x33.jpg 50w, https:\/\/www.brrs-rechtsanwaelte.de\/wp-content\/uploads\/2021\/05\/BRRS_24Aug2020_0011_prv-100x67.jpg 100w, https:\/\/www.brrs-rechtsanwaelte.de\/wp-content\/uploads\/2021\/05\/BRRS_24Aug2020_0011_prv-200x133.jpg 200w, https:\/\/www.brrs-rechtsanwaelte.de\/wp-content\/uploads\/2021\/05\/BRRS_24Aug2020_0011_prv-150x100.jpg 150w\" sizes=\"auto, (max-width: 600px) 100vw, 600px\" \/><\/a><\/div><div class=\"w-vwrapper usg_vwrapper_1 align_left valign_bottom\"><h2 class=\"w-post-elm post_title usg_post_title_2 has_text_color entry-title color_link_inherit\"><a href=\"https:\/\/www.brrs-rechtsanwaelte.de\/de\/leistungen\/geschaeftsfuehrer-und-steuerberaterhaftung\/\">Gesch\u00e4ftsf\u00fchrer- und Steuerberaterhaftung<\/a><\/h2><p class=\"w-post-elm post_custom_field usg_post_custom_field_1 has_text_color type_text anleser color_link_inherit\"><span class=\"w-post-elm-value\"><\/span><\/p><\/div>\t\t<\/div>\r\n\t\t\t<\/article>\r\n\t<article class=\"w-grid-item size_1x1 post-10651 page type-page status-publish has-post-thumbnail hentry\" data-id=\"10651\">\r\n\t\t<div class=\"w-grid-item-h\">\r\n\t\t\t\t\t\t<div class=\"w-post-elm post_image usg_post_image_1 stretched\"><a href=\"https:\/\/www.brrs-rechtsanwaelte.de\/de\/leistungen\/insolvenzanfechtungsrecht\/\" aria-label=\"Insolvenz&shy;anfechtungsrecht\"><img loading=\"lazy\" decoding=\"async\" width=\"600\" height=\"400\" src=\"https:\/\/www.brrs-rechtsanwaelte.de\/wp-content\/uploads\/2021\/05\/insolvenzanfechtungsrechtr-1-600x400.jpg\" class=\"attachment-us_600_400 size-us_600_400 wp-post-image\" alt=\"\" srcset=\"https:\/\/www.brrs-rechtsanwaelte.de\/wp-content\/uploads\/2021\/05\/insolvenzanfechtungsrechtr-1-600x400.jpg 600w, https:\/\/www.brrs-rechtsanwaelte.de\/wp-content\/uploads\/2021\/05\/insolvenzanfechtungsrechtr-1-300x200.jpg 300w, https:\/\/www.brrs-rechtsanwaelte.de\/wp-content\/uploads\/2021\/05\/insolvenzanfechtungsrechtr-1-1024x683.jpg 1024w, https:\/\/www.brrs-rechtsanwaelte.de\/wp-content\/uploads\/2021\/05\/insolvenzanfechtungsrechtr-1-50x33.jpg 50w, https:\/\/www.brrs-rechtsanwaelte.de\/wp-content\/uploads\/2021\/05\/insolvenzanfechtungsrechtr-1-100x67.jpg 100w, https:\/\/www.brrs-rechtsanwaelte.de\/wp-content\/uploads\/2021\/05\/insolvenzanfechtungsrechtr-1-200x133.jpg 200w, https:\/\/www.brrs-rechtsanwaelte.de\/wp-content\/uploads\/2021\/05\/insolvenzanfechtungsrechtr-1-150x100.jpg 150w\" sizes=\"auto, (max-width: 600px) 100vw, 600px\" \/><\/a><\/div><div class=\"w-vwrapper usg_vwrapper_1 align_left valign_bottom\"><h2 class=\"w-post-elm post_title usg_post_title_2 has_text_color entry-title color_link_inherit\"><a href=\"https:\/\/www.brrs-rechtsanwaelte.de\/de\/leistungen\/insolvenzanfechtungsrecht\/\">Insolvenz&shy;anfechtungsrecht<\/a><\/h2><p class=\"w-post-elm post_custom_field usg_post_custom_field_1 has_text_color type_text anleser color_link_inherit\"><span class=\"w-post-elm-value\"><\/span><\/p><\/div>\t\t<\/div>\r\n\t\t\t<\/article>\r\n<\/div>\t<div class=\"w-grid-preloader\">\r\n\t\t<div class=\"g-preloader type_1\">\r\n\t\t\t<div><\/div>\r\n\t\t<\/div>\r\n\t<\/div>\r\n\t\t<div class=\"w-grid-json hidden\" onclick='return {&quot;action&quot;:&quot;us_ajax_grid&quot;,&quot;infinite_scroll&quot;:0,&quot;max_num_pages&quot;:1,&quot;pagination&quot;:&quot;none&quot;,&quot;template_vars&quot;:{&quot;columns&quot;:&quot;2&quot;,&quot;exclude_items&quot;:&quot;none&quot;,&quot;img_size&quot;:&quot;default&quot;,&quot;ignore_items_size&quot;:0,&quot;items_layout&quot;:&quot;9615&quot;,&quot;items_offset&quot;:&quot;1&quot;,&quot;load_animation&quot;:&quot;none&quot;,&quot;overriding_link&quot;:&quot;{\\&quot;url\\&quot;:\\&quot;\\&quot;}&quot;,&quot;post_id&quot;:0,&quot;query_args&quot;:{&quot;ignore_sticky_posts&quot;:1,&quot;post_type&quot;:&quot;any&quot;,&quot;post__in&quot;:[&quot;9593&quot;,&quot;9599&quot;,&quot;9605&quot;,&quot;9761&quot;,&quot;10628&quot;,&quot;10651&quot;],&quot;posts_per_page&quot;:&quot;6&quot;},&quot;orderby_query_args&quot;:{&quot;orderby&quot;:{&quot;post__in&quot;:&quot;ASC&quot;},&quot;order&quot;:&quot;ASC&quot;},&quot;type&quot;:&quot;grid&quot;,&quot;us_grid_post_type&quot;:&quot;ids&quot;,&quot;us_grid_ajax_index&quot;:1,&quot;us_grid_filter_query_string&quot;:null,&quot;us_grid_index&quot;:1,&quot;page_args&quot;:[]}}'><\/div>\r\n\t<\/div><\/div><\/div><\/div><\/div><\/div><\/section>\n","protected":false},"excerpt":{"rendered":"Insolvenz\u00ad\u00adanfechtungsrecht Bedeutsam f\u00fcr gerechte Verteilung Insolvenzanfechtungsrecht ist der Weg, in der wirtschaftlichen Krise Verteilungsgerechtigkeit zu gew\u00e4hrleisten. Dieses komplexe Rechtsgebiet unterliegt einer dynamischen Ausformung durch die Rechtsprechung. Anfechtungsrecht ist ein st\u00e4ndiges Politikum. In den aktuellen Regelungen um die Corona-Pandemie und die insofern vom Gesetzgeber vorgesehenen Restriktionen der Anfechtungsm\u00f6glichkeiten spiegelt sich das Zeitgeschehen (\u00a7 2 Abs. 1...","protected":false},"author":2,"featured_media":9466,"parent":0,"menu_order":0,"comment_status":"closed","ping_status":"closed","template":"","meta":{"_acf_changed":false,"footnotes":""},"categories":[],"tags":[],"class_list":["post-6373","page","type-page","status-publish","has-post-thumbnail","hentry"],"acf":[],"yoast_head":"<!-- This site is optimized with the Yoast SEO plugin v27.4 - https:\/\/yoast.com\/product\/yoast-seo-wordpress\/ -->\n<title>BRRS Rechtsanw\u00e4lte unsere Dienstleistungen<\/title>\n<meta name=\"description\" content=\"BRRS Rechtsanw\u00e4lte bieten umfangreiche Dienstleistungen in verschiedenen Rechtsbereichen an. Insolvenzrecht, Zivilrecht, Arbeitsrecht, Gesellschaftsrecht und mehr. Individuelle L\u00f6sungen f\u00fcr Ihre rechtlichen Bed\u00fcrfnisse.\" \/>\n<meta name=\"robots\" content=\"index, follow, max-snippet:-1, max-image-preview:large, max-video-preview:-1\" \/>\n<link rel=\"canonical\" href=\"https:\/\/www.brrs-rechtsanwaelte.de\/de\/leistungen\/\" \/>\n<meta property=\"og:locale\" content=\"de_DE\" \/>\n<meta property=\"og:type\" content=\"article\" \/>\n<meta property=\"og:title\" content=\"BRRS Rechtsanw\u00e4lte unsere Dienstleistungen\" \/>\n<meta property=\"og:description\" content=\"BRRS Rechtsanw\u00e4lte bieten umfangreiche Dienstleistungen in verschiedenen Rechtsbereichen an. Insolvenzrecht, Zivilrecht, Arbeitsrecht, Gesellschaftsrecht und mehr. Individuelle L\u00f6sungen f\u00fcr Ihre rechtlichen Bed\u00fcrfnisse.\" \/>\n<meta property=\"og:url\" content=\"https:\/\/www.brrs-rechtsanwaelte.de\/de\/leistungen\/\" \/>\n<meta property=\"og:site_name\" content=\"BRRS Rechtsanw\u00e4lte \u2013 Insolvenzverwaltung \/ Restrukturierung\" \/>\n<meta property=\"article:modified_time\" content=\"2023-05-08T11:58:16+00:00\" \/>\n<meta property=\"og:image\" content=\"https:\/\/www.brrs-rechtsanwaelte.de\/wp-content\/uploads\/2020\/11\/karriere-header-05.jpg\" \/>\n\t<meta property=\"og:image:width\" content=\"2560\" \/>\n\t<meta property=\"og:image:height\" content=\"1356\" \/>\n\t<meta property=\"og:image:type\" content=\"image\/jpeg\" \/>\n<meta name=\"twitter:card\" content=\"summary_large_image\" \/>\n<meta name=\"twitter:label1\" content=\"Gesch\u00e4tzte Lesezeit\" \/>\n\t<meta name=\"twitter:data1\" content=\"1\u00a0Minute\" \/>\n<!-- \/ Yoast SEO plugin. -->","yoast_head_json":{"title":"BRRS Rechtsanw\u00e4lte unsere Dienstleistungen","description":"BRRS Rechtsanw\u00e4lte bieten umfangreiche Dienstleistungen in verschiedenen Rechtsbereichen an. Insolvenzrecht, Zivilrecht, Arbeitsrecht, Gesellschaftsrecht und mehr. Individuelle L\u00f6sungen f\u00fcr Ihre rechtlichen Bed\u00fcrfnisse.","robots":{"index":"index","follow":"follow","max-snippet":"max-snippet:-1","max-image-preview":"max-image-preview:large","max-video-preview":"max-video-preview:-1"},"canonical":"https:\/\/www.brrs-rechtsanwaelte.de\/de\/leistungen\/","og_locale":"de_DE","og_type":"article","og_title":"BRRS Rechtsanw\u00e4lte unsere Dienstleistungen","og_description":"BRRS Rechtsanw\u00e4lte bieten umfangreiche Dienstleistungen in verschiedenen Rechtsbereichen an. Insolvenzrecht, Zivilrecht, Arbeitsrecht, Gesellschaftsrecht und mehr. Individuelle L\u00f6sungen f\u00fcr Ihre rechtlichen Bed\u00fcrfnisse.","og_url":"https:\/\/www.brrs-rechtsanwaelte.de\/de\/leistungen\/","og_site_name":"BRRS Rechtsanw\u00e4lte \u2013 Insolvenzverwaltung \/ Restrukturierung","article_modified_time":"2023-05-08T11:58:16+00:00","og_image":[{"width":2560,"height":1356,"url":"https:\/\/www.brrs-rechtsanwaelte.de\/wp-content\/uploads\/2020\/11\/karriere-header-05.jpg","type":"image\/jpeg"}],"twitter_card":"summary_large_image","twitter_misc":{"Gesch\u00e4tzte Lesezeit":"1\u00a0Minute"},"schema":{"@context":"https:\/\/schema.org","@graph":[{"@type":"WebPage","@id":"https:\/\/www.brrs-rechtsanwaelte.de\/de\/leistungen\/","url":"https:\/\/www.brrs-rechtsanwaelte.de\/de\/leistungen\/","name":"BRRS Rechtsanw\u00e4lte unsere Dienstleistungen","isPartOf":{"@id":"https:\/\/www.brrs-rechtsanwaelte.de\/de\/#website"},"primaryImageOfPage":{"@id":"https:\/\/www.brrs-rechtsanwaelte.de\/de\/leistungen\/#primaryimage"},"image":{"@id":"https:\/\/www.brrs-rechtsanwaelte.de\/de\/leistungen\/#primaryimage"},"thumbnailUrl":"https:\/\/www.brrs-rechtsanwaelte.de\/wp-content\/uploads\/2020\/11\/karriere-header-05.jpg","datePublished":"2018-02-13T16:34:43+00:00","dateModified":"2023-05-08T11:58:16+00:00","description":"BRRS Rechtsanw\u00e4lte bieten umfangreiche Dienstleistungen in verschiedenen Rechtsbereichen an. Insolvenzrecht, Zivilrecht, Arbeitsrecht, Gesellschaftsrecht und mehr. Individuelle L\u00f6sungen f\u00fcr Ihre rechtlichen Bed\u00fcrfnisse.","breadcrumb":{"@id":"https:\/\/www.brrs-rechtsanwaelte.de\/de\/leistungen\/#breadcrumb"},"inLanguage":"de","potentialAction":[{"@type":"ReadAction","target":["https:\/\/www.brrs-rechtsanwaelte.de\/de\/leistungen\/"]}]},{"@type":"ImageObject","inLanguage":"de","@id":"https:\/\/www.brrs-rechtsanwaelte.de\/de\/leistungen\/#primaryimage","url":"https:\/\/www.brrs-rechtsanwaelte.de\/wp-content\/uploads\/2020\/11\/karriere-header-05.jpg","contentUrl":"https:\/\/www.brrs-rechtsanwaelte.de\/wp-content\/uploads\/2020\/11\/karriere-header-05.jpg","width":2560,"height":1356},{"@type":"BreadcrumbList","@id":"https:\/\/www.brrs-rechtsanwaelte.de\/de\/leistungen\/#breadcrumb","itemListElement":[{"@type":"ListItem","position":1,"name":"Startseite","item":"https:\/\/www.brrs-rechtsanwaelte.de\/de\/"},{"@type":"ListItem","position":2,"name":"Leistungen"}]},{"@type":"WebSite","@id":"https:\/\/www.brrs-rechtsanwaelte.de\/de\/#website","url":"https:\/\/www.brrs-rechtsanwaelte.de\/de\/","name":"BRRS Rechtsanw\u00e4lte \u2013 Insolvenzverwaltung \/ Restrukturierung","description":"von BRRS Rechtsanw\u00e4lte","publisher":{"@id":"https:\/\/www.brrs-rechtsanwaelte.de\/de\/#organization"},"potentialAction":[{"@type":"SearchAction","target":{"@type":"EntryPoint","urlTemplate":"https:\/\/www.brrs-rechtsanwaelte.de\/de\/?s={search_term_string}"},"query-input":{"@type":"PropertyValueSpecification","valueRequired":true,"valueName":"search_term_string"}}],"inLanguage":"de"},{"@type":"Organization","@id":"https:\/\/www.brrs-rechtsanwaelte.de\/de\/#organization","name":"BRRS Rechtsanw\u00e4lte","url":"https:\/\/www.brrs-rechtsanwaelte.de\/de\/","logo":{"@type":"ImageObject","inLanguage":"de","@id":"https:\/\/www.brrs-rechtsanwaelte.de\/de\/#\/schema\/logo\/image\/","url":"https:\/\/www.brrs-rechtsanwaelte.de\/wp-content\/uploads\/2021\/07\/logo-brrs.png","contentUrl":"https:\/\/www.brrs-rechtsanwaelte.de\/wp-content\/uploads\/2021\/07\/logo-brrs.png","width":474,"height":174,"caption":"BRRS Rechtsanw\u00e4lte"},"image":{"@id":"https:\/\/www.brrs-rechtsanwaelte.de\/de\/#\/schema\/logo\/image\/"}}]}},"_links":{"self":[{"href":"https:\/\/www.brrs-rechtsanwaelte.de\/de\/wp-json\/wp\/v2\/pages\/6373","targetHints":{"allow":["GET"]}}],"collection":[{"href":"https:\/\/www.brrs-rechtsanwaelte.de\/de\/wp-json\/wp\/v2\/pages"}],"about":[{"href":"https:\/\/www.brrs-rechtsanwaelte.de\/de\/wp-json\/wp\/v2\/types\/page"}],"author":[{"embeddable":true,"href":"https:\/\/www.brrs-rechtsanwaelte.de\/de\/wp-json\/wp\/v2\/users\/2"}],"replies":[{"embeddable":true,"href":"https:\/\/www.brrs-rechtsanwaelte.de\/de\/wp-json\/wp\/v2\/comments?post=6373"}],"version-history":[{"count":26,"href":"https:\/\/www.brrs-rechtsanwaelte.de\/de\/wp-json\/wp\/v2\/pages\/6373\/revisions"}],"predecessor-version":[{"id":10875,"href":"https:\/\/www.brrs-rechtsanwaelte.de\/de\/wp-json\/wp\/v2\/pages\/6373\/revisions\/10875"}],"wp:featuredmedia":[{"embeddable":true,"href":"https:\/\/www.brrs-rechtsanwaelte.de\/de\/wp-json\/wp\/v2\/media\/9466"}],"wp:attachment":[{"href":"https:\/\/www.brrs-rechtsanwaelte.de\/de\/wp-json\/wp\/v2\/media?parent=6373"}],"wp:term":[{"taxonomy":"category","embeddable":true,"href":"https:\/\/www.brrs-rechtsanwaelte.de\/de\/wp-json\/wp\/v2\/categories?post=6373"},{"taxonomy":"post_tag","embeddable":true,"href":"https:\/\/www.brrs-rechtsanwaelte.de\/de\/wp-json\/wp\/v2\/tags?post=6373"}],"curies":[{"name":"wp","href":"https:\/\/api.w.org\/{rel}","templated":true}]}}