{"id":6174,"date":"2018-02-09T14:06:10","date_gmt":"2018-02-09T13:06:10","guid":{"rendered":"https:\/\/www.brrs-rechtsanwaelte.de\/wordpress\/?page_id=6174"},"modified":"2025-03-17T17:21:16","modified_gmt":"2025-03-17T16:21:16","slug":"nils-eggers","status":"publish","type":"page","link":"https:\/\/www.brrs-rechtsanwaelte.de\/de\/team\/nils-eggers\/","title":{"rendered":"Nils Eggers"},"content":{"rendered":"<section class=\"l-section wpb_row height_huge with_slider\"><div class=\"l-section-slider\"><div class=\"w-slider style_none fit_cover nav_none count_3\"><div class=\"w-slider-h\" aria-hidden=\"true\"><div class=\"royalSlider\"><div class=\"rsContent\"><a class=\"rsImg\" data-rsw=\"2560\" data-rsh=\"996\" href=\"https:\/\/www.brrs-rechtsanwaelte.de\/wp-content\/uploads\/2020\/09\/Standort-HH-Slider-rosenkranz02-scaled.jpg\"><span data-alt=\"\"><\/span><\/a><\/div><div class=\"rsContent\"><a class=\"rsImg\" data-rsw=\"2560\" data-rsh=\"996\" href=\"https:\/\/www.brrs-rechtsanwaelte.de\/wp-content\/uploads\/2020\/09\/Standort-Slider-RD02-scaled.jpg\"><span data-alt=\"\"><\/span><\/a><\/div><div class=\"rsContent\"><a class=\"rsImg\" data-rsw=\"2560\" data-rsh=\"996\" href=\"https:\/\/www.brrs-rechtsanwaelte.de\/wp-content\/uploads\/2020\/09\/Standort-Slider-RD01-scaled.jpg\"><span data-alt=\"\"><\/span><\/a><\/div><\/div><img decoding=\"async\" src=\"https:\/\/www.brrs-rechtsanwaelte.de\/wp-content\/uploads\/2020\/09\/Standort-HH-Slider-rosenkranz02-scaled.jpg\" width=\"2560\" height=\"996\" alt loading=\"lazy\"><\/div><div class=\"w-slider-json\" onclick='return {&quot;autoScaleSlider&quot;:true,&quot;addActiveClass&quot;:true,&quot;loop&quot;:true,&quot;fadeInLoadedSlide&quot;:false,&quot;slidesSpacing&quot;:0,&quot;imageScalePadding&quot;:0,&quot;numImagesToPreload&quot;:2,&quot;arrowsNav&quot;:false,&quot;arrowsNavAutoHide&quot;:false,&quot;transitionType&quot;:&quot;move&quot;,&quot;transitionSpeed&quot;:1000,&quot;block&quot;:{&quot;moveEffect&quot;:&quot;none&quot;,&quot;speed&quot;:300},&quot;thumbs&quot;:{&quot;fitInViewport&quot;:false,&quot;firstMargin&quot;:false,&quot;spacing&quot;:4},&quot;controlNavigation&quot;:&quot;none&quot;,&quot;autoplay&quot;:{&quot;enabled&quot;:true,&quot;pauseOnHover&quot;:false,&quot;delay&quot;:3000},&quot;autoScaleSliderWidth&quot;:2560,&quot;autoScaleSliderHeight&quot;:996}'><\/div><\/div><\/div><div class=\"l-section-overlay\" style=\"background:var(--color-header-transparent-bg)\"><\/div><div class=\"l-section-h i-cf\"><div class=\"g-cols vc_row via_flex valign_top type_default stacking_default\"><div class=\"vc_col-sm-12 wpb_column vc_column_container\"><div class=\"vc_column-inner\"><div class=\"wpb_wrapper\"><div class=\"w-separator size_large\"><\/div><div class=\"w-separator size_large\"><\/div><\/div><\/div><\/div><\/div><\/div><\/section><section class=\"l-section wpb_row height_large color_alternate\" id=\"Vita\"><div class=\"l-section-overlay\" style=\"background:#e8e8e8\"><\/div><div class=\"l-section-h i-cf\"><div class=\"g-cols vc_row via_flex valign_top type_default stacking_default\"><div class=\"vc_col-sm-6 wpb_column vc_column_container us_animate_fade\"><div class=\"vc_column-inner\"><div class=\"wpb_wrapper\"><div class=\"w-post-elm post_custom_field type_text vita_links color_link_inherit\"><h3>Ausbildung und beruflicher Werdegang<\/h3>\n<p>Studium der Rechtswissenschaften, Kiel<\/p>\n<h3>1989<\/h3>\n<p>1. juristisches Staatsexamen, Schleswig<\/p>\n<h3>1990-1993<\/h3>\n<p>Referendart\u00e4tigkeit in Hamburg, Mecklenburg-Vorpommern, Niedersachsen, Schleswig-Holstein<\/p>\n<h3>1993<\/h3>\n<p>2. juristisches Staatsexamen, Hamburg<\/p>\n<h3>1993 \u2013 2015<\/h3>\n<p>angestellter Rechtsanwalt bei Henningsmeier Rechtsanw\u00e4lte<\/p>\n<\/div><\/div><\/div><\/div><div class=\"vc_col-sm-6 wpb_column vc_column_container us_animate_fade\"><div class=\"vc_column-inner\"><div class=\"wpb_wrapper\"><div class=\"w-post-elm post_custom_field type_text vita_rechts color_link_inherit\"><h3>2015 \u2013 2017<\/h3>\n<p>Partner bei Henningsmeier Rechtsanw\u00e4lte<\/p>\n<h3>seit 2018<\/h3>\n<p>Partner bei BRRS Rechtsanw\u00e4lte<\/p>\n<h3>Mitgliedschaft<\/h3>\n<p>VID Verband Insolvenzverwalter und Sachwalter Deutschlands e.V.<\/p>\n<h3>T\u00e4tigkeitsschwerpunkte<\/h3>\n<p>Insolvenzrecht, Immobilienrecht<\/p>\n<h3>Branchen<\/h3>\n<div class=\"\">Landwirtschaft<\/div>\n<div class=\"\">Insolvenz in der Selbstst\u00e4ndigkeit<\/div>\n<div class=\"\">Privatinsolvenzen<\/div>\n<h3>Fremdsprachen<\/h3>\n<p>Englisch<\/p>\n<\/div><\/div><\/div><\/div><\/div><\/div><\/section><section class=\"l-section wpb_row us_custom_3c1222cc height_auto\" id=\"Referenzverfahren\"><div class=\"l-section-overlay\" style=\"background:rgba(16,117,137,0.60)\"><\/div><div class=\"l-section-h i-cf\"><div class=\"g-cols vc_row via_flex valign_top type_default stacking_default\"><div class=\"vc_col-sm-12 wpb_column vc_column_container\"><div class=\"vc_column-inner\"><div class=\"wpb_wrapper\"><div class=\"w-separator size_small\"><\/div><div class=\"wpb_text_column us_custom_6df4bc3a has_text_color\"><div class=\"wpb_wrapper\"><h2>Referenzverfahren<br \/>\nvon Nils Eggers<\/h2>\n<\/div><\/div><div class=\"w-grid us_grid type_grid layout_8367 cols_3 preload_style_spinner with_css_animation ratio_1x1\" id=\"us_grid_1\" style=\"--columns:3;--gap:1rem;--item-ratio:1;\" data-filterable=\"true\"><style>@media (max-width:1024px){#us_grid_1{--columns:2!important}}@media (max-width:600px){#us_grid_1{--columns:1!important}}.layout_8367 .w-grid-item-h{}.layout_8367 .usg_post_image_1{transition-duration:0.3s;transform-origin:50% 50%;transform:scale(1) translate(0%,0%)}.layout_8367 .w-grid-item-h:focus-within .usg_post_image_1,.layout_8367 .w-grid-item-h:hover .usg_post_image_1{transform:scale(1.20) translate(0%,0%);opacity:1}.layout_8367 .usg_post_image_1{height:100%!important;position:absolute!important}.layout_8367 .usg_vwrapper_1{background:linear-gradient(transparent,rgba(30,30,30,0.8))!important;position:absolute!important;right:0!important;bottom:0!important;left:0!important;padding:5rem 8% 1.5rem 8%!important}.layout_8367 .usg_post_title_2{color:#ffffff!important;font-size:26px!important;line-height:30px!important;font-weight:700!important;margin-bottom:0.3rem!important}.layout_8367 .usg_post_custom_field_1{color:#f5f5f5!important;font-size:22px!important;line-height:22px!important;margin-top:-3px!important;margin-bottom:6px!important;padding-top:-3px!important;padding-bottom:6px!important}.layout_8367 .usg_post_custom_field_2{color:#ffffff!important;font-size:22px!important;line-height:22px!important;margin-top:-3px!important;margin-bottom:6px!important;padding-top:-3px!important;padding-bottom:6px!important}.layout_8367 .usg_post_custom_field_3{color:#f5f5f5!important;font-size:22px!important;line-height:22px!important;margin-top:-3px!important;margin-bottom:6px!important;padding-top:-3px!important;padding-bottom:6px!important}@media (min-width:1025px) and (max-width:1280px){.layout_8367 .usg_post_title_2{color:#ffffff!important;font-size:26px!important;line-height:30px!important;font-weight:700!important}}@media (min-width:601px) and (max-width:1024px){.layout_8367 .usg_post_title_2{color:#ffffff!important;font-size:26px!important;line-height:30px!important;font-weight:700!important}.layout_8367 .usg_post_custom_field_1{color:#f5f5f5!important;font-size:20px!important;line-height:20px!important}.layout_8367 .usg_post_custom_field_2{color:#f5f5f5!important;font-size:20px!important;line-height:20px!important}.layout_8367 .usg_post_custom_field_3{color:#f5f5f5!important;font-size:20px!important;line-height:20px!important}}@media (max-width:600px){.layout_8367 .usg_post_title_2{color:#ffffff!important;font-size:1rem!important;font-family:Akkurat Bold!important}.layout_8367 .usg_post_custom_field_1{color:#f5f5f5!important;font-size:18px!important;line-height:18px!important}.layout_8367 .usg_post_custom_field_2{color:#f5f5f5!important;font-size:18px!important;line-height:18px!important}.layout_8367 .usg_post_custom_field_3{color:#f5f5f5!important;font-size:18px!important;line-height:18px!important}}<\/style><div class=\"w-grid-list\">\t<article class=\"w-grid-item us_animate_fade size_1x1 post-8469 us_portfolio type-us_portfolio status-publish has-post-thumbnail hentry us_portfolio_category-nils-eggers us_portfolio_tag-sonstige\" data-id=\"8469\" style=\"animation-delay:0s\">\r\n\t\t<div class=\"w-grid-item-h\">\r\n\t\t\t\t\t\t<div class=\"w-post-elm post_image usg_post_image_1 has_height has_ratio\"><a href=\"https:\/\/www.brrs-rechtsanwaelte.de\/de\/referenzen\/insolvenz-in-der-selbststaendigkeit\/\" aria-label=\"Insolvenz in der Selbstst\u00e4ndigkeit\"><img loading=\"lazy\" decoding=\"async\" width=\"1024\" height=\"773\" src=\"https:\/\/www.brrs-rechtsanwaelte.de\/wp-content\/uploads\/2020\/09\/referenz-selbststaendigkeit-1024x773.jpg\" class=\"attachment-large size-large wp-post-image\" alt=\"\" \/><\/a><div style=\"padding-bottom:100%\"><\/div><\/div><div class=\"w-vwrapper usg_vwrapper_1 align_left valign_bottom\"><h2 class=\"w-post-elm post_title usg_post_title_2 has_text_color entry-title color_link_inherit\"><a href=\"https:\/\/www.brrs-rechtsanwaelte.de\/de\/referenzen\/insolvenz-in-der-selbststaendigkeit\/\">Insolvenz in der Selbstst\u00e4ndigkeit<\/a><\/h2><p class=\"w-post-elm post_custom_field usg_post_custom_field_1 has_text_color type_text status color_link_inherit\"><span class=\"w-post-elm-before\">Verfahren: <\/span><span class=\"w-post-elm-value\">Regelinsolvenzverfahren<\/span><\/p><p class=\"w-post-elm post_custom_field usg_post_custom_field_3 has_text_color type_text branche color_link_inherit\"><span class=\"w-post-elm-before\">Branche: <\/span><span class=\"w-post-elm-value\">Selbstst\u00e4ndigkeit<\/span><\/p><p class=\"w-post-elm post_custom_field usg_post_custom_field_2 has_text_color type_text verwalter color_link_inherit\"><span class=\"w-post-elm-before\">Verwalter: <\/span><span class=\"w-post-elm-value\">Nils Eggers<\/span><\/p><\/div>\t\t<\/div>\r\n\t\t\t<\/article>\r\n\t<article class=\"w-grid-item us_animate_fade size_1x1 post-8467 us_portfolio type-us_portfolio status-publish has-post-thumbnail hentry us_portfolio_category-nils-eggers us_portfolio_tag-landwirtschaft\" data-id=\"8467\" style=\"animation-delay:0.1s\">\r\n\t\t<div class=\"w-grid-item-h\">\r\n\t\t\t\t\t\t<div class=\"w-post-elm post_image usg_post_image_1 has_height has_ratio\"><a href=\"https:\/\/www.brrs-rechtsanwaelte.de\/de\/referenzen\/aussergewoehnliche-einigung-in-der-landwirtschaft\/\" aria-label=\"Au\u00dfergew\u00f6hnliche Einigung in der Landwirtschaft\"><img loading=\"lazy\" decoding=\"async\" width=\"1024\" height=\"773\" src=\"https:\/\/www.brrs-rechtsanwaelte.de\/wp-content\/uploads\/2020\/09\/referenz-landwirtschaft-1024x773.jpg\" class=\"attachment-large size-large wp-post-image\" alt=\"\" \/><\/a><div style=\"padding-bottom:100%\"><\/div><\/div><div class=\"w-vwrapper usg_vwrapper_1 align_left valign_bottom\"><h2 class=\"w-post-elm post_title usg_post_title_2 has_text_color entry-title color_link_inherit\"><a href=\"https:\/\/www.brrs-rechtsanwaelte.de\/de\/referenzen\/aussergewoehnliche-einigung-in-der-landwirtschaft\/\">Au\u00dfergew\u00f6hnliche Einigung in der Landwirtschaft<\/a><\/h2><p class=\"w-post-elm post_custom_field usg_post_custom_field_1 has_text_color type_text status color_link_inherit\"><span class=\"w-post-elm-before\">Verfahren: <\/span><span class=\"w-post-elm-value\">Regelinsolvenzverfahren<\/span><\/p><p class=\"w-post-elm post_custom_field usg_post_custom_field_3 has_text_color type_text branche color_link_inherit\"><span class=\"w-post-elm-before\">Branche: <\/span><span class=\"w-post-elm-value\">Landwirtschaft<\/span><\/p><p class=\"w-post-elm post_custom_field usg_post_custom_field_2 has_text_color type_text verwalter color_link_inherit\"><span class=\"w-post-elm-before\">Verwalter: <\/span><span class=\"w-post-elm-value\">Nils Eggers<\/span><\/p><\/div>\t\t<\/div>\r\n\t\t\t<\/article>\r\n<\/div>\t<div class=\"w-grid-preloader\">\r\n\t\t<div class=\"g-preloader type_1\">\r\n\t\t\t<div><\/div>\r\n\t\t<\/div>\r\n\t<\/div>\r\n\t\t<div class=\"w-grid-json hidden\" onclick='return {&quot;action&quot;:&quot;us_ajax_grid&quot;,&quot;infinite_scroll&quot;:0,&quot;max_num_pages&quot;:1,&quot;pagination&quot;:&quot;none&quot;,&quot;template_vars&quot;:{&quot;columns&quot;:&quot;3&quot;,&quot;exclude_items&quot;:&quot;none&quot;,&quot;img_size&quot;:&quot;default&quot;,&quot;ignore_items_size&quot;:0,&quot;items_layout&quot;:&quot;8367&quot;,&quot;items_offset&quot;:&quot;1&quot;,&quot;load_animation&quot;:&quot;fade&quot;,&quot;overriding_link&quot;:&quot;{\\&quot;url\\&quot;:\\&quot;\\&quot;}&quot;,&quot;post_id&quot;:0,&quot;query_args&quot;:{&quot;post_type&quot;:[&quot;us_portfolio&quot;],&quot;tax_query&quot;:[{&quot;taxonomy&quot;:&quot;us_portfolio_category&quot;,&quot;field&quot;:&quot;slug&quot;,&quot;terms&quot;:[&quot;ribnitz-damgarten&quot;,&quot;nils-eggers&quot;]}],&quot;post_status&quot;:[&quot;publish&quot;,&quot;acf-disabled&quot;],&quot;posts_per_page&quot;:&quot;3&quot;},&quot;orderby_query_args&quot;:{&quot;orderby&quot;:{&quot;date&quot;:&quot;DESC&quot;}},&quot;type&quot;:&quot;grid&quot;,&quot;us_grid_post_type&quot;:&quot;us_portfolio&quot;,&quot;us_grid_ajax_index&quot;:1,&quot;us_grid_filter_query_string&quot;:null,&quot;us_grid_index&quot;:1,&quot;page_args&quot;:[]}}'><\/div>\r\n\t<\/div><div class=\"w-separator size_medium\"><\/div><\/div><\/div><\/div><\/div><\/div><\/section>\n","protected":false},"excerpt":{"rendered":"Ausgangssituation Ein Landwirt hat Steuerschulden beim Finanzamt und offene Posten bei der Krankenkasse, die schlie\u00dflich auch den Insolvenzantrag stellt. Der Landwirt kooperiert zun\u00e4chst nicht mit dem Insolvenzverwalter. Das Insolvenzverfahren In Insolvenzen gibt es h\u00e4ufig eine Phase der Verweigerung und des Negierens vonseiten der Schuldner. Aufgabe des Insolvenzverwalters ist es, sich ein m\u00f6glichst klares Bild von...","protected":false},"author":2,"featured_media":8275,"parent":1194,"menu_order":2,"comment_status":"closed","ping_status":"closed","template":"","meta":{"_acf_changed":false,"footnotes":""},"categories":[35],"tags":[],"class_list":["post-6174","page","type-page","status-publish","has-post-thumbnail","hentry","category-ribnitz-damgarten"],"acf":[],"yoast_head":"<!-- This site is optimized with the Yoast SEO plugin v27.4 - https:\/\/yoast.com\/product\/yoast-seo-wordpress\/ -->\n<title>Nils Eggers \u2013 Rechtsanwalt, Partner \u2013 BRRS Ribnitz-Damgarten<\/title>\n<meta name=\"description\" content=\"Nils Eggers ist Rechtsanwalt und Partner f\u00fcr BRRS in Ribnitz-Damgarten. Er ber\u00e4t in Fragen des Insolvenz- und Sanierungsrechts.\" \/>\n<meta name=\"robots\" content=\"index, follow, max-snippet:-1, max-image-preview:large, max-video-preview:-1\" \/>\n<link rel=\"canonical\" href=\"https:\/\/www.brrs-rechtsanwaelte.de\/de\/team\/nils-eggers\/\" \/>\n<meta property=\"og:locale\" content=\"de_DE\" \/>\n<meta property=\"og:type\" content=\"article\" \/>\n<meta property=\"og:title\" content=\"Nils Eggers \u2013 Rechtsanwalt, Partner \u2013 BRRS Ribnitz-Damgarten\" \/>\n<meta property=\"og:description\" content=\"Nils Eggers ist Rechtsanwalt und Partner f\u00fcr BRRS in Ribnitz-Damgarten. Er ber\u00e4t in Fragen des Insolvenz- und Sanierungsrechts.\" \/>\n<meta property=\"og:url\" content=\"https:\/\/www.brrs-rechtsanwaelte.de\/de\/team\/nils-eggers\/\" \/>\n<meta property=\"og:site_name\" content=\"BRRS Rechtsanw\u00e4lte \u2013 Insolvenzverwaltung \/ Restrukturierung\" \/>\n<meta property=\"article:modified_time\" content=\"2025-03-17T16:21:16+00:00\" \/>\n<meta property=\"og:image\" content=\"https:\/\/www.brrs-rechtsanwaelte.de\/wp-content\/uploads\/2020\/09\/nils-eggers-3-2.jpg\" \/>\n\t<meta property=\"og:image:width\" content=\"1200\" \/>\n\t<meta property=\"og:image:height\" content=\"800\" \/>\n\t<meta property=\"og:image:type\" content=\"image\/jpeg\" \/>\n<meta name=\"twitter:card\" content=\"summary_large_image\" \/>\n<meta name=\"twitter:label1\" content=\"Gesch\u00e4tzte Lesezeit\" \/>\n\t<meta name=\"twitter:data1\" content=\"1\u00a0Minute\" \/>\n<!-- \/ Yoast SEO plugin. -->","yoast_head_json":{"title":"Nils Eggers \u2013 Rechtsanwalt, Partner \u2013 BRRS Ribnitz-Damgarten","description":"Nils Eggers ist Rechtsanwalt und Partner f\u00fcr BRRS in Ribnitz-Damgarten. Er ber\u00e4t in Fragen des Insolvenz- und Sanierungsrechts.","robots":{"index":"index","follow":"follow","max-snippet":"max-snippet:-1","max-image-preview":"max-image-preview:large","max-video-preview":"max-video-preview:-1"},"canonical":"https:\/\/www.brrs-rechtsanwaelte.de\/de\/team\/nils-eggers\/","og_locale":"de_DE","og_type":"article","og_title":"Nils Eggers \u2013 Rechtsanwalt, Partner \u2013 BRRS Ribnitz-Damgarten","og_description":"Nils Eggers ist Rechtsanwalt und Partner f\u00fcr BRRS in Ribnitz-Damgarten. Er ber\u00e4t in Fragen des Insolvenz- und Sanierungsrechts.","og_url":"https:\/\/www.brrs-rechtsanwaelte.de\/de\/team\/nils-eggers\/","og_site_name":"BRRS Rechtsanw\u00e4lte \u2013 Insolvenzverwaltung \/ Restrukturierung","article_modified_time":"2025-03-17T16:21:16+00:00","og_image":[{"width":1200,"height":800,"url":"https:\/\/www.brrs-rechtsanwaelte.de\/wp-content\/uploads\/2020\/09\/nils-eggers-3-2.jpg","type":"image\/jpeg"}],"twitter_card":"summary_large_image","twitter_misc":{"Gesch\u00e4tzte Lesezeit":"1\u00a0Minute"},"schema":{"@context":"https:\/\/schema.org","@graph":[{"@type":"WebPage","@id":"https:\/\/www.brrs-rechtsanwaelte.de\/de\/team\/nils-eggers\/","url":"https:\/\/www.brrs-rechtsanwaelte.de\/de\/team\/nils-eggers\/","name":"Nils Eggers \u2013 Rechtsanwalt, Partner \u2013 BRRS Ribnitz-Damgarten","isPartOf":{"@id":"https:\/\/www.brrs-rechtsanwaelte.de\/de\/#website"},"primaryImageOfPage":{"@id":"https:\/\/www.brrs-rechtsanwaelte.de\/de\/team\/nils-eggers\/#primaryimage"},"image":{"@id":"https:\/\/www.brrs-rechtsanwaelte.de\/de\/team\/nils-eggers\/#primaryimage"},"thumbnailUrl":"https:\/\/www.brrs-rechtsanwaelte.de\/wp-content\/uploads\/2020\/09\/nils-eggers-3-2.jpg","datePublished":"2018-02-09T13:06:10+00:00","dateModified":"2025-03-17T16:21:16+00:00","description":"Nils Eggers ist Rechtsanwalt und Partner f\u00fcr BRRS in Ribnitz-Damgarten. Er ber\u00e4t in Fragen des Insolvenz- und Sanierungsrechts.","breadcrumb":{"@id":"https:\/\/www.brrs-rechtsanwaelte.de\/de\/team\/nils-eggers\/#breadcrumb"},"inLanguage":"de","potentialAction":[{"@type":"ReadAction","target":["https:\/\/www.brrs-rechtsanwaelte.de\/de\/team\/nils-eggers\/"]}]},{"@type":"ImageObject","inLanguage":"de","@id":"https:\/\/www.brrs-rechtsanwaelte.de\/de\/team\/nils-eggers\/#primaryimage","url":"https:\/\/www.brrs-rechtsanwaelte.de\/wp-content\/uploads\/2020\/09\/nils-eggers-3-2.jpg","contentUrl":"https:\/\/www.brrs-rechtsanwaelte.de\/wp-content\/uploads\/2020\/09\/nils-eggers-3-2.jpg","width":1200,"height":800,"caption":"Nils Eggers \u2013 Rechtsanwalt, Partner \u2013 BRRS Ribnitz-Damgarten"},{"@type":"BreadcrumbList","@id":"https:\/\/www.brrs-rechtsanwaelte.de\/de\/team\/nils-eggers\/#breadcrumb","itemListElement":[{"@type":"ListItem","position":1,"name":"Startseite","item":"https:\/\/www.brrs-rechtsanwaelte.de\/de\/"},{"@type":"ListItem","position":2,"name":"Team","item":"https:\/\/www.brrs-rechtsanwaelte.de\/de\/team\/"},{"@type":"ListItem","position":3,"name":"Nils Eggers"}]},{"@type":"WebSite","@id":"https:\/\/www.brrs-rechtsanwaelte.de\/de\/#website","url":"https:\/\/www.brrs-rechtsanwaelte.de\/de\/","name":"BRRS Rechtsanw\u00e4lte \u2013 Insolvenzverwaltung \/ Restrukturierung","description":"von BRRS Rechtsanw\u00e4lte","publisher":{"@id":"https:\/\/www.brrs-rechtsanwaelte.de\/de\/#organization"},"potentialAction":[{"@type":"SearchAction","target":{"@type":"EntryPoint","urlTemplate":"https:\/\/www.brrs-rechtsanwaelte.de\/de\/?s={search_term_string}"},"query-input":{"@type":"PropertyValueSpecification","valueRequired":true,"valueName":"search_term_string"}}],"inLanguage":"de"},{"@type":"Organization","@id":"https:\/\/www.brrs-rechtsanwaelte.de\/de\/#organization","name":"BRRS Rechtsanw\u00e4lte","url":"https:\/\/www.brrs-rechtsanwaelte.de\/de\/","logo":{"@type":"ImageObject","inLanguage":"de","@id":"https:\/\/www.brrs-rechtsanwaelte.de\/de\/#\/schema\/logo\/image\/","url":"https:\/\/www.brrs-rechtsanwaelte.de\/wp-content\/uploads\/2021\/07\/logo-brrs.png","contentUrl":"https:\/\/www.brrs-rechtsanwaelte.de\/wp-content\/uploads\/2021\/07\/logo-brrs.png","width":474,"height":174,"caption":"BRRS Rechtsanw\u00e4lte"},"image":{"@id":"https:\/\/www.brrs-rechtsanwaelte.de\/de\/#\/schema\/logo\/image\/"}}]}},"_links":{"self":[{"href":"https:\/\/www.brrs-rechtsanwaelte.de\/de\/wp-json\/wp\/v2\/pages\/6174","targetHints":{"allow":["GET"]}}],"collection":[{"href":"https:\/\/www.brrs-rechtsanwaelte.de\/de\/wp-json\/wp\/v2\/pages"}],"about":[{"href":"https:\/\/www.brrs-rechtsanwaelte.de\/de\/wp-json\/wp\/v2\/types\/page"}],"author":[{"embeddable":true,"href":"https:\/\/www.brrs-rechtsanwaelte.de\/de\/wp-json\/wp\/v2\/users\/2"}],"replies":[{"embeddable":true,"href":"https:\/\/www.brrs-rechtsanwaelte.de\/de\/wp-json\/wp\/v2\/comments?post=6174"}],"version-history":[{"count":53,"href":"https:\/\/www.brrs-rechtsanwaelte.de\/de\/wp-json\/wp\/v2\/pages\/6174\/revisions"}],"predecessor-version":[{"id":15131,"href":"https:\/\/www.brrs-rechtsanwaelte.de\/de\/wp-json\/wp\/v2\/pages\/6174\/revisions\/15131"}],"up":[{"embeddable":true,"href":"https:\/\/www.brrs-rechtsanwaelte.de\/de\/wp-json\/wp\/v2\/pages\/1194"}],"wp:featuredmedia":[{"embeddable":true,"href":"https:\/\/www.brrs-rechtsanwaelte.de\/de\/wp-json\/wp\/v2\/media\/8275"}],"wp:attachment":[{"href":"https:\/\/www.brrs-rechtsanwaelte.de\/de\/wp-json\/wp\/v2\/media?parent=6174"}],"wp:term":[{"taxonomy":"category","embeddable":true,"href":"https:\/\/www.brrs-rechtsanwaelte.de\/de\/wp-json\/wp\/v2\/categories?post=6174"},{"taxonomy":"post_tag","embeddable":true,"href":"https:\/\/www.brrs-rechtsanwaelte.de\/de\/wp-json\/wp\/v2\/tags?post=6174"}],"curies":[{"name":"wp","href":"https:\/\/api.w.org\/{rel}","templated":true}]}}