{"id":15301,"date":"2025-09-02T11:25:12","date_gmt":"2025-09-02T09:25:12","guid":{"rendered":"https:\/\/www.brrs-rechtsanwaelte.de\/?page_id=15301"},"modified":"2025-09-02T15:35:11","modified_gmt":"2025-09-02T13:35:11","slug":"maximilian-waldmann","status":"publish","type":"page","link":"https:\/\/www.brrs-rechtsanwaelte.de\/de\/team\/maximilian-waldmann\/","title":{"rendered":"Maximilian Waldmann"},"content":{"rendered":"<section class=\"l-section wpb_row height_auto width_full\"><div class=\"l-section-overlay\" style=\"background:var(--color-header-transparent-bg)\"><\/div><div class=\"l-section-h i-cf\"><div class=\"g-cols vc_row via_flex valign_top type_default stacking_default\"><div class=\"vc_col-sm-12 wpb_column vc_column_container\"><div class=\"vc_column-inner\"><div class=\"wpb_wrapper\"><section class=\"l-section wpb_row height_huge color_primary with_slider\" id=\"Team\"><div class=\"l-section-slider\"><div class=\"w-slider style_none fit_cover nav_none count_6\"><div class=\"w-slider-h\" aria-hidden=\"true\"><div class=\"royalSlider\"><div class=\"rsContent\"><a class=\"rsImg\" data-rsw=\"2560\" data-rsh=\"996\" href=\"https:\/\/www.brrs-rechtsanwaelte.de\/wp-content\/uploads\/2020\/10\/Standort-E-Slider-schlegel07-scaled.jpg\"><span data-alt=\"\"><\/span><\/a><\/div><div class=\"rsContent\"><a class=\"rsImg\" data-rsw=\"2560\" data-rsh=\"996\" href=\"https:\/\/www.brrs-rechtsanwaelte.de\/wp-content\/uploads\/2024\/11\/slider-bonn.jpg\"><span data-alt=\"\"><\/span><\/a><\/div><div class=\"rsContent\"><a class=\"rsImg\" data-rsw=\"2560\" data-rsh=\"996\" href=\"https:\/\/www.brrs-rechtsanwaelte.de\/wp-content\/uploads\/2020\/09\/Standort-E-Slider-schlegel05-scaled.jpg\"><span data-alt=\"\"><\/span><\/a><\/div><div class=\"rsContent\"><a class=\"rsImg\" data-rsw=\"2560\" data-rsh=\"996\" href=\"https:\/\/www.brrs-rechtsanwaelte.de\/wp-content\/uploads\/2020\/09\/Standort-E-Slider-schlegel02-scaled.jpg\"><span data-alt=\"Dr. Stephan Schlegel \u2013 Rechtsanwalt, Notar \u2013 BRRS Eschborn\"><\/span><\/a><\/div><div class=\"rsContent\"><a class=\"rsImg\" data-rsw=\"2560\" data-rsh=\"996\" href=\"https:\/\/www.brrs-rechtsanwaelte.de\/wp-content\/uploads\/2020\/09\/Standort-E-Slider-schlegel03-scaled.jpg\"><span data-alt=\"Dr. Stephan Schlegel \u2013 Rechtsanwalt, Notar \u2013 BRRS Eschborn\"><\/span><\/a><\/div><div class=\"rsContent\"><a class=\"rsImg\" data-rsw=\"2560\" data-rsh=\"996\" href=\"https:\/\/www.brrs-rechtsanwaelte.de\/wp-content\/uploads\/2020\/09\/Standort-E-Slider-schlegel06-scaled.jpg\"><span data-alt=\"\"><\/span><\/a><\/div><\/div><img decoding=\"async\" src=\"https:\/\/www.brrs-rechtsanwaelte.de\/wp-content\/uploads\/2020\/10\/Standort-E-Slider-schlegel07-scaled.jpg\" width=\"2560\" height=\"996\" alt loading=\"lazy\"><\/div><div class=\"w-slider-json\" onclick='return {&quot;autoScaleSlider&quot;:true,&quot;addActiveClass&quot;:true,&quot;loop&quot;:true,&quot;fadeInLoadedSlide&quot;:false,&quot;slidesSpacing&quot;:0,&quot;imageScalePadding&quot;:0,&quot;numImagesToPreload&quot;:2,&quot;arrowsNav&quot;:false,&quot;arrowsNavAutoHide&quot;:false,&quot;transitionType&quot;:&quot;move&quot;,&quot;transitionSpeed&quot;:800,&quot;block&quot;:{&quot;moveEffect&quot;:&quot;none&quot;,&quot;speed&quot;:300},&quot;thumbs&quot;:{&quot;fitInViewport&quot;:false,&quot;firstMargin&quot;:false,&quot;spacing&quot;:4},&quot;controlNavigation&quot;:&quot;none&quot;,&quot;autoplay&quot;:{&quot;enabled&quot;:true,&quot;pauseOnHover&quot;:false,&quot;delay&quot;:3000},&quot;autoScaleSliderWidth&quot;:2560,&quot;autoScaleSliderHeight&quot;:996}'><\/div><\/div><\/div><div class=\"l-section-overlay\" style=\"background:linear-gradient(180deg,rgba(51,51,51,0.00),rgba(0,0,0,0.35))\"><\/div><div class=\"l-section-h i-cf\"><div class=\"g-cols vc_row via_flex valign_bottom type_default stacking_default\"><div class=\"vc_col-sm-12 wpb_column vc_column_container\"><div class=\"vc_column-inner\"><div class=\"wpb_wrapper\"><div class=\"w-separator size_large\"><\/div><div class=\"w-separator size_large\"><\/div><div class=\"wpb_text_column us_custom_ad8e5574 has_text_color\"><div class=\"wpb_wrapper\"><h2>Wir am Standort<br \/>\nBonn<\/h2>\n<\/div><\/div><\/div><\/div><\/div><\/div><\/div><\/section>\n<\/div><\/div><\/div><\/div><\/div><\/section>\n","protected":false},"excerpt":{"rendered":"Wir am Standort Bonn","protected":false},"author":2,"featured_media":15310,"parent":1194,"menu_order":0,"comment_status":"closed","ping_status":"closed","template":"","meta":{"_acf_changed":false,"footnotes":""},"categories":[141],"tags":[],"class_list":["post-15301","page","type-page","status-publish","has-post-thumbnail","hentry","category-bonn"],"acf":[],"yoast_head":"<!-- This site is optimized with the Yoast SEO plugin v27.4 - https:\/\/yoast.com\/product\/yoast-seo-wordpress\/ -->\n<title>Maximilian Waldmann - Rechtsanwalt - BRRS Standort Bonn<\/title>\n<meta name=\"description\" content=\"Maximilian Waldmann verst\u00e4rkt BRRS seit 2025 als Rechtsanwalt f\u00fcr Insolvenz- und Gesellschaftsrecht mit strukturierter, l\u00f6sungsorientierter Arbeitsweise.\" \/>\n<meta name=\"robots\" content=\"index, follow, max-snippet:-1, max-image-preview:large, max-video-preview:-1\" \/>\n<link rel=\"canonical\" href=\"https:\/\/www.brrs-rechtsanwaelte.de\/de\/team\/maximilian-waldmann\/\" \/>\n<meta property=\"og:locale\" content=\"de_DE\" \/>\n<meta property=\"og:type\" content=\"article\" \/>\n<meta property=\"og:title\" content=\"Maximilian Waldmann - Rechtsanwalt - BRRS Standort Bonn\" \/>\n<meta property=\"og:description\" content=\"Maximilian Waldmann verst\u00e4rkt BRRS seit 2025 als Rechtsanwalt f\u00fcr Insolvenz- und Gesellschaftsrecht mit strukturierter, l\u00f6sungsorientierter Arbeitsweise.\" \/>\n<meta property=\"og:url\" content=\"https:\/\/www.brrs-rechtsanwaelte.de\/de\/team\/maximilian-waldmann\/\" \/>\n<meta property=\"og:site_name\" content=\"BRRS Rechtsanw\u00e4lte \u2013 Insolvenzverwaltung \/ Restrukturierung\" \/>\n<meta property=\"article:modified_time\" content=\"2025-09-02T13:35:11+00:00\" \/>\n<meta property=\"og:image\" content=\"https:\/\/www.brrs-rechtsanwaelte.de\/wp-content\/uploads\/2025\/09\/maximilian-waldmann-3-2-1.jpg\" \/>\n\t<meta property=\"og:image:width\" content=\"1200\" \/>\n\t<meta property=\"og:image:height\" content=\"800\" \/>\n\t<meta property=\"og:image:type\" content=\"image\/jpeg\" \/>\n<meta name=\"twitter:card\" content=\"summary_large_image\" \/>\n<meta name=\"twitter:label1\" content=\"Gesch\u00e4tzte Lesezeit\" \/>\n\t<meta name=\"twitter:data1\" content=\"1\u00a0Minute\" \/>\n<!-- \/ Yoast SEO plugin. -->","yoast_head_json":{"title":"Maximilian Waldmann - Rechtsanwalt - BRRS Standort Bonn","description":"Maximilian Waldmann verst\u00e4rkt BRRS seit 2025 als Rechtsanwalt f\u00fcr Insolvenz- und Gesellschaftsrecht mit strukturierter, l\u00f6sungsorientierter Arbeitsweise.","robots":{"index":"index","follow":"follow","max-snippet":"max-snippet:-1","max-image-preview":"max-image-preview:large","max-video-preview":"max-video-preview:-1"},"canonical":"https:\/\/www.brrs-rechtsanwaelte.de\/de\/team\/maximilian-waldmann\/","og_locale":"de_DE","og_type":"article","og_title":"Maximilian Waldmann - Rechtsanwalt - BRRS Standort Bonn","og_description":"Maximilian Waldmann verst\u00e4rkt BRRS seit 2025 als Rechtsanwalt f\u00fcr Insolvenz- und Gesellschaftsrecht mit strukturierter, l\u00f6sungsorientierter Arbeitsweise.","og_url":"https:\/\/www.brrs-rechtsanwaelte.de\/de\/team\/maximilian-waldmann\/","og_site_name":"BRRS Rechtsanw\u00e4lte \u2013 Insolvenzverwaltung \/ Restrukturierung","article_modified_time":"2025-09-02T13:35:11+00:00","og_image":[{"width":1200,"height":800,"url":"https:\/\/www.brrs-rechtsanwaelte.de\/wp-content\/uploads\/2025\/09\/maximilian-waldmann-3-2-1.jpg","type":"image\/jpeg"}],"twitter_card":"summary_large_image","twitter_misc":{"Gesch\u00e4tzte Lesezeit":"1\u00a0Minute"},"schema":{"@context":"https:\/\/schema.org","@graph":[{"@type":"WebPage","@id":"https:\/\/www.brrs-rechtsanwaelte.de\/de\/team\/maximilian-waldmann\/","url":"https:\/\/www.brrs-rechtsanwaelte.de\/de\/team\/maximilian-waldmann\/","name":"Maximilian Waldmann - Rechtsanwalt - BRRS Standort Bonn","isPartOf":{"@id":"https:\/\/www.brrs-rechtsanwaelte.de\/de\/#website"},"primaryImageOfPage":{"@id":"https:\/\/www.brrs-rechtsanwaelte.de\/de\/team\/maximilian-waldmann\/#primaryimage"},"image":{"@id":"https:\/\/www.brrs-rechtsanwaelte.de\/de\/team\/maximilian-waldmann\/#primaryimage"},"thumbnailUrl":"https:\/\/www.brrs-rechtsanwaelte.de\/wp-content\/uploads\/2025\/09\/maximilian-waldmann-3-2-1.jpg","datePublished":"2025-09-02T09:25:12+00:00","dateModified":"2025-09-02T13:35:11+00:00","description":"Maximilian Waldmann verst\u00e4rkt BRRS seit 2025 als Rechtsanwalt f\u00fcr Insolvenz- und Gesellschaftsrecht mit strukturierter, l\u00f6sungsorientierter Arbeitsweise.","breadcrumb":{"@id":"https:\/\/www.brrs-rechtsanwaelte.de\/de\/team\/maximilian-waldmann\/#breadcrumb"},"inLanguage":"de","potentialAction":[{"@type":"ReadAction","target":["https:\/\/www.brrs-rechtsanwaelte.de\/de\/team\/maximilian-waldmann\/"]}]},{"@type":"ImageObject","inLanguage":"de","@id":"https:\/\/www.brrs-rechtsanwaelte.de\/de\/team\/maximilian-waldmann\/#primaryimage","url":"https:\/\/www.brrs-rechtsanwaelte.de\/wp-content\/uploads\/2025\/09\/maximilian-waldmann-3-2-1.jpg","contentUrl":"https:\/\/www.brrs-rechtsanwaelte.de\/wp-content\/uploads\/2025\/09\/maximilian-waldmann-3-2-1.jpg","width":1200,"height":800},{"@type":"BreadcrumbList","@id":"https:\/\/www.brrs-rechtsanwaelte.de\/de\/team\/maximilian-waldmann\/#breadcrumb","itemListElement":[{"@type":"ListItem","position":1,"name":"Startseite","item":"https:\/\/www.brrs-rechtsanwaelte.de\/de\/"},{"@type":"ListItem","position":2,"name":"Team","item":"https:\/\/www.brrs-rechtsanwaelte.de\/de\/team\/"},{"@type":"ListItem","position":3,"name":"Maximilian Waldmann"}]},{"@type":"WebSite","@id":"https:\/\/www.brrs-rechtsanwaelte.de\/de\/#website","url":"https:\/\/www.brrs-rechtsanwaelte.de\/de\/","name":"BRRS Rechtsanw\u00e4lte \u2013 Insolvenzverwaltung \/ Restrukturierung","description":"von BRRS Rechtsanw\u00e4lte","publisher":{"@id":"https:\/\/www.brrs-rechtsanwaelte.de\/de\/#organization"},"potentialAction":[{"@type":"SearchAction","target":{"@type":"EntryPoint","urlTemplate":"https:\/\/www.brrs-rechtsanwaelte.de\/de\/?s={search_term_string}"},"query-input":{"@type":"PropertyValueSpecification","valueRequired":true,"valueName":"search_term_string"}}],"inLanguage":"de"},{"@type":"Organization","@id":"https:\/\/www.brrs-rechtsanwaelte.de\/de\/#organization","name":"BRRS Rechtsanw\u00e4lte","url":"https:\/\/www.brrs-rechtsanwaelte.de\/de\/","logo":{"@type":"ImageObject","inLanguage":"de","@id":"https:\/\/www.brrs-rechtsanwaelte.de\/de\/#\/schema\/logo\/image\/","url":"https:\/\/www.brrs-rechtsanwaelte.de\/wp-content\/uploads\/2021\/07\/logo-brrs.png","contentUrl":"https:\/\/www.brrs-rechtsanwaelte.de\/wp-content\/uploads\/2021\/07\/logo-brrs.png","width":474,"height":174,"caption":"BRRS Rechtsanw\u00e4lte"},"image":{"@id":"https:\/\/www.brrs-rechtsanwaelte.de\/de\/#\/schema\/logo\/image\/"}}]}},"_links":{"self":[{"href":"https:\/\/www.brrs-rechtsanwaelte.de\/de\/wp-json\/wp\/v2\/pages\/15301","targetHints":{"allow":["GET"]}}],"collection":[{"href":"https:\/\/www.brrs-rechtsanwaelte.de\/de\/wp-json\/wp\/v2\/pages"}],"about":[{"href":"https:\/\/www.brrs-rechtsanwaelte.de\/de\/wp-json\/wp\/v2\/types\/page"}],"author":[{"embeddable":true,"href":"https:\/\/www.brrs-rechtsanwaelte.de\/de\/wp-json\/wp\/v2\/users\/2"}],"replies":[{"embeddable":true,"href":"https:\/\/www.brrs-rechtsanwaelte.de\/de\/wp-json\/wp\/v2\/comments?post=15301"}],"version-history":[{"count":6,"href":"https:\/\/www.brrs-rechtsanwaelte.de\/de\/wp-json\/wp\/v2\/pages\/15301\/revisions"}],"predecessor-version":[{"id":15330,"href":"https:\/\/www.brrs-rechtsanwaelte.de\/de\/wp-json\/wp\/v2\/pages\/15301\/revisions\/15330"}],"up":[{"embeddable":true,"href":"https:\/\/www.brrs-rechtsanwaelte.de\/de\/wp-json\/wp\/v2\/pages\/1194"}],"wp:featuredmedia":[{"embeddable":true,"href":"https:\/\/www.brrs-rechtsanwaelte.de\/de\/wp-json\/wp\/v2\/media\/15310"}],"wp:attachment":[{"href":"https:\/\/www.brrs-rechtsanwaelte.de\/de\/wp-json\/wp\/v2\/media?parent=15301"}],"wp:term":[{"taxonomy":"category","embeddable":true,"href":"https:\/\/www.brrs-rechtsanwaelte.de\/de\/wp-json\/wp\/v2\/categories?post=15301"},{"taxonomy":"post_tag","embeddable":true,"href":"https:\/\/www.brrs-rechtsanwaelte.de\/de\/wp-json\/wp\/v2\/tags?post=15301"}],"curies":[{"name":"wp","href":"https:\/\/api.w.org\/{rel}","templated":true}]}}