{"id":10651,"date":"2021-05-19T15:24:05","date_gmt":"2021-05-19T13:24:05","guid":{"rendered":"https:\/\/www.brrs-rechtsanwaelte.de\/?page_id=10651"},"modified":"2024-10-30T10:58:59","modified_gmt":"2024-10-30T09:58:59","slug":"insolvenzanfechtungsrecht","status":"publish","type":"page","link":"https:\/\/www.brrs-rechtsanwaelte.de\/de\/leistungen\/insolvenzanfechtungsrecht\/","title":{"rendered":"Insolvenz&shy;anfechtungsrecht"},"content":{"rendered":"<section class=\"l-section wpb_row us_custom_6df83199 height_medium color_primary with_img\"><div class=\"l-section-img\" role=\"img\" aria-label=\"Bild\" data-img-width=\"2560\" data-img-height=\"1708\" style=\"background-image: url(https:\/\/www.brrs-rechtsanwaelte.de\/wp-content\/uploads\/2021\/05\/insolvenzanfechtungsrechtr-1.jpg);background-repeat: no-repeat;\"><\/div><div class=\"l-section-overlay\" style=\"background:rgba(16,117,137,0.55)\"><\/div><div class=\"l-section-h i-cf\"><div class=\"g-cols vc_row via_flex valign_bottom type_default stacking_default\"><div class=\"vc_col-sm-12 wpb_column vc_column_container us_animate_fade\"><div class=\"vc_column-inner\"><div class=\"wpb_wrapper\"><div class=\"w-separator size_huge\"><\/div><h1 class=\"w-post-elm post_custom_field us_custom_d85ca867 type_text rechtsgebiete-titel color_link_inherit\"><span class=\"w-post-elm-value\">Insolvenz\u00ad\u00adanfechtungsrecht <\/span><\/h1><h2 class=\"w-post-elm post_custom_field us_custom_d39e4253 type_text rechtsgebiete-subline color_link_inherit\"><span class=\"w-post-elm-value\">Bedeutsam f\u00fcr gerechte Verteilung<\/span><\/h2><\/div><\/div><\/div><\/div><\/div><\/section>\n<section class=\"l-section wpb_row height_large color_alternate\" id=\"intro\"><div class=\"l-section-overlay\" style=\"background:#ffffff\"><\/div><div class=\"l-section-h i-cf\"><div class=\"g-cols vc_row via_flex valign_top type_default stacking_default\"><div class=\"vc_col-sm-12 vc_col-lg-offset-2 vc_col-lg-8 wpb_column vc_column_container\"><div class=\"vc_column-inner\"><div class=\"wpb_wrapper\"><div class=\"wpb_text_column\"><div class=\"wpb_wrapper\"><p>Insolvenzanfechtungsrecht ist der Weg, in der wirtschaftlichen Krise Verteilungsgerechtigkeit zu gew\u00e4hrleisten. Dieses komplexe Rechtsgebiet unterliegt einer dynamischen Ausformung durch die Rechtsprechung.<\/p>\n<h3>Anfechtungsrecht ist ein st\u00e4ndiges Politikum.<\/h3>\n<p>In den aktuellen Regelungen um die Corona-Pandemie und die insofern vom Gesetzgeber vorgesehenen Restriktionen der Anfechtungsm\u00f6glichkeiten spiegelt sich das Zeitgeschehen (\u00a7 2 Abs. 1 Nr. 4 COVIDInsAG).<\/p>\n<p>Gleiches gilt im Hinblick auf den mit dem Gesetz zur Fortentwicklung des Sanierungs- und Insolvenzrechts [SanInsFoG] vom 22.12.2020, BGBl I, 3256 ff. in Kraft getretenen \u00a7 96 Abs. 1 StaRUG (Unternehmensstabilisierungs- und -restrukturierungsG), der die Anfechtung nach \u00a7 133 InsO begrenzt.<\/p>\n<p>Die Durchsetzung und Abwehr von Anfechtungsanspr\u00fcchen setzt jeweils eine Analyse der Verh\u00e4ltnisse der Beteiligten voraus.<\/p>\n<p>Als Insolvenzverwalter besch\u00e4ftigen sich BRRS Rechtsanw\u00e4lte mit der Ermittlung und Geltendmachung von Anfechtungsanspr\u00fcchen und setzen diese im Interesse der Gl\u00e4ubigergesamtheit durch. In Beratungsmandaten geht es auch um die Abwehr von Anspr\u00fcchen aus Insolvenzanfechtungen.<\/p>\n<p>Wir loten laufend die M\u00f6glichkeiten des Anfechtungsrechtes in Beratung und forensischer T\u00e4tigkeit aus. Dies gilt auch f\u00fcr die Anfechtung nach dem AnfG. Unsere praktische Expertise dokumentiert sich in einer Vielzahl h\u00f6chstrichterlicher Entscheidungen.<\/p>\n<p>BRRS h\u00f6chstrichterliche Entscheidungen zur Insolvenzanfechtung:<\/p>\n<p><a href=\"https:\/\/www.brrs-rechtsanwaelte.de\/wp-content\/uploads\/2021\/05\/Homepage-BGH_IX_ZR_48-15_KORE301642017-bue.pdf\">BGH, Urteil vom 01. Juni 2017 \u2013 IX ZR 48\/15 \u2013, juris<\/a><\/p>\n<p><a href=\"https:\/\/www.brrs-rechtsanwaelte.de\/wp-content\/uploads\/2021\/05\/Homepage-BGH_IX_ZR_61-14_KORE300072016-bue.pdf\">BGH, Urteil vom 17. Dezember 2015 \u2013 IX ZR 61\/14 \u2013, juris<\/a><\/p>\n<p><a href=\"https:\/\/www.brrs-rechtsanwaelte.de\/wp-content\/uploads\/2021\/05\/Homepage-BGH_IX_ZR_93-11_KORE300032014-bue.pdf\">BGH, Urteil vom 05. Dezember 2013 \u2013 IX ZR 93\/11 \u2013, juris<\/a><\/p>\n<p><a href=\"https:\/\/www.brrs-rechtsanwaelte.de\/wp-content\/uploads\/2021\/05\/Homepage-BGH_IX_ZR_3-12_KORE305152013-bue.pdf\">BGH, Urteil vom 06. Dezember 2012 \u2013 IX ZR 3\/12 \u2013, juris<\/a><\/p>\n<p><a href=\"https:\/\/www.brrs-rechtsanwaelte.de\/wp-content\/uploads\/2021\/05\/Homepage-BGH_IX_ZR_74-11_KORE303432012-bue.pdf\">BGH, Urteil vom 26. April 2012 \u2013 IX ZR 74\/11 \u2013, BGHZ 193, 129-144<\/a><\/p>\n<p><a href=\"https:\/\/www.brrs-rechtsanwaelte.de\/wp-content\/uploads\/2021\/05\/Homepage-BGH_IX_ZR_102-11_JURE120006071-bue.pdf\">BGH, Beschluss vom 08. M\u00e4rz 2012 \u2013 IX ZR 102\/11 \u2013, juris<\/a><\/p>\n<p><a href=\"https:\/\/www.brrs-rechtsanwaelte.de\/wp-content\/uploads\/2021\/05\/Homepage-BGH_IX_ZR_70-08_JURE100068613-bue.pdf\">BGH, Urteil vom 01. Juli 2010 \u2013 IX ZR 70\/08 \u2013, juris<\/a><\/p>\n<p><a href=\"https:\/\/www.brrs-rechtsanwaelte.de\/wp-content\/uploads\/2021\/05\/Homepage-BGH_IX_ZR_228-03_KORE305482006-bue.pdf\">BGH, Urteil vom 12. Oktober 2006 \u2013 IX ZR 228\/03 \u2013, juris<\/a><\/p>\n<\/div><\/div><\/div><\/div><\/div><\/div><\/div><\/section>\n","protected":false},"excerpt":{"rendered":"Insolvenz\u00ad\u00adanfechtungsrecht Bedeutsam f\u00fcr gerechte Verteilung Insolvenzanfechtungsrecht ist der Weg, in der wirtschaftlichen Krise Verteilungsgerechtigkeit zu gew\u00e4hrleisten. Dieses komplexe Rechtsgebiet unterliegt einer dynamischen Ausformung durch die Rechtsprechung. Anfechtungsrecht ist ein st\u00e4ndiges Politikum. In den aktuellen Regelungen um die Corona-Pandemie und die insofern vom Gesetzgeber vorgesehenen Restriktionen der Anfechtungsm\u00f6glichkeiten spiegelt sich das Zeitgeschehen (\u00a7 2 Abs. 1...","protected":false},"author":2,"featured_media":10673,"parent":6373,"menu_order":0,"comment_status":"closed","ping_status":"closed","template":"","meta":{"_acf_changed":false,"footnotes":""},"categories":[],"tags":[],"class_list":["post-10651","page","type-page","status-publish","has-post-thumbnail","hentry"],"acf":[],"yoast_head":"<!-- This site is optimized with the Yoast SEO plugin v27.1.1 - https:\/\/yoast.com\/product\/yoast-seo-wordpress\/ -->\n<title>BRRS: Insolvenzanfechtungsrecht f\u00fcr gerechte Verteilung<\/title>\n<meta name=\"description\" content=\"Erfahren Sie, wie das Insolvenzanfechtungsrecht Verteilungsgerechtigkeit in Krisen sichert. Unsere BRRS Experten unterst\u00fctzen Sie dabei.\" \/>\n<meta name=\"robots\" content=\"index, follow, max-snippet:-1, max-image-preview:large, max-video-preview:-1\" \/>\n<link rel=\"canonical\" href=\"https:\/\/www.brrs-rechtsanwaelte.de\/de\/leistungen\/insolvenzanfechtungsrecht\/\" \/>\n<meta property=\"og:locale\" content=\"de_DE\" \/>\n<meta property=\"og:type\" content=\"article\" \/>\n<meta property=\"og:title\" content=\"BRRS: Insolvenzanfechtungsrecht f\u00fcr gerechte Verteilung\" \/>\n<meta property=\"og:description\" content=\"Erfahren Sie, wie das Insolvenzanfechtungsrecht Verteilungsgerechtigkeit in Krisen sichert. Unsere BRRS Experten unterst\u00fctzen Sie dabei.\" \/>\n<meta property=\"og:url\" content=\"https:\/\/www.brrs-rechtsanwaelte.de\/de\/leistungen\/insolvenzanfechtungsrecht\/\" \/>\n<meta property=\"og:site_name\" content=\"BRRS Rechtsanw\u00e4lte \u2013 Insolvenzverwaltung \/ Restrukturierung\" \/>\n<meta property=\"article:modified_time\" content=\"2024-10-30T09:58:59+00:00\" \/>\n<meta property=\"og:image\" content=\"https:\/\/www.brrs-rechtsanwaelte.de\/wp-content\/uploads\/2021\/05\/insolvenzanfechtungsrechtr-1.jpg\" \/>\n\t<meta property=\"og:image:width\" content=\"2560\" \/>\n\t<meta property=\"og:image:height\" content=\"1708\" \/>\n\t<meta property=\"og:image:type\" content=\"image\/jpeg\" \/>\n<meta name=\"twitter:card\" content=\"summary_large_image\" \/>\n<meta name=\"twitter:label1\" content=\"Gesch\u00e4tzte Lesezeit\" \/>\n\t<meta name=\"twitter:data1\" content=\"2\u00a0Minuten\" \/>\n<!-- \/ Yoast SEO plugin. -->","yoast_head_json":{"title":"BRRS: Insolvenzanfechtungsrecht f\u00fcr gerechte Verteilung","description":"Erfahren Sie, wie das Insolvenzanfechtungsrecht Verteilungsgerechtigkeit in Krisen sichert. Unsere BRRS Experten unterst\u00fctzen Sie dabei.","robots":{"index":"index","follow":"follow","max-snippet":"max-snippet:-1","max-image-preview":"max-image-preview:large","max-video-preview":"max-video-preview:-1"},"canonical":"https:\/\/www.brrs-rechtsanwaelte.de\/de\/leistungen\/insolvenzanfechtungsrecht\/","og_locale":"de_DE","og_type":"article","og_title":"BRRS: Insolvenzanfechtungsrecht f\u00fcr gerechte Verteilung","og_description":"Erfahren Sie, wie das Insolvenzanfechtungsrecht Verteilungsgerechtigkeit in Krisen sichert. Unsere BRRS Experten unterst\u00fctzen Sie dabei.","og_url":"https:\/\/www.brrs-rechtsanwaelte.de\/de\/leistungen\/insolvenzanfechtungsrecht\/","og_site_name":"BRRS Rechtsanw\u00e4lte \u2013 Insolvenzverwaltung \/ Restrukturierung","article_modified_time":"2024-10-30T09:58:59+00:00","og_image":[{"width":2560,"height":1708,"url":"https:\/\/www.brrs-rechtsanwaelte.de\/wp-content\/uploads\/2021\/05\/insolvenzanfechtungsrechtr-1.jpg","type":"image\/jpeg"}],"twitter_card":"summary_large_image","twitter_misc":{"Gesch\u00e4tzte Lesezeit":"2\u00a0Minuten"},"schema":{"@context":"https:\/\/schema.org","@graph":[{"@type":"WebPage","@id":"https:\/\/www.brrs-rechtsanwaelte.de\/de\/leistungen\/insolvenzanfechtungsrecht\/","url":"https:\/\/www.brrs-rechtsanwaelte.de\/de\/leistungen\/insolvenzanfechtungsrecht\/","name":"BRRS: Insolvenzanfechtungsrecht f\u00fcr gerechte Verteilung","isPartOf":{"@id":"https:\/\/www.brrs-rechtsanwaelte.de\/de\/#website"},"primaryImageOfPage":{"@id":"https:\/\/www.brrs-rechtsanwaelte.de\/de\/leistungen\/insolvenzanfechtungsrecht\/#primaryimage"},"image":{"@id":"https:\/\/www.brrs-rechtsanwaelte.de\/de\/leistungen\/insolvenzanfechtungsrecht\/#primaryimage"},"thumbnailUrl":"https:\/\/www.brrs-rechtsanwaelte.de\/wp-content\/uploads\/2021\/05\/insolvenzanfechtungsrechtr-1.jpg","datePublished":"2021-05-19T13:24:05+00:00","dateModified":"2024-10-30T09:58:59+00:00","description":"Erfahren Sie, wie das Insolvenzanfechtungsrecht Verteilungsgerechtigkeit in Krisen sichert. Unsere BRRS Experten unterst\u00fctzen Sie dabei.","breadcrumb":{"@id":"https:\/\/www.brrs-rechtsanwaelte.de\/de\/leistungen\/insolvenzanfechtungsrecht\/#breadcrumb"},"inLanguage":"de","potentialAction":[{"@type":"ReadAction","target":["https:\/\/www.brrs-rechtsanwaelte.de\/de\/leistungen\/insolvenzanfechtungsrecht\/"]}]},{"@type":"ImageObject","inLanguage":"de","@id":"https:\/\/www.brrs-rechtsanwaelte.de\/de\/leistungen\/insolvenzanfechtungsrecht\/#primaryimage","url":"https:\/\/www.brrs-rechtsanwaelte.de\/wp-content\/uploads\/2021\/05\/insolvenzanfechtungsrechtr-1.jpg","contentUrl":"https:\/\/www.brrs-rechtsanwaelte.de\/wp-content\/uploads\/2021\/05\/insolvenzanfechtungsrechtr-1.jpg","width":2560,"height":1708},{"@type":"BreadcrumbList","@id":"https:\/\/www.brrs-rechtsanwaelte.de\/de\/leistungen\/insolvenzanfechtungsrecht\/#breadcrumb","itemListElement":[{"@type":"ListItem","position":1,"name":"Startseite","item":"https:\/\/www.brrs-rechtsanwaelte.de\/de\/"},{"@type":"ListItem","position":2,"name":"Leistungen","item":"https:\/\/www.brrs-rechtsanwaelte.de\/de\/leistungen\/"},{"@type":"ListItem","position":3,"name":"Insolvenz&shy;anfechtungsrecht"}]},{"@type":"WebSite","@id":"https:\/\/www.brrs-rechtsanwaelte.de\/de\/#website","url":"https:\/\/www.brrs-rechtsanwaelte.de\/de\/","name":"BRRS Rechtsanw\u00e4lte \u2013 Insolvenzverwaltung \/ Restrukturierung","description":"von BRRS Rechtsanw\u00e4lte","publisher":{"@id":"https:\/\/www.brrs-rechtsanwaelte.de\/de\/#organization"},"potentialAction":[{"@type":"SearchAction","target":{"@type":"EntryPoint","urlTemplate":"https:\/\/www.brrs-rechtsanwaelte.de\/de\/?s={search_term_string}"},"query-input":{"@type":"PropertyValueSpecification","valueRequired":true,"valueName":"search_term_string"}}],"inLanguage":"de"},{"@type":"Organization","@id":"https:\/\/www.brrs-rechtsanwaelte.de\/de\/#organization","name":"BRRS Rechtsanw\u00e4lte","url":"https:\/\/www.brrs-rechtsanwaelte.de\/de\/","logo":{"@type":"ImageObject","inLanguage":"de","@id":"https:\/\/www.brrs-rechtsanwaelte.de\/de\/#\/schema\/logo\/image\/","url":"https:\/\/www.brrs-rechtsanwaelte.de\/wp-content\/uploads\/2021\/07\/logo-brrs.png","contentUrl":"https:\/\/www.brrs-rechtsanwaelte.de\/wp-content\/uploads\/2021\/07\/logo-brrs.png","width":474,"height":174,"caption":"BRRS Rechtsanw\u00e4lte"},"image":{"@id":"https:\/\/www.brrs-rechtsanwaelte.de\/de\/#\/schema\/logo\/image\/"}}]}},"_links":{"self":[{"href":"https:\/\/www.brrs-rechtsanwaelte.de\/de\/wp-json\/wp\/v2\/pages\/10651","targetHints":{"allow":["GET"]}}],"collection":[{"href":"https:\/\/www.brrs-rechtsanwaelte.de\/de\/wp-json\/wp\/v2\/pages"}],"about":[{"href":"https:\/\/www.brrs-rechtsanwaelte.de\/de\/wp-json\/wp\/v2\/types\/page"}],"author":[{"embeddable":true,"href":"https:\/\/www.brrs-rechtsanwaelte.de\/de\/wp-json\/wp\/v2\/users\/2"}],"replies":[{"embeddable":true,"href":"https:\/\/www.brrs-rechtsanwaelte.de\/de\/wp-json\/wp\/v2\/comments?post=10651"}],"version-history":[{"count":12,"href":"https:\/\/www.brrs-rechtsanwaelte.de\/de\/wp-json\/wp\/v2\/pages\/10651\/revisions"}],"predecessor-version":[{"id":11107,"href":"https:\/\/www.brrs-rechtsanwaelte.de\/de\/wp-json\/wp\/v2\/pages\/10651\/revisions\/11107"}],"up":[{"embeddable":true,"href":"https:\/\/www.brrs-rechtsanwaelte.de\/de\/wp-json\/wp\/v2\/pages\/6373"}],"wp:featuredmedia":[{"embeddable":true,"href":"https:\/\/www.brrs-rechtsanwaelte.de\/de\/wp-json\/wp\/v2\/media\/10673"}],"wp:attachment":[{"href":"https:\/\/www.brrs-rechtsanwaelte.de\/de\/wp-json\/wp\/v2\/media?parent=10651"}],"wp:term":[{"taxonomy":"category","embeddable":true,"href":"https:\/\/www.brrs-rechtsanwaelte.de\/de\/wp-json\/wp\/v2\/categories?post=10651"},{"taxonomy":"post_tag","embeddable":true,"href":"https:\/\/www.brrs-rechtsanwaelte.de\/de\/wp-json\/wp\/v2\/tags?post=10651"}],"curies":[{"name":"wp","href":"https:\/\/api.w.org\/{rel}","templated":true}]}}