{"id":10628,"date":"2021-05-14T16:54:19","date_gmt":"2021-05-14T14:54:19","guid":{"rendered":"https:\/\/www.brrs-rechtsanwaelte.de\/?page_id=10628"},"modified":"2025-03-07T11:49:30","modified_gmt":"2025-03-07T10:49:30","slug":"geschaeftsfuehrer-und-steuerberaterhaftung","status":"publish","type":"page","link":"https:\/\/www.brrs-rechtsanwaelte.de\/de\/leistungen\/geschaeftsfuehrer-und-steuerberaterhaftung\/","title":{"rendered":"Gesch\u00e4ftsf\u00fchrer- und Steuerberaterhaftung"},"content":{"rendered":"<section class=\"l-section wpb_row us_custom_6df83199 height_medium color_primary with_img\"><div class=\"l-section-img\" role=\"img\" aria-label=\"Bild\" data-img-width=\"2560\" data-img-height=\"1707\" style=\"background-image: url(https:\/\/www.brrs-rechtsanwaelte.de\/wp-content\/uploads\/2021\/05\/BRRS_24Aug2020_0011_prv-scaled.jpg);background-repeat: no-repeat;\"><\/div><div class=\"l-section-overlay\" style=\"background:rgba(16,117,137,0.55)\"><\/div><div class=\"l-section-h i-cf\"><div class=\"g-cols vc_row via_flex valign_bottom type_default stacking_default\"><div class=\"vc_col-sm-12 wpb_column vc_column_container us_animate_fade\"><div class=\"vc_column-inner\"><div class=\"wpb_wrapper\"><div class=\"w-separator size_huge\"><\/div><h1 class=\"w-post-elm post_custom_field us_custom_d85ca867 type_text rechtsgebiete-titel color_link_inherit\"><span class=\"w-post-elm-value\">Gesch\u00e4ftsf\u00fchrer- und Steuer&shy;berater&shy;haftung<\/span><\/h1><h2 class=\"w-post-elm post_custom_field us_custom_d39e4253 type_text rechtsgebiete-subline color_link_inherit\"><span class=\"w-post-elm-value\">Aktives Krisenmanagement zur Absicherung<\/span><\/h2><\/div><\/div><\/div><\/div><\/div><\/section>\n<section class=\"l-section wpb_row height_large color_alternate\" id=\"intro\"><div class=\"l-section-overlay\" style=\"background:#ffffff\"><\/div><div class=\"l-section-h i-cf\"><div class=\"g-cols vc_row via_flex valign_top type_default stacking_default\"><div class=\"vc_col-sm-12 vc_col-lg-offset-2 vc_col-lg-8 wpb_column vc_column_container\"><div class=\"vc_column-inner\"><div class=\"wpb_wrapper\"><div class=\"wpb_text_column\"><div class=\"wpb_wrapper\"><p>In bestimmten Krisensituation hat die Gesch\u00e4ftsleitung eines haftungsbeschr\u00e4nkten Unternehmenstr\u00e4gers das Recht und auch die Pflicht zur Stellung eines Insolvenzantrages. Wenn hier etwas schiefgeht, sind wir zur Stelle: entweder als Berater zur Abwehr solcher Anspr\u00fcche oder als Insolvenzverwalter, um diese geltend zu machen und durchzusetzen.<\/p>\n<p>Die bisherigen Regelungen zur Haftung der Gesch\u00e4ftsleiter waren un\u00fcbersichtlich und von Ausnahmen gepr\u00e4gt, welche die Rechtsprechung herausgebildet hatte. Seit dem 01. Januar 2021 ist die Regelung des \u00a7 15b InsO anwendbar. Zum einen werden Ausnahmen der Haftung abgeschafft\u00a0 \u2014 beispielsweise Zahlung von Arbeitnehmerbeitr\u00e4gen und Zahlungen an den Fiskus \u2014, zum anderen d\u00fcrfen bei rechtzeitiger Stellung des Insolvenzantrages noch Zahlungen im ordnungsgem\u00e4\u00dfen Gesch\u00e4ftsgang erfolgen.<\/p>\n<p>Flankiert wird die Regelung durch \u00a7\u00a7 1 und 102 StaRUG: Die Gesch\u00e4ftsleitung hat die Pflicht, Krisenfr\u00fcherkennung und Krisenmanagement zu betreiben, und die dort genannten Berater m\u00fcssen die Gesch\u00e4ftsleitung auf Insolvenzn\u00e4he hinweisen.<\/p>\n<p>Die in \u00a7 102 StaRUG formulierte Pflicht jedes Bilanzerstellers greift die Entscheidung des BGH vom 26. Januar 2017 (IX ZR 285\/14, BGHZ 213, 374 ff.) auf. Ein Versto\u00df des Bilanzerstellers kann Haftungsanspr\u00fcche ausl\u00f6sen.<\/p>\n<\/div><\/div><\/div><\/div><\/div><\/div><\/div><\/section>\n","protected":false},"excerpt":{"rendered":"Gesch\u00e4ftsf\u00fchrer- und Steuer&shy;berater&shy;haftungAktives Krisenmanagement zur Absicherung In bestimmten Krisensituation hat die Gesch\u00e4ftsleitung eines haftungsbeschr\u00e4nkten Unternehmenstr\u00e4gers das Recht und auch die Pflicht zur Stellung eines Insolvenzantrages. Wenn hier etwas schiefgeht, sind wir zur Stelle: entweder als Berater zur Abwehr solcher Anspr\u00fcche oder als Insolvenzverwalter, um diese geltend zu machen und durchzusetzen. Die bisherigen Regelungen zur Haftung...","protected":false},"author":2,"featured_media":10632,"parent":6373,"menu_order":0,"comment_status":"closed","ping_status":"closed","template":"","meta":{"_acf_changed":false,"footnotes":""},"categories":[],"tags":[],"class_list":["post-10628","page","type-page","status-publish","has-post-thumbnail","hentry"],"acf":[],"yoast_head":"<!-- This site is optimized with the Yoast SEO plugin v27.4 - https:\/\/yoast.com\/product\/yoast-seo-wordpress\/ -->\n<title>Gesch\u00e4ftsf\u00fchrer- und Steuerberaterhaftung - BRRS Rechtsanw\u00e4lte<\/title>\n<meta name=\"description\" content=\"Umfassende Beratung und Vertretung bei Gesch\u00e4ftsf\u00fchrer- und Steuerberaterhaftung. Risiken, Pflichtverletzungen und Verteidigungsstrategien. Vertrauen Sie auf die Expertise von BRRS Rechtsanw\u00e4lten.\" \/>\n<meta name=\"robots\" content=\"index, follow, max-snippet:-1, max-image-preview:large, max-video-preview:-1\" \/>\n<link rel=\"canonical\" href=\"https:\/\/www.brrs-rechtsanwaelte.de\/de\/leistungen\/geschaeftsfuehrer-und-steuerberaterhaftung\/\" \/>\n<meta property=\"og:locale\" content=\"de_DE\" \/>\n<meta property=\"og:type\" content=\"article\" \/>\n<meta property=\"og:title\" content=\"Gesch\u00e4ftsf\u00fchrer- und Steuerberaterhaftung - BRRS Rechtsanw\u00e4lte\" \/>\n<meta property=\"og:description\" content=\"Umfassende Beratung und Vertretung bei Gesch\u00e4ftsf\u00fchrer- und Steuerberaterhaftung. Risiken, Pflichtverletzungen und Verteidigungsstrategien. Vertrauen Sie auf die Expertise von BRRS Rechtsanw\u00e4lten.\" \/>\n<meta property=\"og:url\" content=\"https:\/\/www.brrs-rechtsanwaelte.de\/de\/leistungen\/geschaeftsfuehrer-und-steuerberaterhaftung\/\" \/>\n<meta property=\"og:site_name\" content=\"BRRS Rechtsanw\u00e4lte \u2013 Insolvenzverwaltung \/ Restrukturierung\" \/>\n<meta property=\"article:modified_time\" content=\"2025-03-07T10:49:30+00:00\" \/>\n<meta property=\"og:image\" content=\"https:\/\/www.brrs-rechtsanwaelte.de\/wp-content\/uploads\/2021\/05\/BRRS_24Aug2020_0011_prv-scaled.jpg\" \/>\n\t<meta property=\"og:image:width\" content=\"2560\" \/>\n\t<meta property=\"og:image:height\" content=\"1707\" \/>\n\t<meta property=\"og:image:type\" content=\"image\/jpeg\" \/>\n<meta name=\"twitter:card\" content=\"summary_large_image\" \/>\n<meta name=\"twitter:label1\" content=\"Gesch\u00e4tzte Lesezeit\" \/>\n\t<meta name=\"twitter:data1\" content=\"2\u00a0Minuten\" \/>\n<!-- \/ Yoast SEO plugin. -->","yoast_head_json":{"title":"Gesch\u00e4ftsf\u00fchrer- und Steuerberaterhaftung - BRRS Rechtsanw\u00e4lte","description":"Umfassende Beratung und Vertretung bei Gesch\u00e4ftsf\u00fchrer- und Steuerberaterhaftung. Risiken, Pflichtverletzungen und Verteidigungsstrategien. Vertrauen Sie auf die Expertise von BRRS Rechtsanw\u00e4lten.","robots":{"index":"index","follow":"follow","max-snippet":"max-snippet:-1","max-image-preview":"max-image-preview:large","max-video-preview":"max-video-preview:-1"},"canonical":"https:\/\/www.brrs-rechtsanwaelte.de\/de\/leistungen\/geschaeftsfuehrer-und-steuerberaterhaftung\/","og_locale":"de_DE","og_type":"article","og_title":"Gesch\u00e4ftsf\u00fchrer- und Steuerberaterhaftung - BRRS Rechtsanw\u00e4lte","og_description":"Umfassende Beratung und Vertretung bei Gesch\u00e4ftsf\u00fchrer- und Steuerberaterhaftung. Risiken, Pflichtverletzungen und Verteidigungsstrategien. Vertrauen Sie auf die Expertise von BRRS Rechtsanw\u00e4lten.","og_url":"https:\/\/www.brrs-rechtsanwaelte.de\/de\/leistungen\/geschaeftsfuehrer-und-steuerberaterhaftung\/","og_site_name":"BRRS Rechtsanw\u00e4lte \u2013 Insolvenzverwaltung \/ Restrukturierung","article_modified_time":"2025-03-07T10:49:30+00:00","og_image":[{"width":2560,"height":1707,"url":"https:\/\/www.brrs-rechtsanwaelte.de\/wp-content\/uploads\/2021\/05\/BRRS_24Aug2020_0011_prv-scaled.jpg","type":"image\/jpeg"}],"twitter_card":"summary_large_image","twitter_misc":{"Gesch\u00e4tzte Lesezeit":"2\u00a0Minuten"},"schema":{"@context":"https:\/\/schema.org","@graph":[{"@type":"WebPage","@id":"https:\/\/www.brrs-rechtsanwaelte.de\/de\/leistungen\/geschaeftsfuehrer-und-steuerberaterhaftung\/","url":"https:\/\/www.brrs-rechtsanwaelte.de\/de\/leistungen\/geschaeftsfuehrer-und-steuerberaterhaftung\/","name":"Gesch\u00e4ftsf\u00fchrer- und Steuerberaterhaftung - BRRS Rechtsanw\u00e4lte","isPartOf":{"@id":"https:\/\/www.brrs-rechtsanwaelte.de\/de\/#website"},"primaryImageOfPage":{"@id":"https:\/\/www.brrs-rechtsanwaelte.de\/de\/leistungen\/geschaeftsfuehrer-und-steuerberaterhaftung\/#primaryimage"},"image":{"@id":"https:\/\/www.brrs-rechtsanwaelte.de\/de\/leistungen\/geschaeftsfuehrer-und-steuerberaterhaftung\/#primaryimage"},"thumbnailUrl":"https:\/\/www.brrs-rechtsanwaelte.de\/wp-content\/uploads\/2021\/05\/BRRS_24Aug2020_0011_prv-scaled.jpg","datePublished":"2021-05-14T14:54:19+00:00","dateModified":"2025-03-07T10:49:30+00:00","description":"Umfassende Beratung und Vertretung bei Gesch\u00e4ftsf\u00fchrer- und Steuerberaterhaftung. Risiken, Pflichtverletzungen und Verteidigungsstrategien. Vertrauen Sie auf die Expertise von BRRS Rechtsanw\u00e4lten.","breadcrumb":{"@id":"https:\/\/www.brrs-rechtsanwaelte.de\/de\/leistungen\/geschaeftsfuehrer-und-steuerberaterhaftung\/#breadcrumb"},"inLanguage":"de","potentialAction":[{"@type":"ReadAction","target":["https:\/\/www.brrs-rechtsanwaelte.de\/de\/leistungen\/geschaeftsfuehrer-und-steuerberaterhaftung\/"]}]},{"@type":"ImageObject","inLanguage":"de","@id":"https:\/\/www.brrs-rechtsanwaelte.de\/de\/leistungen\/geschaeftsfuehrer-und-steuerberaterhaftung\/#primaryimage","url":"https:\/\/www.brrs-rechtsanwaelte.de\/wp-content\/uploads\/2021\/05\/BRRS_24Aug2020_0011_prv-scaled.jpg","contentUrl":"https:\/\/www.brrs-rechtsanwaelte.de\/wp-content\/uploads\/2021\/05\/BRRS_24Aug2020_0011_prv-scaled.jpg","width":2560,"height":1707},{"@type":"BreadcrumbList","@id":"https:\/\/www.brrs-rechtsanwaelte.de\/de\/leistungen\/geschaeftsfuehrer-und-steuerberaterhaftung\/#breadcrumb","itemListElement":[{"@type":"ListItem","position":1,"name":"Startseite","item":"https:\/\/www.brrs-rechtsanwaelte.de\/de\/"},{"@type":"ListItem","position":2,"name":"Leistungen","item":"https:\/\/www.brrs-rechtsanwaelte.de\/de\/leistungen\/"},{"@type":"ListItem","position":3,"name":"Gesch\u00e4ftsf\u00fchrer- und Steuerberaterhaftung"}]},{"@type":"WebSite","@id":"https:\/\/www.brrs-rechtsanwaelte.de\/de\/#website","url":"https:\/\/www.brrs-rechtsanwaelte.de\/de\/","name":"BRRS Rechtsanw\u00e4lte \u2013 Insolvenzverwaltung \/ Restrukturierung","description":"von BRRS Rechtsanw\u00e4lte","publisher":{"@id":"https:\/\/www.brrs-rechtsanwaelte.de\/de\/#organization"},"potentialAction":[{"@type":"SearchAction","target":{"@type":"EntryPoint","urlTemplate":"https:\/\/www.brrs-rechtsanwaelte.de\/de\/?s={search_term_string}"},"query-input":{"@type":"PropertyValueSpecification","valueRequired":true,"valueName":"search_term_string"}}],"inLanguage":"de"},{"@type":"Organization","@id":"https:\/\/www.brrs-rechtsanwaelte.de\/de\/#organization","name":"BRRS Rechtsanw\u00e4lte","url":"https:\/\/www.brrs-rechtsanwaelte.de\/de\/","logo":{"@type":"ImageObject","inLanguage":"de","@id":"https:\/\/www.brrs-rechtsanwaelte.de\/de\/#\/schema\/logo\/image\/","url":"https:\/\/www.brrs-rechtsanwaelte.de\/wp-content\/uploads\/2021\/07\/logo-brrs.png","contentUrl":"https:\/\/www.brrs-rechtsanwaelte.de\/wp-content\/uploads\/2021\/07\/logo-brrs.png","width":474,"height":174,"caption":"BRRS Rechtsanw\u00e4lte"},"image":{"@id":"https:\/\/www.brrs-rechtsanwaelte.de\/de\/#\/schema\/logo\/image\/"}}]}},"_links":{"self":[{"href":"https:\/\/www.brrs-rechtsanwaelte.de\/de\/wp-json\/wp\/v2\/pages\/10628","targetHints":{"allow":["GET"]}}],"collection":[{"href":"https:\/\/www.brrs-rechtsanwaelte.de\/de\/wp-json\/wp\/v2\/pages"}],"about":[{"href":"https:\/\/www.brrs-rechtsanwaelte.de\/de\/wp-json\/wp\/v2\/types\/page"}],"author":[{"embeddable":true,"href":"https:\/\/www.brrs-rechtsanwaelte.de\/de\/wp-json\/wp\/v2\/users\/2"}],"replies":[{"embeddable":true,"href":"https:\/\/www.brrs-rechtsanwaelte.de\/de\/wp-json\/wp\/v2\/comments?post=10628"}],"version-history":[{"count":15,"href":"https:\/\/www.brrs-rechtsanwaelte.de\/de\/wp-json\/wp\/v2\/pages\/10628\/revisions"}],"predecessor-version":[{"id":15056,"href":"https:\/\/www.brrs-rechtsanwaelte.de\/de\/wp-json\/wp\/v2\/pages\/10628\/revisions\/15056"}],"up":[{"embeddable":true,"href":"https:\/\/www.brrs-rechtsanwaelte.de\/de\/wp-json\/wp\/v2\/pages\/6373"}],"wp:featuredmedia":[{"embeddable":true,"href":"https:\/\/www.brrs-rechtsanwaelte.de\/de\/wp-json\/wp\/v2\/media\/10632"}],"wp:attachment":[{"href":"https:\/\/www.brrs-rechtsanwaelte.de\/de\/wp-json\/wp\/v2\/media?parent=10628"}],"wp:term":[{"taxonomy":"category","embeddable":true,"href":"https:\/\/www.brrs-rechtsanwaelte.de\/de\/wp-json\/wp\/v2\/categories?post=10628"},{"taxonomy":"post_tag","embeddable":true,"href":"https:\/\/www.brrs-rechtsanwaelte.de\/de\/wp-json\/wp\/v2\/tags?post=10628"}],"curies":[{"name":"wp","href":"https:\/\/api.w.org\/{rel}","templated":true}]}}